{"id":308,"date":"2025-12-20T13:47:33","date_gmt":"2025-12-20T13:47:33","guid":{"rendered":"https:\/\/www.mtmresin.com\/?page_id=308"},"modified":"2025-12-20T13:49:18","modified_gmt":"2025-12-20T13:49:18","slug":"vilkar-for-service","status":"publish","type":"page","link":"https:\/\/www.mtmresin.com\/da\/vilkar-for-service\/","title":{"rendered":"Vilk\u00e5r for service"},"content":{"rendered":"<div data-elementor-type=\"wp-page\" data-elementor-id=\"308\" class=\"elementor elementor-308\" data-elementor-post-type=\"page\">\n\t\t\t\t<div class=\"elementor-element elementor-element-35e5268 e-flex e-con-boxed e-con e-parent\" data-id=\"35e5268\" data-element_type=\"container\" data-e-type=\"container\">\n\t\t\t\t\t<div class=\"e-con-inner\">\n\t\t\t\t<div class=\"elementor-element elementor-element-4c2e6b3 elementor-widget elementor-widget-text-editor\" data-id=\"4c2e6b3\" data-element_type=\"widget\" data-e-type=\"widget\" data-widget_type=\"text-editor.default\">\n\t\t\t\t\t\t\t\t\t<h2>Vilk\u00e5r for service<\/h2>\n<p><em>Sidst opdateret: 07. december 2023<\/em><\/p>\n\n<p>Velkommen til hjemmesiden for MTM (Mold Trial Material). Ved at g\u00e5 ind p\u00e5 eller bruge vores hjemmeside p\u00e5 <a href=\"http:\/\/www.mtmresin.com\/da\/\" target=\"_blank\">www.mtmresin.com<\/a>, accepterer du at v\u00e6re bundet af f\u00f8lgende vilk\u00e5r og betingelser. Hvis du ikke accepterer disse vilk\u00e5r, skal du ikke bruge vores websted.<\/p>\n\n<hr>\n\n<h3>1. Brug af hjemmeside<\/h3>\n<p>Dette websted er beregnet til virksomheder og fagfolk, der s\u00f8ger st\u00f8tte til skimmelfors\u00f8gsmaterialer i Kina. Du accepterer kun at bruge webstedet til lovlige forretningsform\u00e5l og ikke til nogen aktivitet, der kan skade MTM, dets brugere eller relaterede tjenester.<\/p>\n\n<hr>\n\n<h3>2. N\u00f8jagtighed i information<\/h3>\n<p>Vi tilstr\u00e6ber at give n\u00f8jagtige og opdaterede oplysninger om tilg\u00e6ngeligheden af materiale til skimmelfors\u00f8g. Vi garanterer dog ikke fuldst\u00e6ndigheden, p\u00e5lideligheden eller n\u00f8jagtigheden af alt indhold. MTM forbeholder sig ret til at opdatere eller korrigere oplysninger til enhver tid uden varsel.<\/p>\n\n<hr>\n\n<h3>3. Intellektuel ejendom<\/h3>\n<p>Alle logoer, indhold, billeder og data, der vises p\u00e5 dette websted, tilh\u00f8rer MTM, medmindre andet er angivet. Du m\u00e5 ikke kopiere, \u00e6ndre, distribuere eller genbruge nogen del af dette websted uden forudg\u00e5ende skriftligt samtykke.<\/p>\n\n<hr>\n\n<h3>4. Begr\u00e6nsning af ansvar<\/h3>\n<p>MTM er ikke ansvarlig for direkte eller indirekte tab som f\u00f8lge af brug eller manglende evne til at bruge dette websted, herunder forsinkelser i skimmelfors\u00f8g p\u00e5 grund af materialets tilg\u00e6ngelighed eller webstedsoplysninger.<\/p>\n\n<hr>\n\n<h3>5. Eksterne links<\/h3>\n<p>Vores hjemmeside kan indeholde links til andre hjemmesider, som du kan bruge som reference. MTM er ikke ansvarlig for indhold eller praksis p\u00e5 tredjepartswebsteder.<\/p>\n\n<hr>\n\n<h3>6. Privatlivets fred<\/h3>\n<p>Din brug af dette websted er ogs\u00e5 underlagt vores <a href=\"\/da\/privatlivspolitik\/\" target=\"_blank\">Politik for beskyttelse af personlige oplysninger<\/a>. L\u00e6s den for at forst\u00e5, hvordan vi indsamler og bruger oplysninger.<\/p>\n\n<hr>\n\n<h3>7. Opdatering af vilk\u00e5r<\/h3>\n<p>MTM kan til enhver tid opdatere disse servicevilk\u00e5r. \u00c6ndringer tr\u00e6der i kraft, n\u00e5r de er offentliggjort p\u00e5 denne side. Det er dit ansvar at gennemg\u00e5 denne side med j\u00e6vne mellemrum.<\/p>\n\n<hr>\n\n<h3>8. Kontaktoplysninger<\/h3>\n<p>Hvis du har sp\u00f8rgsm\u00e5l til disse vilk\u00e5r, bedes du kontakte os:<\/p>\n<p><strong>E-mail:<\/strong> <a href=\"mailto:info@mtmresin.com\">info@mtmresin.com<\/a><br>\n<strong>Hjemmeside:<\/strong> <a href=\"http:\/\/www.mtmresin.com\/da\/\" target=\"_blank\">www.mtmresin.com<\/a><\/p>\t\t\t\t\t\t\t\t<\/div>\n\t\t\t\t\t<\/div>\n\t\t\t\t<\/div>\n\t\t\t\t<\/div>","protected":false},"excerpt":{"rendered":"<p>Servicevilk\u00e5r Sidst opdateret: December 07, 2023 Velkommen til hjemmesiden for MTM (Mold Trial Material). Ved at g\u00e5 ind p\u00e5 eller bruge vores hjemmeside p\u00e5 www.mtmresin.com accepterer du at v\u00e6re bundet af f\u00f8lgende vilk\u00e5r og betingelser. Hvis du ikke accepterer disse vilk\u00e5r, bedes du ikke bruge vores websted. 1. Brug af webstedet Dette websted er [...]<\/p>","protected":false},"author":1,"featured_media":0,"parent":0,"menu_order":0,"comment_status":"closed","ping_status":"closed","template":"","meta":{"_seopress_robots_primary_cat":"","_seopress_titles_title":"","_seopress_titles_desc":"","_seopress_robots_index":"","footnotes":""},"class_list":["post-308","page","type-page","status-publish","hentry"],"_links":{"self":[{"href":"https:\/\/www.mtmresin.com\/da\/wp-json\/wp\/v2\/pages\/308","targetHints":{"allow":["GET"]}}],"collection":[{"href":"https:\/\/www.mtmresin.com\/da\/wp-json\/wp\/v2\/pages"}],"about":[{"href":"https:\/\/www.mtmresin.com\/da\/wp-json\/wp\/v2\/types\/page"}],"author":[{"embeddable":true,"href":"https:\/\/www.mtmresin.com\/da\/wp-json\/wp\/v2\/users\/1"}],"replies":[{"embeddable":true,"href":"https:\/\/www.mtmresin.com\/da\/wp-json\/wp\/v2\/comments?post=308"}],"version-history":[{"count":4,"href":"https:\/\/www.mtmresin.com\/da\/wp-json\/wp\/v2\/pages\/308\/revisions"}],"predecessor-version":[{"id":312,"href":"https:\/\/www.mtmresin.com\/da\/wp-json\/wp\/v2\/pages\/308\/revisions\/312"}],"wp:attachment":[{"href":"https:\/\/www.mtmresin.com\/da\/wp-json\/wp\/v2\/media?parent=308"}],"curies":[{"name":"wp","href":"https:\/\/api.w.org\/{rel}","templated":true}]}}