{"id":313,"date":"2025-12-20T13:50:06","date_gmt":"2025-12-20T13:50:06","guid":{"rendered":"https:\/\/www.mtmresin.com\/?page_id=313"},"modified":"2025-12-20T13:51:42","modified_gmt":"2025-12-20T13:51:42","slug":"cookiepolitik","status":"publish","type":"page","link":"https:\/\/www.mtmresin.com\/da\/cookiepolitik\/","title":{"rendered":"Cookie-politik"},"content":{"rendered":"<div data-elementor-type=\"wp-page\" data-elementor-id=\"313\" class=\"elementor elementor-313\" data-elementor-post-type=\"page\">\n\t\t\t\t<div class=\"elementor-element elementor-element-cb40067 e-flex e-con-boxed e-con e-parent\" data-id=\"cb40067\" data-element_type=\"container\" data-e-type=\"container\">\n\t\t\t\t\t<div class=\"e-con-inner\">\n\t\t\t\t<div class=\"elementor-element elementor-element-861a083 elementor-widget elementor-widget-text-editor\" data-id=\"861a083\" data-element_type=\"widget\" data-e-type=\"widget\" data-widget_type=\"text-editor.default\">\n\t\t\t\t\t\t\t\t\t<h2>Cookie-politik<\/h2>\n<p><em>Sidst opdateret: 11. december 2024<\/em><\/p>\n\n<p>Denne cookiepolitik forklarer, hvordan MTM (Mold Trial Material) bruger cookies og lignende teknologier p\u00e5 vores hjemmeside: <a href=\"http:\/\/www.mtmresin.com\/da\/\" target=\"_blank\">www.mtmresin.com<\/a>.<\/p>\n\n<hr>\n\n<h3>1. Hvad er cookies?<\/h3>\n<p>Cookies er sm\u00e5 tekstfiler, der gemmes i din browser eller enhed, n\u00e5r du bes\u00f8ger et websted. De g\u00f8r det muligt for webstedet at genkende din browser og gemme pr\u00e6ferencer eller aktivitetsdata for at give dig en bedre brugeroplevelse.<\/p>\n\n<hr>\n\n<h3>2. Hvorfor vi bruger cookies<\/h3>\n<p>Vi bruger cookies til f\u00f8lgende form\u00e5l:<\/p>\n<ul>\n  <li><strong>Hjemmesidens funktionalitet:<\/strong> Sikre, at vigtige funktioner fungerer korrekt, f.eks. sidenavigation og indsendelse af formularer.<\/li>\n  <li><strong>Analyse:<\/strong> Forst\u00e5else af, hvordan bes\u00f8gende interagerer med vores websted for at forbedre ydeevne og brugervenlighed.<\/li>\n  <li><strong>Brugerens pr\u00e6ferencer:<\/strong> Husker dine tidligere indstillinger eller sprogvalg for at forbedre dit n\u00e6ste bes\u00f8g.<\/li>\n<\/ul>\n\n<hr>\n\n<h3>3. Typer af cookies, vi bruger<\/h3>\n<ul>\n  <li><strong>Vigtige cookies:<\/strong> N\u00f8dvendig for at hjemmesiden kan fungere. Disse kan ikke deaktiveres via cookie-indstillinger.<\/li>\n  <li><strong>Performance-cookies:<\/strong> Hj\u00e6lpe os med at analysere brugen af webstedet, f.eks. det samlede antal bes\u00f8g og den tid, der bruges p\u00e5 hver side.<\/li>\n<\/ul>\n\n<hr>\n\n<h3>4. S\u00e5dan h\u00e5ndterer du cookies<\/h3>\n<p>Du kan styre cookie-indstillingerne via din browser. De fleste webbrowsere giver dig mulighed for at blokere eller slette cookies i deres indstillingsmenu.<\/p>\n<p>Husk, at deaktivering af visse cookies kan p\u00e5virke, hvordan webstedet fungerer.<\/p>\n\n<hr>\n\n<h3>5. Tredjepartscookies<\/h3>\n<p>Vi kan bruge tredjepartsv\u00e6rkt\u00f8jer (f.eks. analyseudbydere), der ogs\u00e5 placerer cookies p\u00e5 din enhed. Disse cookies administreres af de eksterne udbydere og er underlagt deres egne privatlivspolitikker.<\/p>\n\n<hr>\n\n<h3>6. \u00c6ndringer af denne cookiepolitik<\/h3>\n<p>Vi kan opdatere denne cookiepolitik fra tid til anden. Eventuelle \u00e6ndringer vil blive offentliggjort p\u00e5 denne side med en opdateret dato \u00f8verst. Tjek venligst denne side regelm\u00e6ssigt for opdateringer.<\/p>\n\n<hr>\n\n<h3>7. Kontakt os<\/h3>\n<p>Hvis du har sp\u00f8rgsm\u00e5l til vores brug af cookies, er du velkommen til at kontakte os:<\/p>\n<p><strong>E-mail:<\/strong> <a href=\"mailto:info@mtmresin.com\">info@mtmresin.com<\/a><br>\n<strong>Hjemmeside:<\/strong> <a href=\"http:\/\/www.mtmresin.com\/da\/\" target=\"_blank\">www.mtmresin.com<\/a><\/p>\t\t\t\t\t\t\t\t<\/div>\n\t\t\t\t\t<\/div>\n\t\t\t\t<\/div>\n\t\t\t\t<\/div>","protected":false},"excerpt":{"rendered":"<p>Cookiepolitik Sidst opdateret: December 11, 2024 Denne cookiepolitik forklarer, hvordan MTM (Mold Trial Material) bruger cookies og lignende teknologier p\u00e5 vores hjemmeside: www.mtmresin.com. 1. Hvad er cookies? Cookies er sm\u00e5 tekstfiler, der gemmes i din browser eller enhed, n\u00e5r du bes\u00f8ger et websted. De g\u00f8r det muligt for hjemmesiden at genkende din browser og gemme [...]<\/p>","protected":false},"author":1,"featured_media":0,"parent":0,"menu_order":0,"comment_status":"closed","ping_status":"closed","template":"","meta":{"_seopress_robots_primary_cat":"","_seopress_titles_title":"","_seopress_titles_desc":"","_seopress_robots_index":"","footnotes":""},"class_list":["post-313","page","type-page","status-publish","hentry"],"_links":{"self":[{"href":"https:\/\/www.mtmresin.com\/da\/wp-json\/wp\/v2\/pages\/313","targetHints":{"allow":["GET"]}}],"collection":[{"href":"https:\/\/www.mtmresin.com\/da\/wp-json\/wp\/v2\/pages"}],"about":[{"href":"https:\/\/www.mtmresin.com\/da\/wp-json\/wp\/v2\/types\/page"}],"author":[{"embeddable":true,"href":"https:\/\/www.mtmresin.com\/da\/wp-json\/wp\/v2\/users\/1"}],"replies":[{"embeddable":true,"href":"https:\/\/www.mtmresin.com\/da\/wp-json\/wp\/v2\/comments?post=313"}],"version-history":[{"count":7,"href":"https:\/\/www.mtmresin.com\/da\/wp-json\/wp\/v2\/pages\/313\/revisions"}],"predecessor-version":[{"id":320,"href":"https:\/\/www.mtmresin.com\/da\/wp-json\/wp\/v2\/pages\/313\/revisions\/320"}],"wp:attachment":[{"href":"https:\/\/www.mtmresin.com\/da\/wp-json\/wp\/v2\/media?parent=313"}],"curies":[{"name":"wp","href":"https:\/\/api.w.org\/{rel}","templated":true}]}}