{"id":49,"date":"2025-12-14T05:39:49","date_gmt":"2025-12-14T05:39:49","guid":{"rendered":"https:\/\/www.mtmresin.com\/?page_id=49"},"modified":"2025-12-20T13:26:03","modified_gmt":"2025-12-20T13:26:03","slug":"service","status":"publish","type":"page","link":"https:\/\/www.mtmresin.com\/da\/service\/","title":{"rendered":"Service"},"content":{"rendered":"<div data-elementor-type=\"wp-page\" data-elementor-id=\"49\" class=\"elementor elementor-49\" data-elementor-post-type=\"page\">\n\t\t\t\t<div class=\"elementor-element elementor-element-155331cd e-flex e-con-boxed e-con e-parent\" data-id=\"155331cd\" data-element_type=\"container\" data-e-type=\"container\">\n\t\t\t\t\t<div class=\"e-con-inner\">\n\t\t<div class=\"elementor-element elementor-element-131b18a0 e-con-full e-flex e-con e-child\" data-id=\"131b18a0\" data-element_type=\"container\" data-e-type=\"container\">\n\t\t\t\t<div class=\"elementor-element elementor-element-75e9faba elementor-widget elementor-widget-heading\" data-id=\"75e9faba\" data-element_type=\"widget\" data-e-type=\"widget\" data-widget_type=\"heading.default\">\n\t\t\t\t\t<h2 class=\"elementor-heading-title elementor-size-default\">Alle tjenester\n\n<\/h2>\t\t\t\t<\/div>\n\t\t\t\t<div class=\"elementor-element elementor-element-1721fa60 elementor-tablet-align-justify elementor-align-justify elementor-widget elementor-widget-button\" data-id=\"1721fa60\" data-element_type=\"widget\" data-e-type=\"widget\" data-widget_type=\"button.default\">\n\t\t\t\t\t\t\t\t\t\t<a class=\"elementor-button elementor-button-link elementor-size-sm\" href=\"#\">\n\t\t\t\t\t\t<span class=\"elementor-button-content-wrapper\">\n\t\t\t\t\t\t\t\t\t<span class=\"elementor-button-text\">Global indk\u00f8b af harpiks  <\/span>\n\t\t\t\t\t<\/span>\n\t\t\t\t\t<\/a>\n\t\t\t\t\t\t\t\t<\/div>\n\t\t\t\t<div class=\"elementor-element elementor-element-4e327cfd elementor-tablet-align-justify elementor-align-justify elementor-widget elementor-widget-button\" data-id=\"4e327cfd\" data-element_type=\"widget\" data-e-type=\"widget\" data-widget_type=\"button.default\">\n\t\t\t\t\t\t\t\t\t\t<a class=\"elementor-button elementor-button-link elementor-size-sm\" href=\"#\">\n\t\t\t\t\t\t<span class=\"elementor-button-content-wrapper\">\n\t\t\t\t\t\t\t\t\t<span class=\"elementor-button-text\">St\u00f8tte til alternative karakterer<\/span>\n\t\t\t\t\t<\/span>\n\t\t\t\t\t<\/a>\n\t\t\t\t\t\t\t\t<\/div>\n\t\t\t\t<div class=\"elementor-element elementor-element-39c49580 elementor-tablet-align-justify elementor-align-justify elementor-widget elementor-widget-button\" data-id=\"39c49580\" data-element_type=\"widget\" data-e-type=\"widget\" data-widget_type=\"button.default\">\n\t\t\t\t\t\t\t\t\t\t<a class=\"elementor-button elementor-button-link elementor-size-sm\" href=\"#\">\n\t\t\t\t\t\t<span class=\"elementor-button-content-wrapper\">\n\t\t\t\t\t\t\t\t\t<span class=\"elementor-button-text\">St\u00f8tte til pr\u00f8vemateriale  <\/span>\n\t\t\t\t\t<\/span>\n\t\t\t\t\t<\/a>\n\t\t\t\t\t\t\t\t<\/div>\n\t\t\t\t<div class=\"elementor-element elementor-element-55532616 elementor-tablet-align-justify elementor-align-justify elementor-widget elementor-widget-button\" data-id=\"55532616\" data-element_type=\"widget\" data-e-type=\"widget\" data-widget_type=\"button.default\">\n\t\t\t\t\t\t\t\t\t\t<a class=\"elementor-button elementor-button-link elementor-size-sm\" href=\"#\">\n\t\t\t\t\t\t<span class=\"elementor-button-content-wrapper\">\n\t\t\t\t\t\t\t\t\t<span class=\"elementor-button-text\">Tilpasset farvematchning  <\/span>\n\t\t\t\t\t<\/span>\n\t\t\t\t\t<\/a>\n\t\t\t\t\t\t\t\t<\/div>\n\t\t\t\t<div class=\"elementor-element elementor-element-505f79be elementor-tablet-align-justify elementor-align-justify elementor-widget elementor-widget-button\" data-id=\"505f79be\" data-element_type=\"widget\" data-e-type=\"widget\" data-widget_type=\"button.default\">\n\t\t\t\t\t\t\t\t\t\t<a class=\"elementor-button elementor-button-link elementor-size-sm\" href=\"#\">\n\t\t\t\t\t\t<span class=\"elementor-button-content-wrapper\">\n\t\t\t\t\t\t\t\t\t<span class=\"elementor-button-text\">Adgang til teknisk datablad  <\/span>\n\t\t\t\t\t<\/span>\n\t\t\t\t\t<\/a>\n\t\t\t\t\t\t\t\t<\/div>\n\t\t\t\t<div class=\"elementor-element elementor-element-711e95cf elementor-tablet-align-justify elementor-align-justify elementor-widget elementor-widget-button\" data-id=\"711e95cf\" data-element_type=\"widget\" data-e-type=\"widget\" data-widget_type=\"button.default\">\n\t\t\t\t\t\t\t\t\t\t<a class=\"elementor-button elementor-button-link elementor-size-sm\" href=\"#\">\n\t\t\t\t\t\t<span class=\"elementor-button-content-wrapper\">\n\t\t\t\t\t\t\t\t\t<span class=\"elementor-button-text\">Ans\u00f8gningskonsultation<\/span>\n\t\t\t\t\t<\/span>\n\t\t\t\t\t<\/a>\n\t\t\t\t\t\t\t\t<\/div>\n\t\t<div class=\"elementor-element elementor-element-6b386448 e-con-full e-flex e-con e-child\" data-id=\"6b386448\" data-element_type=\"container\" data-e-type=\"container\" data-settings=\"{&quot;background_background&quot;:&quot;classic&quot;}\">\n\t\t\t\t<div class=\"elementor-element elementor-element-5d5c4dd0 elementor-widget elementor-widget-heading\" data-id=\"5d5c4dd0\" data-element_type=\"widget\" data-e-type=\"widget\" data-widget_type=\"heading.default\">\n\t\t\t\t\t<h2 class=\"elementor-heading-title elementor-size-default\">Hvordan kan vi hj\u00e6lpe dig?\n<\/h2>\t\t\t\t<\/div>\n\t\t\t\t<div class=\"elementor-element elementor-element-5802c9da elementor-widget elementor-widget-text-editor\" data-id=\"5802c9da\" data-element_type=\"widget\" data-e-type=\"widget\" data-widget_type=\"text-editor.default\">\n\t\t\t\t\t\t\t\t\t<p>MTM - din hub for materiale til formfors\u00f8g: P\u00e5 lager i Kina, klar n\u00e5r du er.<\/p>\t\t\t\t\t\t\t\t<\/div>\n\t\t\t\t<div class=\"elementor-element elementor-element-424b0c1b elementor-position-inline-start elementor-view-default elementor-mobile-position-block-start elementor-widget elementor-widget-icon-box\" data-id=\"424b0c1b\" data-element_type=\"widget\" data-e-type=\"widget\" data-widget_type=\"icon-box.default\">\n\t\t\t\t\t\t\t<div class=\"elementor-icon-box-wrapper\">\n\n\t\t\t\t\t\t<div class=\"elementor-icon-box-icon\">\n\t\t\t\t<span  class=\"elementor-icon\">\n\t\t\t\t<i aria-hidden=\"true\" class=\"icon icon-phone-call1\"><\/i>\t\t\t\t<\/span>\n\t\t\t<\/div>\n\t\t\t\n\t\t\t\t\t\t<div class=\"elementor-icon-box-content\">\n\n\t\t\t\t\t\t\t\t\t<h3 class=\"elementor-icon-box-title\">\n\t\t\t\t\t\t<span  >\n\t\t\t\t\t\t\tKontakt\t\t\t\t\t\t<\/span>\n\t\t\t\t\t<\/h3>\n\t\t\t\t\n\t\t\t\t\t\t\t\t\t<p class=\"elementor-icon-box-description\">\n\t\t\t\t\t\t+86 18925855152\n<br>\ninfo@mtmresin.com\n\t\t\t\t\t<\/p>\n\t\t\t\t\n\t\t\t<\/div>\n\t\t\t\n\t\t<\/div>\n\t\t\t\t\t\t<\/div>\n\t\t\t\t<\/div>\n\t\t\t\t<\/div>\n\t\t<div class=\"elementor-element elementor-element-ceaf81f e-con-full e-flex e-con e-child\" data-id=\"ceaf81f\" data-element_type=\"container\" data-e-type=\"container\">\n\t\t\t\t<div class=\"elementor-element elementor-element-5c97d9d elementor-widget elementor-widget-heading\" data-id=\"5c97d9d\" data-element_type=\"widget\" data-e-type=\"widget\" data-widget_type=\"heading.default\">\n\t\t\t\t\t<h2 class=\"elementor-heading-title elementor-size-default\">Betroede globale materialem\u00e6rker<\/h2>\t\t\t\t<\/div>\n\t\t\t\t<div class=\"elementor-element elementor-element-d010b7d elementor-widget elementor-widget-text-editor\" data-id=\"d010b7d\" data-element_type=\"widget\" data-e-type=\"widget\" data-widget_type=\"text-editor.default\">\n\t\t\t\t\t\t\t\t\t<p>Vi samarbejder med verdenskendte polymerproducenter om at levere ensartede, h\u00f8jtydende materialel\u00f8sninger.<\/p><p>Hos MTM (Mold Trial Material) samarbejder vi med f\u00f8rende globale leverand\u00f8rer om at levere teknisk plast, h\u00f8jtydende polymerer og biobaserede l\u00f8sninger til en lang r\u00e6kke industrier.<\/p><p>Uanset om du har brug for indk\u00f8b af alternative kvaliteter, adgang til datablade eller teknisk matchning, sikrer vores team p\u00e5lidelig support og gennemsigtig koordinering i hvert trin.<\/p>\t\t\t\t\t\t\t\t<\/div>\n\t\t\t\t<div class=\"elementor-element elementor-element-6a145785 elementor-widget elementor-widget-image\" data-id=\"6a145785\" data-element_type=\"widget\" data-e-type=\"widget\" data-widget_type=\"image.default\">\n\t\t\t\t\t\t\t\t\t\t\t\t\t\t\t<img alt=\"\" fetchpriority=\"high\" decoding=\"async\" width=\"990\" height=\"583\" src=\"https:\/\/www.mtmresin.com\/wp-content\/uploads\/2025\/12\/our-suppliers.webp\" class=\"attachment-full size-full wp-image-230\" srcset=\"https:\/\/www.mtmresin.com\/wp-content\/uploads\/2025\/12\/our-suppliers.webp 990w, https:\/\/www.mtmresin.com\/wp-content\/uploads\/2025\/12\/our-suppliers-300x177.webp 300w, https:\/\/www.mtmresin.com\/wp-content\/uploads\/2025\/12\/our-suppliers-768x452.webp 768w\" sizes=\"(max-width: 990px) 100vw, 990px\" \/>\t\t\t\t\t\t\t\t\t\t\t\t\t\t\t<\/div>\n\t\t\t\t<div class=\"elementor-element elementor-element-17829d94 elementor-widget elementor-widget-heading\" data-id=\"17829d94\" data-element_type=\"widget\" data-e-type=\"widget\" data-widget_type=\"heading.default\">\n\t\t\t\t\t<h2 class=\"elementor-heading-title elementor-size-default\">Tekniske harpikser p\u00e5 lager - klar, n\u00e5r du har brug for dem\n<\/h2>\t\t\t\t<\/div>\n\t\t\t\t<div class=\"elementor-element elementor-element-12dc4a1a elementor-widget elementor-widget-text-editor\" data-id=\"12dc4a1a\" data-element_type=\"widget\" data-e-type=\"widget\" data-widget_type=\"text-editor.default\">\n\t\t\t\t\t\t\t\t\t<p>Hos MTM hj\u00e6lper vi globale teams med at forenkle afpr\u00f8vningen af st\u00f8beforme i Kina ved at l\u00f8se forsinkelser i materialeforsyningen. I stedet for at vente p\u00e5 overs\u00f8iske forsendelser er din pr\u00f8veharpiks allerede her - opbevaret lokalt og klar til brug. Uanset om du har brug for m\u00e6rkevarematerialer eller tilsvarende kvaliteter, giver vores forh\u00e5ndslagerl\u00f8sning dig hurtigere adgang med lavere logistikomkostninger og nul toldbesv\u00e6r.<\/p><p>Alle projekter er forskellige. Derfor underst\u00f8tter vi fleksible planer baseret p\u00e5 kundens harpiksspecifikationer, tidsplaner for st\u00f8berier og presserende testtidsplaner. Vores lokale lager reducerer nedetiden, forhindrer projektforsinkelser og holder dit team p\u00e5 sporet af hurtig iteration og levering til tiden.<\/p>\t\t\t\t\t\t\t\t<\/div>\n\t\t\t\t<div class=\"elementor-element elementor-element-64fa2b05 elementor-widget elementor-widget-heading\" data-id=\"64fa2b05\" data-element_type=\"widget\" data-e-type=\"widget\" data-widget_type=\"heading.default\">\n\t\t\t\t\t<h2 class=\"elementor-heading-title elementor-size-default\">Vores forsyningsproces til formfors\u00f8g\n<\/h2>\t\t\t\t<\/div>\n\t\t\t\t<div class=\"elementor-element elementor-element-38bf780e elementor-widget elementor-widget-text-editor\" data-id=\"38bf780e\" data-element_type=\"widget\" data-e-type=\"widget\" data-widget_type=\"text-editor.default\">\n\t\t\t\t\t\t\t\t\t<p>Fra foresp\u00f8rgsel til levering s\u00f8rger MTM for, at dine fors\u00f8gsmaterialer er klar p\u00e5 hvert trin. Vi sikrer fuld overensstemmelse med din materialespecifikation, tidslinje og testm\u00e5l.<\/p>\t\t\t\t\t\t\t\t<\/div>\n\t\t\t\t<div class=\"elementor-element elementor-element-24f71f27 elementor-widget elementor-widget-heading\" data-id=\"24f71f27\" data-element_type=\"widget\" data-e-type=\"widget\" data-widget_type=\"heading.default\">\n\t\t\t\t\t<h2 class=\"elementor-heading-title elementor-size-default\">1. Kontrol af materialebehov\n\n<\/h2>\t\t\t\t<\/div>\n\t\t\t\t<div class=\"elementor-element elementor-element-6c7c541f elementor-widget elementor-widget-text-editor\" data-id=\"6c7c541f\" data-element_type=\"widget\" data-e-type=\"widget\" data-widget_type=\"text-editor.default\">\n\t\t\t\t\t\t\t\t\t<p>Du angiver dit harpiksm\u00e6rke eller din specifikation. Vi bekr\u00e6fter, om det n\u00f8jagtige match eller tilsvarende er tilg\u00e6ngeligt fra vores lokale lager. Hvis det er n\u00f8dvendigt, hj\u00e6lper vi med at finde kompatible erstatninger med TDS-sammenligning.<\/p>\t\t\t\t\t\t\t\t<\/div>\n\t\t\t\t<div class=\"elementor-element elementor-element-52224f2c elementor-widget elementor-widget-heading\" data-id=\"52224f2c\" data-element_type=\"widget\" data-e-type=\"widget\" data-widget_type=\"heading.default\">\n\t\t\t\t\t<h2 class=\"elementor-heading-title elementor-size-default\">2. Bekr\u00e6ftelse af specifikationer og responsiv koordinering\n\n\n<\/h2>\t\t\t\t<\/div>\n\t\t\t\t<div class=\"elementor-element elementor-element-90f4b4e elementor-widget elementor-widget-text-editor\" data-id=\"90f4b4e\" data-element_type=\"widget\" data-e-type=\"widget\" data-widget_type=\"text-editor.default\">\n\t\t\t\t\t\t\t\t\t<p>Vi dobbelttjekker hvert materiales m\u00e6rke, kvalitet og specifikation baseret p\u00e5 din anmodning. Hvis der er behov for en afklaring, koordinerer vi straks med dit team for at sikre, at alt stemmer overens inden afsendelse. Vores rolle er at s\u00f8rge for, at du f\u00e5r det rigtige materiale - som bestilt, uden forsinkelser.<\/p>\t\t\t\t\t\t\t\t<\/div>\n\t\t\t\t<div class=\"elementor-element elementor-element-15ce7128 elementor-widget elementor-widget-heading\" data-id=\"15ce7128\" data-element_type=\"widget\" data-e-type=\"widget\" data-widget_type=\"heading.default\">\n\t\t\t\t\t<h2 class=\"elementor-heading-title elementor-size-default\">3. Lokal levering og hurtig levering\n\n\n\n<\/h2>\t\t\t\t<\/div>\n\t\t\t\t<div class=\"elementor-element elementor-element-36d96465 elementor-widget elementor-widget-text-editor\" data-id=\"36d96465\" data-element_type=\"widget\" data-e-type=\"widget\" data-widget_type=\"text-editor.default\">\n\t\t\t\t\t\t\t\t\t<p>N\u00e5r det er bekr\u00e6ftet, leverer vi materialerne direkte til dit formv\u00e6rksted i Kina. Ingen forsinkelser ved fortoldning. Ingen ventetid p\u00e5 overs\u00f8isk fragt. Bare hurtig lokal adgang.<\/p>\t\t\t\t\t\t\t\t<\/div>\n\t\t\t\t<\/div>\n\t\t\t\t\t<\/div>\n\t\t\t\t<\/div>\n\t\t\t\t<\/div>","protected":false},"excerpt":{"rendered":"<p>Alle tjenester Global Resin Sourcing alternativ Grade Support Sample Material Support Custom Color Matching Teknisk datablad Adgang Applikationskonsultation Hvordan kan vi hj\u00e6lpe dig? MTM - din hub for formfors\u00f8gsmaterialer: P\u00e5 lager i Kina, klar n\u00e5r du er. Kontakt +86 18925855152 info@mtmresin.com Betroede globale materialem\u00e6rker Vi samarbejder med verdenskendte polymerproducenter for at levere ensartede, [...]<\/p>","protected":false},"author":1,"featured_media":0,"parent":0,"menu_order":0,"comment_status":"closed","ping_status":"closed","template":"","meta":{"_seopress_robots_primary_cat":"","_seopress_titles_title":"","_seopress_titles_desc":"","_seopress_robots_index":"","footnotes":""},"class_list":["post-49","page","type-page","status-publish","hentry"],"_links":{"self":[{"href":"https:\/\/www.mtmresin.com\/da\/wp-json\/wp\/v2\/pages\/49","targetHints":{"allow":["GET"]}}],"collection":[{"href":"https:\/\/www.mtmresin.com\/da\/wp-json\/wp\/v2\/pages"}],"about":[{"href":"https:\/\/www.mtmresin.com\/da\/wp-json\/wp\/v2\/types\/page"}],"author":[{"embeddable":true,"href":"https:\/\/www.mtmresin.com\/da\/wp-json\/wp\/v2\/users\/1"}],"replies":[{"embeddable":true,"href":"https:\/\/www.mtmresin.com\/da\/wp-json\/wp\/v2\/comments?post=49"}],"version-history":[{"count":40,"href":"https:\/\/www.mtmresin.com\/da\/wp-json\/wp\/v2\/pages\/49\/revisions"}],"predecessor-version":[{"id":285,"href":"https:\/\/www.mtmresin.com\/da\/wp-json\/wp\/v2\/pages\/49\/revisions\/285"}],"wp:attachment":[{"href":"https:\/\/www.mtmresin.com\/da\/wp-json\/wp\/v2\/media?parent=49"}],"curies":[{"name":"wp","href":"https:\/\/api.w.org\/{rel}","templated":true}]}}