{"id":313,"date":"2025-12-20T13:50:06","date_gmt":"2025-12-20T13:50:06","guid":{"rendered":"https:\/\/www.mtmresin.com\/?page_id=313"},"modified":"2025-12-20T13:51:42","modified_gmt":"2025-12-20T13:51:42","slug":"cookie-richtlinie","status":"publish","type":"page","link":"https:\/\/www.mtmresin.com\/de\/cookie-richtlinie\/","title":{"rendered":"Cookie-Richtlinie"},"content":{"rendered":"<div data-elementor-type=\"wp-page\" data-elementor-id=\"313\" class=\"elementor elementor-313\" data-elementor-post-type=\"page\">\n\t\t\t\t<div class=\"elementor-element elementor-element-cb40067 e-flex e-con-boxed e-con e-parent\" data-id=\"cb40067\" data-element_type=\"container\" data-e-type=\"container\">\n\t\t\t\t\t<div class=\"e-con-inner\">\n\t\t\t\t<div class=\"elementor-element elementor-element-861a083 elementor-widget elementor-widget-text-editor\" data-id=\"861a083\" data-element_type=\"widget\" data-e-type=\"widget\" data-widget_type=\"text-editor.default\">\n\t\t\t\t\t\t\t\t\t<h2>Cookie-Richtlinie<\/h2>\n<p><em>Zuletzt aktualisiert: 11. Dezember 2024<\/em><\/p>\n\n<p>Diese Cookie-Richtlinie erkl\u00e4rt, wie MTM (Mold Trial Material) Cookies und \u00e4hnliche Technologien auf unserer Website verwendet: <a href=\"http:\/\/www.mtmresin.com\/de\/\" target=\"_blank\">www.mtmresin.com<\/a>.<\/p>\n\n<hr>\n\n<h3>1. Was sind Cookies?<\/h3>\n<p>Cookies sind kleine Textdateien, die auf Ihrem Browser oder Ger\u00e4t gespeichert werden, wenn Sie eine Website besuchen. Sie erm\u00f6glichen es der Website, Ihren Browser zu erkennen und Pr\u00e4ferenzen oder Aktivit\u00e4tsdaten f\u00fcr eine bessere Benutzererfahrung zu speichern.<\/p>\n\n<hr>\n\n<h3>2. Warum wir Cookies verwenden<\/h3>\n<p>Wir verwenden Cookies f\u00fcr die folgenden Zwecke:<\/p>\n<ul>\n  <li><strong>Funktionalit\u00e4t der Website:<\/strong> Sicherstellen, dass wichtige Funktionen wie die Seitennavigation und das Einreichen von Formularen ordnungsgem\u00e4\u00df funktionieren.<\/li>\n  <li><strong>Analytik:<\/strong> Verstehen, wie Besucher mit unserer Website interagieren, um Leistung und Benutzerfreundlichkeit zu verbessern.<\/li>\n  <li><strong>Benutzereinstellungen:<\/strong> Speicherung Ihrer vorherigen Einstellungen oder Sprachauswahl, um Ihren n\u00e4chsten Besuch zu verbessern.<\/li>\n<\/ul>\n\n<hr>\n\n<h3>3. Arten von Cookies, die wir verwenden<\/h3>\n<ul>\n  <li><strong>Wesentliche Cookies:<\/strong> F\u00fcr das Funktionieren der Website erforderlich. Sie k\u00f6nnen nicht \u00fcber die Cookie-Einstellungen deaktiviert werden.<\/li>\n  <li><strong>Leistungs-Cookies:<\/strong> Sie helfen uns, die Nutzung der Website zu analysieren, z. B. die Gesamtzahl der Besuche und die Verweildauer auf den einzelnen Seiten.<\/li>\n<\/ul>\n\n<hr>\n\n<h3>4. Wie man Cookies verwaltet<\/h3>\n<p>Sie k\u00f6nnen die Cookie-Einstellungen \u00fcber Ihren Browser steuern. Bei den meisten Webbrowsern k\u00f6nnen Sie Cookies im Einstellungsmen\u00fc blockieren oder l\u00f6schen.<\/p>\n<p>Bitte beachten Sie, dass die Deaktivierung bestimmter Cookies die Funktionsweise der Website beeintr\u00e4chtigen kann.<\/p>\n\n<hr>\n\n<h3>5. Cookies von Drittanbietern<\/h3>\n<p>Wir verwenden m\u00f6glicherweise Tools von Drittanbietern (z. B. Analyseanbieter), die ebenfalls Cookies auf Ihrem Ger\u00e4t ablegen. Diese Cookies werden von den externen Anbietern verwaltet und unterliegen deren eigenen Datenschutzrichtlinien.<\/p>\n\n<hr>\n\n<h3>6. \u00c4nderungen an dieser Cookie-Richtlinie<\/h3>\n<p>Wir k\u00f6nnen diese Cookie-Richtlinie von Zeit zu Zeit aktualisieren. Alle \u00c4nderungen werden auf dieser Seite mit einem Aktualisierungsdatum am oberen Rand ver\u00f6ffentlicht. Bitte \u00fcberpr\u00fcfen Sie diese Seite regelm\u00e4\u00dfig auf Aktualisierungen.<\/p>\n\n<hr>\n\n<h3>7. Kontakt<\/h3>\n<p>Wenn Sie Fragen zu unserer Verwendung von Cookies haben, wenden Sie sich bitte an uns:<\/p>\n<p><strong>E-Mail:<\/strong> <a href=\"mailto:info@mtmresin.com\">info@mtmresin.com<\/a><br>\n<strong>Website:<\/strong> <a href=\"http:\/\/www.mtmresin.com\/de\/\" target=\"_blank\">www.mtmresin.com<\/a><\/p>\t\t\t\t\t\t\t\t<\/div>\n\t\t\t\t\t<\/div>\n\t\t\t\t<\/div>\n\t\t\t\t<\/div>","protected":false},"excerpt":{"rendered":"<p>Cookie-Richtlinie Zuletzt aktualisiert: 11. Dezember 2024 Diese Cookie-Richtlinie erkl\u00e4rt, wie MTM (Mold Trial Material) Cookies und \u00e4hnliche Technologien auf unserer Website verwendet: www.mtmresin.com. 1. Was sind Cookies? Cookies sind kleine Textdateien, die auf Ihrem Browser oder Ger\u00e4t gespeichert werden, wenn Sie eine Website besuchen. Sie erm\u00f6glichen es der Website, Ihren Browser zu erkennen und zu speichern [...]<\/p>","protected":false},"author":1,"featured_media":0,"parent":0,"menu_order":0,"comment_status":"closed","ping_status":"closed","template":"","meta":{"_seopress_robots_primary_cat":"","_seopress_titles_title":"","_seopress_titles_desc":"","_seopress_robots_index":"","footnotes":""},"class_list":["post-313","page","type-page","status-publish","hentry"],"_links":{"self":[{"href":"https:\/\/www.mtmresin.com\/de\/wp-json\/wp\/v2\/pages\/313","targetHints":{"allow":["GET"]}}],"collection":[{"href":"https:\/\/www.mtmresin.com\/de\/wp-json\/wp\/v2\/pages"}],"about":[{"href":"https:\/\/www.mtmresin.com\/de\/wp-json\/wp\/v2\/types\/page"}],"author":[{"embeddable":true,"href":"https:\/\/www.mtmresin.com\/de\/wp-json\/wp\/v2\/users\/1"}],"replies":[{"embeddable":true,"href":"https:\/\/www.mtmresin.com\/de\/wp-json\/wp\/v2\/comments?post=313"}],"version-history":[{"count":7,"href":"https:\/\/www.mtmresin.com\/de\/wp-json\/wp\/v2\/pages\/313\/revisions"}],"predecessor-version":[{"id":320,"href":"https:\/\/www.mtmresin.com\/de\/wp-json\/wp\/v2\/pages\/313\/revisions\/320"}],"wp:attachment":[{"href":"https:\/\/www.mtmresin.com\/de\/wp-json\/wp\/v2\/media?parent=313"}],"curies":[{"name":"wp","href":"https:\/\/api.w.org\/{rel}","templated":true}]}}