{"id":49,"date":"2025-12-14T05:39:49","date_gmt":"2025-12-14T05:39:49","guid":{"rendered":"https:\/\/www.mtmresin.com\/?page_id=49"},"modified":"2025-12-20T13:26:03","modified_gmt":"2025-12-20T13:26:03","slug":"dienstleistung","status":"publish","type":"page","link":"https:\/\/www.mtmresin.com\/de\/dienstleistung\/","title":{"rendered":"Dienst"},"content":{"rendered":"<div data-elementor-type=\"wp-page\" data-elementor-id=\"49\" class=\"elementor elementor-49\" data-elementor-post-type=\"page\">\n\t\t\t\t<div class=\"elementor-element elementor-element-155331cd e-flex e-con-boxed e-con e-parent\" data-id=\"155331cd\" data-element_type=\"container\" data-e-type=\"container\">\n\t\t\t\t\t<div class=\"e-con-inner\">\n\t\t<div class=\"elementor-element elementor-element-131b18a0 e-con-full e-flex e-con e-child\" data-id=\"131b18a0\" data-element_type=\"container\" data-e-type=\"container\">\n\t\t\t\t<div class=\"elementor-element elementor-element-75e9faba elementor-widget elementor-widget-heading\" data-id=\"75e9faba\" data-element_type=\"widget\" data-e-type=\"widget\" data-widget_type=\"heading.default\">\n\t\t\t\t\t<h2 class=\"elementor-heading-title elementor-size-default\">Alle Dienstleistungen\n\n<\/h2>\t\t\t\t<\/div>\n\t\t\t\t<div class=\"elementor-element elementor-element-1721fa60 elementor-tablet-align-justify elementor-align-justify elementor-widget elementor-widget-button\" data-id=\"1721fa60\" data-element_type=\"widget\" data-e-type=\"widget\" data-widget_type=\"button.default\">\n\t\t\t\t\t\t\t\t\t\t<a class=\"elementor-button elementor-button-link elementor-size-sm\" href=\"#\">\n\t\t\t\t\t\t<span class=\"elementor-button-content-wrapper\">\n\t\t\t\t\t\t\t\t\t<span class=\"elementor-button-text\">Globale Beschaffung von Harzen  <\/span>\n\t\t\t\t\t<\/span>\n\t\t\t\t\t<\/a>\n\t\t\t\t\t\t\t\t<\/div>\n\t\t\t\t<div class=\"elementor-element elementor-element-4e327cfd elementor-tablet-align-justify elementor-align-justify elementor-widget elementor-widget-button\" data-id=\"4e327cfd\" data-element_type=\"widget\" data-e-type=\"widget\" data-widget_type=\"button.default\">\n\t\t\t\t\t\t\t\t\t\t<a class=\"elementor-button elementor-button-link elementor-size-sm\" href=\"#\">\n\t\t\t\t\t\t<span class=\"elementor-button-content-wrapper\">\n\t\t\t\t\t\t\t\t\t<span class=\"elementor-button-text\">alternative Grade Unterst\u00fctzung<\/span>\n\t\t\t\t\t<\/span>\n\t\t\t\t\t<\/a>\n\t\t\t\t\t\t\t\t<\/div>\n\t\t\t\t<div class=\"elementor-element elementor-element-39c49580 elementor-tablet-align-justify elementor-align-justify elementor-widget elementor-widget-button\" data-id=\"39c49580\" data-element_type=\"widget\" data-e-type=\"widget\" data-widget_type=\"button.default\">\n\t\t\t\t\t\t\t\t\t\t<a class=\"elementor-button elementor-button-link elementor-size-sm\" href=\"#\">\n\t\t\t\t\t\t<span class=\"elementor-button-content-wrapper\">\n\t\t\t\t\t\t\t\t\t<span class=\"elementor-button-text\">Unterst\u00fctzung f\u00fcr Probenmaterial  <\/span>\n\t\t\t\t\t<\/span>\n\t\t\t\t\t<\/a>\n\t\t\t\t\t\t\t\t<\/div>\n\t\t\t\t<div class=\"elementor-element elementor-element-55532616 elementor-tablet-align-justify elementor-align-justify elementor-widget elementor-widget-button\" data-id=\"55532616\" data-element_type=\"widget\" data-e-type=\"widget\" data-widget_type=\"button.default\">\n\t\t\t\t\t\t\t\t\t\t<a class=\"elementor-button elementor-button-link elementor-size-sm\" href=\"#\">\n\t\t\t\t\t\t<span class=\"elementor-button-content-wrapper\">\n\t\t\t\t\t\t\t\t\t<span class=\"elementor-button-text\">Individuelle Farbanpassung  <\/span>\n\t\t\t\t\t<\/span>\n\t\t\t\t\t<\/a>\n\t\t\t\t\t\t\t\t<\/div>\n\t\t\t\t<div class=\"elementor-element elementor-element-505f79be elementor-tablet-align-justify elementor-align-justify elementor-widget elementor-widget-button\" data-id=\"505f79be\" data-element_type=\"widget\" data-e-type=\"widget\" data-widget_type=\"button.default\">\n\t\t\t\t\t\t\t\t\t\t<a class=\"elementor-button elementor-button-link elementor-size-sm\" href=\"#\">\n\t\t\t\t\t\t<span class=\"elementor-button-content-wrapper\">\n\t\t\t\t\t\t\t\t\t<span class=\"elementor-button-text\">Technisches Datenblatt Zugang  <\/span>\n\t\t\t\t\t<\/span>\n\t\t\t\t\t<\/a>\n\t\t\t\t\t\t\t\t<\/div>\n\t\t\t\t<div class=\"elementor-element elementor-element-711e95cf elementor-tablet-align-justify elementor-align-justify elementor-widget elementor-widget-button\" data-id=\"711e95cf\" data-element_type=\"widget\" data-e-type=\"widget\" data-widget_type=\"button.default\">\n\t\t\t\t\t\t\t\t\t\t<a class=\"elementor-button elementor-button-link elementor-size-sm\" href=\"#\">\n\t\t\t\t\t\t<span class=\"elementor-button-content-wrapper\">\n\t\t\t\t\t\t\t\t\t<span class=\"elementor-button-text\">Beratung zur Anwendung<\/span>\n\t\t\t\t\t<\/span>\n\t\t\t\t\t<\/a>\n\t\t\t\t\t\t\t\t<\/div>\n\t\t<div class=\"elementor-element elementor-element-6b386448 e-con-full e-flex e-con e-child\" data-id=\"6b386448\" data-element_type=\"container\" data-e-type=\"container\" data-settings=\"{&quot;background_background&quot;:&quot;classic&quot;}\">\n\t\t\t\t<div class=\"elementor-element elementor-element-5d5c4dd0 elementor-widget elementor-widget-heading\" data-id=\"5d5c4dd0\" data-element_type=\"widget\" data-e-type=\"widget\" data-widget_type=\"heading.default\">\n\t\t\t\t\t<h2 class=\"elementor-heading-title elementor-size-default\">Wie k\u00f6nnen wir Ihnen helfen?\n<\/h2>\t\t\t\t<\/div>\n\t\t\t\t<div class=\"elementor-element elementor-element-5802c9da elementor-widget elementor-widget-text-editor\" data-id=\"5802c9da\" data-element_type=\"widget\" data-e-type=\"widget\" data-widget_type=\"text-editor.default\">\n\t\t\t\t\t\t\t\t\t<p>MTM - Ihre Drehscheibe f\u00fcr Formenversuchsmaterial: Vorr\u00e4tig in China, bereit, wenn Sie es sind.<\/p>\t\t\t\t\t\t\t\t<\/div>\n\t\t\t\t<div class=\"elementor-element elementor-element-424b0c1b elementor-position-inline-start elementor-view-default elementor-mobile-position-block-start elementor-widget elementor-widget-icon-box\" data-id=\"424b0c1b\" data-element_type=\"widget\" data-e-type=\"widget\" data-widget_type=\"icon-box.default\">\n\t\t\t\t\t\t\t<div class=\"elementor-icon-box-wrapper\">\n\n\t\t\t\t\t\t<div class=\"elementor-icon-box-icon\">\n\t\t\t\t<span  class=\"elementor-icon\">\n\t\t\t\t<i aria-hidden=\"true\" class=\"icon icon-phone-call1\"><\/i>\t\t\t\t<\/span>\n\t\t\t<\/div>\n\t\t\t\n\t\t\t\t\t\t<div class=\"elementor-icon-box-content\">\n\n\t\t\t\t\t\t\t\t\t<h3 class=\"elementor-icon-box-title\">\n\t\t\t\t\t\t<span  >\n\t\t\t\t\t\t\tKontakt\t\t\t\t\t\t<\/span>\n\t\t\t\t\t<\/h3>\n\t\t\t\t\n\t\t\t\t\t\t\t\t\t<p class=\"elementor-icon-box-description\">\n\t\t\t\t\t\t+86 18925855152\n<br>\ninfo@mtmresin.com\n\t\t\t\t\t<\/p>\n\t\t\t\t\n\t\t\t<\/div>\n\t\t\t\n\t\t<\/div>\n\t\t\t\t\t\t<\/div>\n\t\t\t\t<\/div>\n\t\t\t\t<\/div>\n\t\t<div class=\"elementor-element elementor-element-ceaf81f e-con-full e-flex e-con e-child\" data-id=\"ceaf81f\" data-element_type=\"container\" data-e-type=\"container\">\n\t\t\t\t<div class=\"elementor-element elementor-element-5c97d9d elementor-widget elementor-widget-heading\" data-id=\"5c97d9d\" data-element_type=\"widget\" data-e-type=\"widget\" data-widget_type=\"heading.default\">\n\t\t\t\t\t<h2 class=\"elementor-heading-title elementor-size-default\">Bew\u00e4hrte globale Materialmarken<\/h2>\t\t\t\t<\/div>\n\t\t\t\t<div class=\"elementor-element elementor-element-d010b7d elementor-widget elementor-widget-text-editor\" data-id=\"d010b7d\" data-element_type=\"widget\" data-e-type=\"widget\" data-widget_type=\"text-editor.default\">\n\t\t\t\t\t\t\t\t\t<p>Wir arbeiten mit weltbekannten Polymerherstellern zusammen, um konsistente, leistungsstarke Materiall\u00f6sungen zu liefern.<\/p><p>Bei MTM (Mold Trial Material) arbeiten wir mit weltweit f\u00fchrenden Anbietern zusammen, um technische Kunststoffe, Hochleistungspolymere und biobasierte Optionen f\u00fcr eine breite Palette von Branchen anzubieten.<\/p><p>Ganz gleich, ob Sie die Beschaffung alternativer Qualit\u00e4ten, den Zugang zu Datenbl\u00e4ttern oder technische Anpassungen ben\u00f6tigen, unser Team sorgt f\u00fcr zuverl\u00e4ssige Unterst\u00fctzung und transparente Koordination bei jedem Schritt.<\/p>\t\t\t\t\t\t\t\t<\/div>\n\t\t\t\t<div class=\"elementor-element elementor-element-6a145785 elementor-widget elementor-widget-image\" data-id=\"6a145785\" data-element_type=\"widget\" data-e-type=\"widget\" data-widget_type=\"image.default\">\n\t\t\t\t\t\t\t\t\t\t\t\t\t\t\t<img alt=\"\" fetchpriority=\"high\" decoding=\"async\" width=\"990\" height=\"583\" src=\"https:\/\/www.mtmresin.com\/wp-content\/uploads\/2025\/12\/our-suppliers.webp\" class=\"attachment-full size-full wp-image-230\" srcset=\"https:\/\/www.mtmresin.com\/wp-content\/uploads\/2025\/12\/our-suppliers.webp 990w, https:\/\/www.mtmresin.com\/wp-content\/uploads\/2025\/12\/our-suppliers-300x177.webp 300w, https:\/\/www.mtmresin.com\/wp-content\/uploads\/2025\/12\/our-suppliers-768x452.webp 768w\" sizes=\"(max-width: 990px) 100vw, 990px\" \/>\t\t\t\t\t\t\t\t\t\t\t\t\t\t\t<\/div>\n\t\t\t\t<div class=\"elementor-element elementor-element-17829d94 elementor-widget elementor-widget-heading\" data-id=\"17829d94\" data-element_type=\"widget\" data-e-type=\"widget\" data-widget_type=\"heading.default\">\n\t\t\t\t\t<h2 class=\"elementor-heading-title elementor-size-default\">Vorr\u00e4tige technische Harze - bereit, wenn Sie sie brauchen\n<\/h2>\t\t\t\t<\/div>\n\t\t\t\t<div class=\"elementor-element elementor-element-12dc4a1a elementor-widget elementor-widget-text-editor\" data-id=\"12dc4a1a\" data-element_type=\"widget\" data-e-type=\"widget\" data-widget_type=\"text-editor.default\">\n\t\t\t\t\t\t\t\t\t<p>MTM unterst\u00fctzt globale Teams bei der Vereinfachung der Formversuchsphase in China, indem wir Verz\u00f6gerungen bei der Materialversorgung beseitigen. Anstatt auf Lieferungen aus \u00dcbersee zu warten, ist Ihr Versuchsharz bereits hier - vor Ort gelagert und einsatzbereit. Ganz gleich, ob Sie Markenmaterialien oder gleichwertige Qualit\u00e4ten ben\u00f6tigen, unsere Vorratsl\u00f6sung erm\u00f6glicht Ihnen einen schnelleren Zugriff bei geringeren Logistikkosten und ohne Probleme mit dem Zoll.<\/p><p>Jedes Projekt ist anders. Deshalb unterst\u00fctzen wir flexible Pl\u00e4ne, die auf den Harzspezifikationen des Kunden, den Zeitpl\u00e4nen des Formenbaus und dringenden Testzeitpl\u00e4nen basieren. Unser lokaler Bestand verk\u00fcrzt Ausfallzeiten, verhindert Projektverz\u00f6gerungen und h\u00e4lt Ihr Team auf Kurs f\u00fcr schnelle Iterationen und p\u00fcnktliche Lieferung.<\/p>\t\t\t\t\t\t\t\t<\/div>\n\t\t\t\t<div class=\"elementor-element elementor-element-64fa2b05 elementor-widget elementor-widget-heading\" data-id=\"64fa2b05\" data-element_type=\"widget\" data-e-type=\"widget\" data-widget_type=\"heading.default\">\n\t\t\t\t\t<h2 class=\"elementor-heading-title elementor-size-default\">Unser Lieferprozess f\u00fcr Mold Trials\n<\/h2>\t\t\t\t<\/div>\n\t\t\t\t<div class=\"elementor-element elementor-element-38bf780e elementor-widget elementor-widget-text-editor\" data-id=\"38bf780e\" data-element_type=\"widget\" data-e-type=\"widget\" data-widget_type=\"text-editor.default\">\n\t\t\t\t\t\t\t\t\t<p>Von der Anfrage bis zur Lieferung sorgt MTM daf\u00fcr, dass Ihre Versuchsmaterialien in jedem Schritt bereit sind. Wir stellen sicher, dass Ihre Materialspezifikation, Ihr Zeitplan und Ihre Pr\u00fcfziele vollst\u00e4ndig ber\u00fccksichtigt werden.<\/p>\t\t\t\t\t\t\t\t<\/div>\n\t\t\t\t<div class=\"elementor-element elementor-element-24f71f27 elementor-widget elementor-widget-heading\" data-id=\"24f71f27\" data-element_type=\"widget\" data-e-type=\"widget\" data-widget_type=\"heading.default\">\n\t\t\t\t\t<h2 class=\"elementor-heading-title elementor-size-default\">1. Pr\u00fcfung des Materialbedarfs\n\n<\/h2>\t\t\t\t<\/div>\n\t\t\t\t<div class=\"elementor-element elementor-element-6c7c541f elementor-widget elementor-widget-text-editor\" data-id=\"6c7c541f\" data-element_type=\"widget\" data-e-type=\"widget\" data-widget_type=\"text-editor.default\">\n\t\t\t\t\t\t\t\t\t<p>Sie geben Ihre Harzmarke oder -spezifikation an. Wir best\u00e4tigen Ihnen, ob eine exakte \u00dcbereinstimmung oder ein \u00c4quivalent in unserem lokalen Lager verf\u00fcgbar ist. Falls erforderlich, helfen wir bei der Suche nach kompatiblen Ersatzstoffen mit TDS-Vergleich.<\/p>\t\t\t\t\t\t\t\t<\/div>\n\t\t\t\t<div class=\"elementor-element elementor-element-52224f2c elementor-widget elementor-widget-heading\" data-id=\"52224f2c\" data-element_type=\"widget\" data-e-type=\"widget\" data-widget_type=\"heading.default\">\n\t\t\t\t\t<h2 class=\"elementor-heading-title elementor-size-default\">2. Spezifikationsbest\u00e4tigung und reaktionsschnelle Koordinierung\n\n\n<\/h2>\t\t\t\t<\/div>\n\t\t\t\t<div class=\"elementor-element elementor-element-90f4b4e elementor-widget elementor-widget-text-editor\" data-id=\"90f4b4e\" data-element_type=\"widget\" data-e-type=\"widget\" data-widget_type=\"text-editor.default\">\n\t\t\t\t\t\t\t\t\t<p>Wir \u00fcberpr\u00fcfen die Marke, Sorte und Spezifikation jedes Materials auf der Grundlage Ihrer Anfrage. Falls Kl\u00e4rungsbedarf besteht, stimmen wir uns umgehend mit Ihrem Team ab, um sicherzustellen, dass vor dem Versand alles in Ordnung ist. Unsere Aufgabe ist es, daf\u00fcr zu sorgen, dass Sie das richtige Material erhalten - wie bestellt, ohne Verz\u00f6gerungen.<\/p>\t\t\t\t\t\t\t\t<\/div>\n\t\t\t\t<div class=\"elementor-element elementor-element-15ce7128 elementor-widget elementor-widget-heading\" data-id=\"15ce7128\" data-element_type=\"widget\" data-e-type=\"widget\" data-widget_type=\"heading.default\">\n\t\t\t\t\t<h2 class=\"elementor-heading-title elementor-size-default\">3. Lokale Lieferung &amp; schnelle Lieferung\n\n\n\n<\/h2>\t\t\t\t<\/div>\n\t\t\t\t<div class=\"elementor-element elementor-element-36d96465 elementor-widget elementor-widget-text-editor\" data-id=\"36d96465\" data-element_type=\"widget\" data-e-type=\"widget\" data-widget_type=\"text-editor.default\">\n\t\t\t\t\t\t\t\t\t<p>Nach der Best\u00e4tigung liefern wir die Materialien direkt an Ihren Werkzeugbau in China. Keine Verz\u00f6gerungen bei der Zollabfertigung. Kein Warten auf \u00dcberseefracht. Nur schneller Zugang vor Ort.<\/p>\t\t\t\t\t\t\t\t<\/div>\n\t\t\t\t<\/div>\n\t\t\t\t\t<\/div>\n\t\t\t\t<\/div>\n\t\t\t\t<\/div>","protected":false},"excerpt":{"rendered":"<p>Alle Dienstleistungen Global Resin Sourcing Alternative Grade Support Sample Material Support Custom Color Matching Technical Datasheet Access Application Consultation Wie k\u00f6nnen wir Ihnen helfen? MTM - Ihre Drehscheibe f\u00fcr Formenversuchsmaterial: Vorr\u00e4tig in China, bereit, wenn Sie es sind. Kontakt +86 18925855152 info@mtmresin.com Trusted Global Material Brands Wir arbeiten mit weltbekannten Polymerherstellern zusammen, um konsistente, [...]<\/p>","protected":false},"author":1,"featured_media":0,"parent":0,"menu_order":0,"comment_status":"closed","ping_status":"closed","template":"","meta":{"_seopress_robots_primary_cat":"","_seopress_titles_title":"","_seopress_titles_desc":"","_seopress_robots_index":"","footnotes":""},"class_list":["post-49","page","type-page","status-publish","hentry"],"_links":{"self":[{"href":"https:\/\/www.mtmresin.com\/de\/wp-json\/wp\/v2\/pages\/49","targetHints":{"allow":["GET"]}}],"collection":[{"href":"https:\/\/www.mtmresin.com\/de\/wp-json\/wp\/v2\/pages"}],"about":[{"href":"https:\/\/www.mtmresin.com\/de\/wp-json\/wp\/v2\/types\/page"}],"author":[{"embeddable":true,"href":"https:\/\/www.mtmresin.com\/de\/wp-json\/wp\/v2\/users\/1"}],"replies":[{"embeddable":true,"href":"https:\/\/www.mtmresin.com\/de\/wp-json\/wp\/v2\/comments?post=49"}],"version-history":[{"count":40,"href":"https:\/\/www.mtmresin.com\/de\/wp-json\/wp\/v2\/pages\/49\/revisions"}],"predecessor-version":[{"id":285,"href":"https:\/\/www.mtmresin.com\/de\/wp-json\/wp\/v2\/pages\/49\/revisions\/285"}],"wp:attachment":[{"href":"https:\/\/www.mtmresin.com\/de\/wp-json\/wp\/v2\/media?parent=49"}],"curies":[{"name":"wp","href":"https:\/\/api.w.org\/{rel}","templated":true}]}}