{"id":313,"date":"2025-12-20T13:50:06","date_gmt":"2025-12-20T13:50:06","guid":{"rendered":"https:\/\/www.mtmresin.com\/?page_id=313"},"modified":"2025-12-20T13:51:42","modified_gmt":"2025-12-20T13:51:42","slug":"politica-de-cookies","status":"publish","type":"page","link":"https:\/\/www.mtmresin.com\/es\/politica-de-cookies\/","title":{"rendered":"Pol\u00edtica de cookies"},"content":{"rendered":"<div data-elementor-type=\"wp-page\" data-elementor-id=\"313\" class=\"elementor elementor-313\" data-elementor-post-type=\"page\">\n\t\t\t\t<div class=\"elementor-element elementor-element-cb40067 e-flex e-con-boxed e-con e-parent\" data-id=\"cb40067\" data-element_type=\"container\" data-e-type=\"container\">\n\t\t\t\t\t<div class=\"e-con-inner\">\n\t\t\t\t<div class=\"elementor-element elementor-element-861a083 elementor-widget elementor-widget-text-editor\" data-id=\"861a083\" data-element_type=\"widget\" data-e-type=\"widget\" data-widget_type=\"text-editor.default\">\n\t\t\t\t\t\t\t\t\t<h2>Pol\u00edtica de cookies<\/h2>\n<p><em>\u00daltima actualizaci\u00f3n: 11 de diciembre de 2024<\/em><\/p>\n\n<p>Esta Pol\u00edtica de Cookies explica c\u00f3mo MTM (Mold Trial Material) utiliza las cookies y tecnolog\u00edas similares en nuestro sitio web: <a href=\"http:\/\/www.mtmresin.com\/es\/\" target=\"_blank\">www.mtmresin.com<\/a>.<\/p>\n\n<hr>\n\n<h3>1. \u00bfQu\u00e9 son las cookies?<\/h3>\n<p>Las cookies son peque\u00f1os archivos de texto que se almacenan en su navegador o dispositivo cuando visita un sitio web. Permiten al sitio web reconocer su navegador y almacenar preferencias o datos de actividad para mejorar la experiencia del usuario.<\/p>\n\n<hr>\n\n<h3>2. Por qu\u00e9 utilizamos cookies<\/h3>\n<p>Utilizamos cookies para los siguientes fines:<\/p>\n<ul>\n  <li><strong>Funcionalidad del sitio web:<\/strong> Garantizar que las funciones clave funcionen correctamente, como la navegaci\u00f3n por la p\u00e1gina y el env\u00edo de formularios.<\/li>\n  <li><strong>Anal\u00edtica:<\/strong> Comprender c\u00f3mo interact\u00faan los visitantes con nuestro sitio para mejorar el rendimiento y la facilidad de uso.<\/li>\n  <li><strong>Preferencias del usuario:<\/strong> Recordar su configuraci\u00f3n anterior o su elecci\u00f3n de idioma para mejorar su pr\u00f3xima visita.<\/li>\n<\/ul>\n\n<hr>\n\n<h3>3. Tipos de cookies que utilizamos<\/h3>\n<ul>\n  <li><strong>Galletas esenciales:<\/strong> Son necesarias para el funcionamiento del sitio web. No se pueden desactivar a trav\u00e9s de la configuraci\u00f3n de cookies.<\/li>\n  <li><strong>Cookies de rendimiento:<\/strong> Nos ayudan a analizar el uso del sitio, como el total de visitas y el tiempo que se pasa en cada p\u00e1gina.<\/li>\n<\/ul>\n\n<hr>\n\n<h3>4. C\u00f3mo gestionar las cookies<\/h3>\n<p>Puede controlar la configuraci\u00f3n de las cookies a trav\u00e9s de su navegador. La mayor\u00eda de los navegadores web permiten bloquear o eliminar las cookies en su men\u00fa de configuraci\u00f3n.<\/p>\n<p>Tenga en cuenta que desactivar determinadas cookies puede afectar al funcionamiento del sitio web.<\/p>\n\n<hr>\n\n<h3>5. Cookies de terceros<\/h3>\n<p>Podemos utilizar herramientas de terceros (como proveedores de an\u00e1lisis) que tambi\u00e9n colocan cookies en su dispositivo. Estas cookies son gestionadas por los proveedores externos y est\u00e1n sujetas a sus propias pol\u00edticas de privacidad.<\/p>\n\n<hr>\n\n<h3>6. Modificaciones de la presente pol\u00edtica de cookies<\/h3>\n<p>Podemos actualizar esta Pol\u00edtica de Cookies de vez en cuando. Cualquier cambio ser\u00e1 publicado en esta p\u00e1gina con una fecha actualizada en la parte superior. Por favor, consulte esta p\u00e1gina con regularidad para ver las actualizaciones.<\/p>\n\n<hr>\n\n<h3>7. Contacto<\/h3>\n<p>Si tiene alguna pregunta sobre el uso que hacemos de las cookies, p\u00f3ngase en contacto con nosotros:<\/p>\n<p><strong>Correo electr\u00f3nico:<\/strong> <a href=\"mailto:info@mtmresin.com\">info@mtmresin.com<\/a><br>\n<strong>P\u00e1gina web:<\/strong> <a href=\"http:\/\/www.mtmresin.com\/es\/\" target=\"_blank\">www.mtmresin.com<\/a><\/p>\t\t\t\t\t\t\t\t<\/div>\n\t\t\t\t\t<\/div>\n\t\t\t\t<\/div>\n\t\t\t\t<\/div>","protected":false},"excerpt":{"rendered":"<p>Pol\u00edtica de cookies \u00daltima actualizaci\u00f3n: 11 de diciembre de 2024 Esta Pol\u00edtica de Cookies explica c\u00f3mo MTM (Mold Trial Material) utiliza las cookies y tecnolog\u00edas similares en nuestro sitio web: www.mtmresin.com. 1. 1. \u00bfQu\u00e9 son las cookies? Las cookies son peque\u00f1os archivos de texto que se almacenan en su navegador o dispositivo cuando visita un sitio web. Permiten al sitio web reconocer su navegador y almacenar [...]<\/p>","protected":false},"author":1,"featured_media":0,"parent":0,"menu_order":0,"comment_status":"closed","ping_status":"closed","template":"","meta":{"_seopress_robots_primary_cat":"","_seopress_titles_title":"","_seopress_titles_desc":"","_seopress_robots_index":"","footnotes":""},"class_list":["post-313","page","type-page","status-publish","hentry"],"_links":{"self":[{"href":"https:\/\/www.mtmresin.com\/es\/wp-json\/wp\/v2\/pages\/313","targetHints":{"allow":["GET"]}}],"collection":[{"href":"https:\/\/www.mtmresin.com\/es\/wp-json\/wp\/v2\/pages"}],"about":[{"href":"https:\/\/www.mtmresin.com\/es\/wp-json\/wp\/v2\/types\/page"}],"author":[{"embeddable":true,"href":"https:\/\/www.mtmresin.com\/es\/wp-json\/wp\/v2\/users\/1"}],"replies":[{"embeddable":true,"href":"https:\/\/www.mtmresin.com\/es\/wp-json\/wp\/v2\/comments?post=313"}],"version-history":[{"count":7,"href":"https:\/\/www.mtmresin.com\/es\/wp-json\/wp\/v2\/pages\/313\/revisions"}],"predecessor-version":[{"id":320,"href":"https:\/\/www.mtmresin.com\/es\/wp-json\/wp\/v2\/pages\/313\/revisions\/320"}],"wp:attachment":[{"href":"https:\/\/www.mtmresin.com\/es\/wp-json\/wp\/v2\/media?parent=313"}],"curies":[{"name":"wp","href":"https:\/\/api.w.org\/{rel}","templated":true}]}}