{"id":49,"date":"2025-12-14T05:39:49","date_gmt":"2025-12-14T05:39:49","guid":{"rendered":"https:\/\/www.mtmresin.com\/?page_id=49"},"modified":"2025-12-20T13:26:03","modified_gmt":"2025-12-20T13:26:03","slug":"servicio","status":"publish","type":"page","link":"https:\/\/www.mtmresin.com\/es\/servicio\/","title":{"rendered":"Servicio"},"content":{"rendered":"<div data-elementor-type=\"wp-page\" data-elementor-id=\"49\" class=\"elementor elementor-49\" data-elementor-post-type=\"page\">\n\t\t\t\t<div class=\"elementor-element elementor-element-155331cd e-flex e-con-boxed e-con e-parent\" data-id=\"155331cd\" data-element_type=\"container\" data-e-type=\"container\">\n\t\t\t\t\t<div class=\"e-con-inner\">\n\t\t<div class=\"elementor-element elementor-element-131b18a0 e-con-full e-flex e-con e-child\" data-id=\"131b18a0\" data-element_type=\"container\" data-e-type=\"container\">\n\t\t\t\t<div class=\"elementor-element elementor-element-75e9faba elementor-widget elementor-widget-heading\" data-id=\"75e9faba\" data-element_type=\"widget\" data-e-type=\"widget\" data-widget_type=\"heading.default\">\n\t\t\t\t\t<h2 class=\"elementor-heading-title elementor-size-default\">Todos los servicios\n\n<\/h2>\t\t\t\t<\/div>\n\t\t\t\t<div class=\"elementor-element elementor-element-1721fa60 elementor-tablet-align-justify elementor-align-justify elementor-widget elementor-widget-button\" data-id=\"1721fa60\" data-element_type=\"widget\" data-e-type=\"widget\" data-widget_type=\"button.default\">\n\t\t\t\t\t\t\t\t\t\t<a class=\"elementor-button elementor-button-link elementor-size-sm\" href=\"#\">\n\t\t\t\t\t\t<span class=\"elementor-button-content-wrapper\">\n\t\t\t\t\t\t\t\t\t<span class=\"elementor-button-text\">Suministro mundial de resinas  <\/span>\n\t\t\t\t\t<\/span>\n\t\t\t\t\t<\/a>\n\t\t\t\t\t\t\t\t<\/div>\n\t\t\t\t<div class=\"elementor-element elementor-element-4e327cfd elementor-tablet-align-justify elementor-align-justify elementor-widget elementor-widget-button\" data-id=\"4e327cfd\" data-element_type=\"widget\" data-e-type=\"widget\" data-widget_type=\"button.default\">\n\t\t\t\t\t\t\t\t\t\t<a class=\"elementor-button elementor-button-link elementor-size-sm\" href=\"#\">\n\t\t\t\t\t\t<span class=\"elementor-button-content-wrapper\">\n\t\t\t\t\t\t\t\t\t<span class=\"elementor-button-text\">Grado alternativo Apoyo<\/span>\n\t\t\t\t\t<\/span>\n\t\t\t\t\t<\/a>\n\t\t\t\t\t\t\t\t<\/div>\n\t\t\t\t<div class=\"elementor-element elementor-element-39c49580 elementor-tablet-align-justify elementor-align-justify elementor-widget elementor-widget-button\" data-id=\"39c49580\" data-element_type=\"widget\" data-e-type=\"widget\" data-widget_type=\"button.default\">\n\t\t\t\t\t\t\t\t\t\t<a class=\"elementor-button elementor-button-link elementor-size-sm\" href=\"#\">\n\t\t\t\t\t\t<span class=\"elementor-button-content-wrapper\">\n\t\t\t\t\t\t\t\t\t<span class=\"elementor-button-text\">Soporte de material de muestra  <\/span>\n\t\t\t\t\t<\/span>\n\t\t\t\t\t<\/a>\n\t\t\t\t\t\t\t\t<\/div>\n\t\t\t\t<div class=\"elementor-element elementor-element-55532616 elementor-tablet-align-justify elementor-align-justify elementor-widget elementor-widget-button\" data-id=\"55532616\" data-element_type=\"widget\" data-e-type=\"widget\" data-widget_type=\"button.default\">\n\t\t\t\t\t\t\t\t\t\t<a class=\"elementor-button elementor-button-link elementor-size-sm\" href=\"#\">\n\t\t\t\t\t\t<span class=\"elementor-button-content-wrapper\">\n\t\t\t\t\t\t\t\t\t<span class=\"elementor-button-text\">Combinaci\u00f3n de colores personalizada  <\/span>\n\t\t\t\t\t<\/span>\n\t\t\t\t\t<\/a>\n\t\t\t\t\t\t\t\t<\/div>\n\t\t\t\t<div class=\"elementor-element elementor-element-505f79be elementor-tablet-align-justify elementor-align-justify elementor-widget elementor-widget-button\" data-id=\"505f79be\" data-element_type=\"widget\" data-e-type=\"widget\" data-widget_type=\"button.default\">\n\t\t\t\t\t\t\t\t\t\t<a class=\"elementor-button elementor-button-link elementor-size-sm\" href=\"#\">\n\t\t\t\t\t\t<span class=\"elementor-button-content-wrapper\">\n\t\t\t\t\t\t\t\t\t<span class=\"elementor-button-text\">Ficha t\u00e9cnica Acceso  <\/span>\n\t\t\t\t\t<\/span>\n\t\t\t\t\t<\/a>\n\t\t\t\t\t\t\t\t<\/div>\n\t\t\t\t<div class=\"elementor-element elementor-element-711e95cf elementor-tablet-align-justify elementor-align-justify elementor-widget elementor-widget-button\" data-id=\"711e95cf\" data-element_type=\"widget\" data-e-type=\"widget\" data-widget_type=\"button.default\">\n\t\t\t\t\t\t\t\t\t\t<a class=\"elementor-button elementor-button-link elementor-size-sm\" href=\"#\">\n\t\t\t\t\t\t<span class=\"elementor-button-content-wrapper\">\n\t\t\t\t\t\t\t\t\t<span class=\"elementor-button-text\">Consulta de solicitudes<\/span>\n\t\t\t\t\t<\/span>\n\t\t\t\t\t<\/a>\n\t\t\t\t\t\t\t\t<\/div>\n\t\t<div class=\"elementor-element elementor-element-6b386448 e-con-full e-flex e-con e-child\" data-id=\"6b386448\" data-element_type=\"container\" data-e-type=\"container\" data-settings=\"{&quot;background_background&quot;:&quot;classic&quot;}\">\n\t\t\t\t<div class=\"elementor-element elementor-element-5d5c4dd0 elementor-widget elementor-widget-heading\" data-id=\"5d5c4dd0\" data-element_type=\"widget\" data-e-type=\"widget\" data-widget_type=\"heading.default\">\n\t\t\t\t\t<h2 class=\"elementor-heading-title elementor-size-default\">\u00bfC\u00f3mo podemos ayudarle?\n<\/h2>\t\t\t\t<\/div>\n\t\t\t\t<div class=\"elementor-element elementor-element-5802c9da elementor-widget elementor-widget-text-editor\" data-id=\"5802c9da\" data-element_type=\"widget\" data-e-type=\"widget\" data-widget_type=\"text-editor.default\">\n\t\t\t\t\t\t\t\t\t<p>MTM - Su centro de pruebas de moldes: Pre-almacenado en China, listo cuando usted lo est\u00e9.<\/p>\t\t\t\t\t\t\t\t<\/div>\n\t\t\t\t<div class=\"elementor-element elementor-element-424b0c1b elementor-position-inline-start elementor-view-default elementor-mobile-position-block-start elementor-widget elementor-widget-icon-box\" data-id=\"424b0c1b\" data-element_type=\"widget\" data-e-type=\"widget\" data-widget_type=\"icon-box.default\">\n\t\t\t\t\t\t\t<div class=\"elementor-icon-box-wrapper\">\n\n\t\t\t\t\t\t<div class=\"elementor-icon-box-icon\">\n\t\t\t\t<span  class=\"elementor-icon\">\n\t\t\t\t<i aria-hidden=\"true\" class=\"icon icon-phone-call1\"><\/i>\t\t\t\t<\/span>\n\t\t\t<\/div>\n\t\t\t\n\t\t\t\t\t\t<div class=\"elementor-icon-box-content\">\n\n\t\t\t\t\t\t\t\t\t<h3 class=\"elementor-icon-box-title\">\n\t\t\t\t\t\t<span  >\n\t\t\t\t\t\t\tP\u00f3ngase en contacto con\t\t\t\t\t\t<\/span>\n\t\t\t\t\t<\/h3>\n\t\t\t\t\n\t\t\t\t\t\t\t\t\t<p class=\"elementor-icon-box-description\">\n\t\t\t\t\t\t+86 18925855152\n<br>\ninfo@mtmresin.com\n\t\t\t\t\t<\/p>\n\t\t\t\t\n\t\t\t<\/div>\n\t\t\t\n\t\t<\/div>\n\t\t\t\t\t\t<\/div>\n\t\t\t\t<\/div>\n\t\t\t\t<\/div>\n\t\t<div class=\"elementor-element elementor-element-ceaf81f e-con-full e-flex e-con e-child\" data-id=\"ceaf81f\" data-element_type=\"container\" data-e-type=\"container\">\n\t\t\t\t<div class=\"elementor-element elementor-element-5c97d9d elementor-widget elementor-widget-heading\" data-id=\"5c97d9d\" data-element_type=\"widget\" data-e-type=\"widget\" data-widget_type=\"heading.default\">\n\t\t\t\t\t<h2 class=\"elementor-heading-title elementor-size-default\">Marcas mundiales de materiales de confianza<\/h2>\t\t\t\t<\/div>\n\t\t\t\t<div class=\"elementor-element elementor-element-d010b7d elementor-widget elementor-widget-text-editor\" data-id=\"d010b7d\" data-element_type=\"widget\" data-e-type=\"widget\" data-widget_type=\"text-editor.default\">\n\t\t\t\t\t\t\t\t\t<p>Colaboramos con fabricantes de pol\u00edmeros de renombre mundial para ofrecer soluciones de materiales consistentes y de alto rendimiento.<\/p><p>En MTM (Mold Trial Material), colaboramos con proveedores l\u00edderes mundiales para proporcionar pl\u00e1sticos de ingenier\u00eda, pol\u00edmeros de alto rendimiento y opciones de base biol\u00f3gica para una amplia gama de industrias.<\/p><p>Tanto si necesita fuentes alternativas, acceso a hojas de datos o correspondencia t\u00e9cnica, nuestro equipo le garantiza un apoyo fiable y una coordinaci\u00f3n transparente en cada paso.<\/p>\t\t\t\t\t\t\t\t<\/div>\n\t\t\t\t<div class=\"elementor-element elementor-element-6a145785 elementor-widget elementor-widget-image\" data-id=\"6a145785\" data-element_type=\"widget\" data-e-type=\"widget\" data-widget_type=\"image.default\">\n\t\t\t\t\t\t\t\t\t\t\t\t\t\t\t<img alt=\"\" fetchpriority=\"high\" decoding=\"async\" width=\"990\" height=\"583\" src=\"https:\/\/www.mtmresin.com\/wp-content\/uploads\/2025\/12\/our-suppliers.webp\" class=\"attachment-full size-full wp-image-230\" srcset=\"https:\/\/www.mtmresin.com\/wp-content\/uploads\/2025\/12\/our-suppliers.webp 990w, https:\/\/www.mtmresin.com\/wp-content\/uploads\/2025\/12\/our-suppliers-300x177.webp 300w, https:\/\/www.mtmresin.com\/wp-content\/uploads\/2025\/12\/our-suppliers-768x452.webp 768w\" sizes=\"(max-width: 990px) 100vw, 990px\" \/>\t\t\t\t\t\t\t\t\t\t\t\t\t\t\t<\/div>\n\t\t\t\t<div class=\"elementor-element elementor-element-17829d94 elementor-widget elementor-widget-heading\" data-id=\"17829d94\" data-element_type=\"widget\" data-e-type=\"widget\" data-widget_type=\"heading.default\">\n\t\t\t\t\t<h2 class=\"elementor-heading-title elementor-size-default\">Resinas de ingenier\u00eda prealmacenadas: listas cuando las necesite\n<\/h2>\t\t\t\t<\/div>\n\t\t\t\t<div class=\"elementor-element elementor-element-12dc4a1a elementor-widget elementor-widget-text-editor\" data-id=\"12dc4a1a\" data-element_type=\"widget\" data-e-type=\"widget\" data-widget_type=\"text-editor.default\">\n\t\t\t\t\t\t\t\t\t<p>En MTM, ayudamos a los equipos internacionales a simplificar la fase de prueba de moldes en China solucionando los retrasos en el suministro de materiales. En lugar de esperar a los env\u00edos al extranjero, su resina de prueba ya est\u00e1 aqu\u00ed, almacenada localmente y lista para usar. Tanto si necesita materiales de marca como grados equivalentes, nuestra soluci\u00f3n de prealmacenamiento le ofrece un acceso m\u00e1s r\u00e1pido con un menor coste log\u00edstico y sin problemas aduaneros.<\/p><p>Cada proyecto es diferente. Por eso ofrecemos planes flexibles basados en las especificaciones de resina del cliente, los calendarios de fabricaci\u00f3n de moldes y los plazos de pruebas urgentes. Nuestro inventario local reduce el tiempo de inactividad, evita retrasos en los proyectos y mantiene a su equipo en la senda de la iteraci\u00f3n r\u00e1pida y la entrega a tiempo.<\/p>\t\t\t\t\t\t\t\t<\/div>\n\t\t\t\t<div class=\"elementor-element elementor-element-64fa2b05 elementor-widget elementor-widget-heading\" data-id=\"64fa2b05\" data-element_type=\"widget\" data-e-type=\"widget\" data-widget_type=\"heading.default\">\n\t\t\t\t\t<h2 class=\"elementor-heading-title elementor-size-default\">Nuestro proceso de suministro para ensayos de moldes\n<\/h2>\t\t\t\t<\/div>\n\t\t\t\t<div class=\"elementor-element elementor-element-38bf780e elementor-widget elementor-widget-text-editor\" data-id=\"38bf780e\" data-element_type=\"widget\" data-e-type=\"widget\" data-widget_type=\"text-editor.default\">\n\t\t\t\t\t\t\t\t\t<p>Desde la solicitud hasta la entrega, MTM se asegura de que sus materiales de ensayo est\u00e9n listos en cada paso. Garantizamos la total alineaci\u00f3n con sus especificaciones de materiales, plazos y objetivos de ensayo.<\/p>\t\t\t\t\t\t\t\t<\/div>\n\t\t\t\t<div class=\"elementor-element elementor-element-24f71f27 elementor-widget elementor-widget-heading\" data-id=\"24f71f27\" data-element_type=\"widget\" data-e-type=\"widget\" data-widget_type=\"heading.default\">\n\t\t\t\t\t<h2 class=\"elementor-heading-title elementor-size-default\">1. Comprobaci\u00f3n de las necesidades de material\n\n<\/h2>\t\t\t\t<\/div>\n\t\t\t\t<div class=\"elementor-element elementor-element-6c7c541f elementor-widget elementor-widget-text-editor\" data-id=\"6c7c541f\" data-element_type=\"widget\" data-e-type=\"widget\" data-widget_type=\"text-editor.default\">\n\t\t\t\t\t\t\t\t\t<p>Usted nos indica la marca o especificaci\u00f3n de su resina. Nosotros le confirmamos si disponemos de la resina exacta o equivalente en nuestro stock local. Si es necesario, le ayudamos a encontrar sustitutos compatibles con la comparaci\u00f3n TDS.<\/p>\t\t\t\t\t\t\t\t<\/div>\n\t\t\t\t<div class=\"elementor-element elementor-element-52224f2c elementor-widget elementor-widget-heading\" data-id=\"52224f2c\" data-element_type=\"widget\" data-e-type=\"widget\" data-widget_type=\"heading.default\">\n\t\t\t\t\t<h2 class=\"elementor-heading-title elementor-size-default\">2. Confirmaci\u00f3n de especificaciones y coordinaci\u00f3n receptiva\n\n\n<\/h2>\t\t\t\t<\/div>\n\t\t\t\t<div class=\"elementor-element elementor-element-90f4b4e elementor-widget elementor-widget-text-editor\" data-id=\"90f4b4e\" data-element_type=\"widget\" data-e-type=\"widget\" data-widget_type=\"text-editor.default\">\n\t\t\t\t\t\t\t\t\t<p>Comprobamos dos veces la marca, el grado y la especificaci\u00f3n de cada material en funci\u00f3n de su solicitud. Si es necesaria alguna aclaraci\u00f3n, nos pondremos en contacto con su equipo lo antes posible para asegurarnos de que todo est\u00e9 en orden antes del env\u00edo. Nuestra funci\u00f3n es asegurarnos de que recibe el material correcto, tal y como lo pidi\u00f3, sin retrasos.<\/p>\t\t\t\t\t\t\t\t<\/div>\n\t\t\t\t<div class=\"elementor-element elementor-element-15ce7128 elementor-widget elementor-widget-heading\" data-id=\"15ce7128\" data-element_type=\"widget\" data-e-type=\"widget\" data-widget_type=\"heading.default\">\n\t\t\t\t\t<h2 class=\"elementor-heading-title elementor-size-default\">3. Entrega local y suministro r\u00e1pido\n\n\n\n<\/h2>\t\t\t\t<\/div>\n\t\t\t\t<div class=\"elementor-element elementor-element-36d96465 elementor-widget elementor-widget-text-editor\" data-id=\"36d96465\" data-element_type=\"widget\" data-e-type=\"widget\" data-widget_type=\"text-editor.default\">\n\t\t\t\t\t\t\t\t\t<p>Una vez confirmados, entregamos los materiales directamente a su taller de moldes en China. Sin retrasos en el despacho de aduanas. Sin esperas de transporte al extranjero. S\u00f3lo acceso local r\u00e1pido.<\/p>\t\t\t\t\t\t\t\t<\/div>\n\t\t\t\t<\/div>\n\t\t\t\t\t<\/div>\n\t\t\t\t<\/div>\n\t\t\t\t<\/div>","protected":false},"excerpt":{"rendered":"<p>Todos los servicios Suministro global de resinas Soporte de calidades alternativas Soporte de materiales de muestra Igualaci\u00f3n de colores personalizada Acceso a fichas t\u00e9cnicas Consulta sobre aplicaciones \u00bfC\u00f3mo podemos ayudarle? MTM - Su centro de materiales de prueba para moldes: Pre-almacenado en China, listo cuando usted lo est\u00e9. Contacto +86 18925855152 info@mtmresin.com Marcas globales de materiales de confianza Colaboramos con fabricantes de pol\u00edmeros de renombre mundial para ofrecer [...]<\/p>","protected":false},"author":1,"featured_media":0,"parent":0,"menu_order":0,"comment_status":"closed","ping_status":"closed","template":"","meta":{"_seopress_robots_primary_cat":"","_seopress_titles_title":"","_seopress_titles_desc":"","_seopress_robots_index":"","footnotes":""},"class_list":["post-49","page","type-page","status-publish","hentry"],"_links":{"self":[{"href":"https:\/\/www.mtmresin.com\/es\/wp-json\/wp\/v2\/pages\/49","targetHints":{"allow":["GET"]}}],"collection":[{"href":"https:\/\/www.mtmresin.com\/es\/wp-json\/wp\/v2\/pages"}],"about":[{"href":"https:\/\/www.mtmresin.com\/es\/wp-json\/wp\/v2\/types\/page"}],"author":[{"embeddable":true,"href":"https:\/\/www.mtmresin.com\/es\/wp-json\/wp\/v2\/users\/1"}],"replies":[{"embeddable":true,"href":"https:\/\/www.mtmresin.com\/es\/wp-json\/wp\/v2\/comments?post=49"}],"version-history":[{"count":40,"href":"https:\/\/www.mtmresin.com\/es\/wp-json\/wp\/v2\/pages\/49\/revisions"}],"predecessor-version":[{"id":285,"href":"https:\/\/www.mtmresin.com\/es\/wp-json\/wp\/v2\/pages\/49\/revisions\/285"}],"wp:attachment":[{"href":"https:\/\/www.mtmresin.com\/es\/wp-json\/wp\/v2\/media?parent=49"}],"curies":[{"name":"wp","href":"https:\/\/api.w.org\/{rel}","templated":true}]}}