{"id":308,"date":"2025-12-20T13:47:33","date_gmt":"2025-12-20T13:47:33","guid":{"rendered":"https:\/\/www.mtmresin.com\/?page_id=308"},"modified":"2025-12-20T13:49:18","modified_gmt":"2025-12-20T13:49:18","slug":"conditions-de-service","status":"publish","type":"page","link":"https:\/\/www.mtmresin.com\/fr\/conditions-de-service\/","title":{"rendered":"Conditions d'utilisation"},"content":{"rendered":"<div data-elementor-type=\"wp-page\" data-elementor-id=\"308\" class=\"elementor elementor-308\" data-elementor-post-type=\"page\">\n\t\t\t\t<div class=\"elementor-element elementor-element-35e5268 e-flex e-con-boxed e-con e-parent\" data-id=\"35e5268\" data-element_type=\"container\" data-e-type=\"container\">\n\t\t\t\t\t<div class=\"e-con-inner\">\n\t\t\t\t<div class=\"elementor-element elementor-element-4c2e6b3 elementor-widget elementor-widget-text-editor\" data-id=\"4c2e6b3\" data-element_type=\"widget\" data-e-type=\"widget\" data-widget_type=\"text-editor.default\">\n\t\t\t\t\t\t\t\t\t<h2>Conditions d'utilisation<\/h2>\n<p><em>Derni\u00e8re mise \u00e0 jour : 07 d\u00e9cembre 2023<\/em><\/p>\n\n<p>Bienvenue sur le site web de MTM (Mold Trial Material). En acc\u00e9dant ou en utilisant notre site web \u00e0 <a href=\"http:\/\/www.mtmresin.com\/fr\/\" target=\"_blank\">www.mtmresin.com<\/a>, En utilisant notre site, vous acceptez d'\u00eatre li\u00e9 par les termes et conditions suivants. Si vous n'acceptez pas ces conditions, veuillez ne pas utiliser notre site.<\/p>\n\n<hr>\n\n<h3>1. Utilisation du site web<\/h3>\n<p>Ce site est destin\u00e9 aux entreprises et aux professionnels qui recherchent un soutien pour les mat\u00e9riaux d'essai des moules en Chine. Vous acceptez d'utiliser le site \u00e0 des fins commerciales l\u00e9gales uniquement et non pour une activit\u00e9 susceptible de nuire \u00e0 MTM, \u00e0 ses utilisateurs ou \u00e0 ses services connexes.<\/p>\n\n<hr>\n\n<h3>2. Pr\u00e9cision de l'information<\/h3>\n<p>Nous nous effor\u00e7ons de fournir des informations pr\u00e9cises et actualis\u00e9es sur la disponibilit\u00e9 du mat\u00e9riel d'essai des moules. Toutefois, nous ne garantissons pas l'exhaustivit\u00e9, la fiabilit\u00e9 ou l'exactitude de l'ensemble du contenu. MTM se r\u00e9serve le droit de mettre \u00e0 jour ou de corriger les informations \u00e0 tout moment et sans pr\u00e9avis.<\/p>\n\n<hr>\n\n<h3>3. Propri\u00e9t\u00e9 intellectuelle<\/h3>\n<p>Tous les logos, le contenu, les images et les donn\u00e9es figurant sur ce site appartiennent \u00e0 MTM, sauf indication contraire. Il est interdit de copier, modifier, distribuer ou r\u00e9utiliser toute partie de ce site sans autorisation \u00e9crite pr\u00e9alable.<\/p>\n\n<hr>\n\n<h3>4. Limitation de la responsabilit\u00e9<\/h3>\n<p>MTM n'est pas responsable des pertes directes ou indirectes r\u00e9sultant de l'utilisation ou de l'impossibilit\u00e9 d'utiliser ce site web, y compris les retards dans les essais de moule dus \u00e0 la disponibilit\u00e9 du mat\u00e9riel ou des informations sur le site.<\/p>\n\n<hr>\n\n<h3>5. Liens externes<\/h3>\n<p>Notre site web peut inclure des liens vers d'autres sites web pour votre r\u00e9f\u00e9rence. MTM n'est pas responsable du contenu ou des pratiques des sites tiers.<\/p>\n\n<hr>\n\n<h3>6. Respect de la vie priv\u00e9e<\/h3>\n<p>Votre utilisation de ce site est \u00e9galement r\u00e9gie par notre <a href=\"\/fr\/politique-de-confidentialite\/\" target=\"_blank\">Politique de confidentialit\u00e9<\/a>. Veuillez le consulter pour comprendre comment nous collectons et utilisons les informations.<\/p>\n\n<hr>\n\n<h3>7. Mises \u00e0 jour des conditions<\/h3>\n<p>MTM peut mettre \u00e0 jour ces conditions de service \u00e0 tout moment. Les modifications seront effectives d\u00e8s leur publication sur cette page. Il est de votre responsabilit\u00e9 de consulter r\u00e9guli\u00e8rement cette page.<\/p>\n\n<hr>\n\n<h3>8. Informations sur les contacts<\/h3>\n<p>Si vous avez des questions concernant ces conditions, veuillez nous contacter :<\/p>\n<p><strong>Courriel :<\/strong> <a href=\"mailto:info@mtmresin.com\">info@mtmresin.com<\/a><br>\n<strong>Site web :<\/strong> <a href=\"http:\/\/www.mtmresin.com\/fr\/\" target=\"_blank\">www.mtmresin.com<\/a><\/p>\t\t\t\t\t\t\t\t<\/div>\n\t\t\t\t\t<\/div>\n\t\t\t\t<\/div>\n\t\t\t\t<\/div>","protected":false},"excerpt":{"rendered":"<p>Conditions d'utilisation Derni\u00e8re mise \u00e0 jour : 07 d\u00e9cembre 2023 Bienvenue sur le site web de MTM (Mold Trial Material). En acc\u00e9dant \u00e0 notre site web \u00e0 l'adresse www.mtmresin.com ou en l'utilisant, vous acceptez d'\u00eatre li\u00e9 par les conditions g\u00e9n\u00e9rales suivantes. Si vous n'acceptez pas ces conditions, veuillez ne pas utiliser notre site. 1. Utilisation du site web Ce site est [...]<\/p>","protected":false},"author":1,"featured_media":0,"parent":0,"menu_order":0,"comment_status":"closed","ping_status":"closed","template":"","meta":{"_seopress_robots_primary_cat":"","_seopress_titles_title":"","_seopress_titles_desc":"","_seopress_robots_index":"","footnotes":""},"class_list":["post-308","page","type-page","status-publish","hentry"],"_links":{"self":[{"href":"https:\/\/www.mtmresin.com\/fr\/wp-json\/wp\/v2\/pages\/308","targetHints":{"allow":["GET"]}}],"collection":[{"href":"https:\/\/www.mtmresin.com\/fr\/wp-json\/wp\/v2\/pages"}],"about":[{"href":"https:\/\/www.mtmresin.com\/fr\/wp-json\/wp\/v2\/types\/page"}],"author":[{"embeddable":true,"href":"https:\/\/www.mtmresin.com\/fr\/wp-json\/wp\/v2\/users\/1"}],"replies":[{"embeddable":true,"href":"https:\/\/www.mtmresin.com\/fr\/wp-json\/wp\/v2\/comments?post=308"}],"version-history":[{"count":4,"href":"https:\/\/www.mtmresin.com\/fr\/wp-json\/wp\/v2\/pages\/308\/revisions"}],"predecessor-version":[{"id":312,"href":"https:\/\/www.mtmresin.com\/fr\/wp-json\/wp\/v2\/pages\/308\/revisions\/312"}],"wp:attachment":[{"href":"https:\/\/www.mtmresin.com\/fr\/wp-json\/wp\/v2\/media?parent=308"}],"curies":[{"name":"wp","href":"https:\/\/api.w.org\/{rel}","templated":true}]}}