{"id":313,"date":"2025-12-20T13:50:06","date_gmt":"2025-12-20T13:50:06","guid":{"rendered":"https:\/\/www.mtmresin.com\/?page_id=313"},"modified":"2025-12-20T13:51:42","modified_gmt":"2025-12-20T13:51:42","slug":"politique-en-matiere-de-cookies","status":"publish","type":"page","link":"https:\/\/www.mtmresin.com\/fr\/politique-en-matiere-de-cookies\/","title":{"rendered":"Politique en mati\u00e8re de cookies"},"content":{"rendered":"<div data-elementor-type=\"wp-page\" data-elementor-id=\"313\" class=\"elementor elementor-313\" data-elementor-post-type=\"page\">\n\t\t\t\t<div class=\"elementor-element elementor-element-cb40067 e-flex e-con-boxed e-con e-parent\" data-id=\"cb40067\" data-element_type=\"container\" data-e-type=\"container\">\n\t\t\t\t\t<div class=\"e-con-inner\">\n\t\t\t\t<div class=\"elementor-element elementor-element-861a083 elementor-widget elementor-widget-text-editor\" data-id=\"861a083\" data-element_type=\"widget\" data-e-type=\"widget\" data-widget_type=\"text-editor.default\">\n\t\t\t\t\t\t\t\t\t<h2>Politique en mati\u00e8re de cookies<\/h2>\n<p><em>Derni\u00e8re mise \u00e0 jour : 11 d\u00e9cembre 2024<\/em><\/p>\n\n<p>La pr\u00e9sente politique en mati\u00e8re de cookies explique comment MTM (Mold Trial Material) utilise les cookies et autres technologies similaires sur son site web : <a href=\"http:\/\/www.mtmresin.com\/fr\/\" target=\"_blank\">www.mtmresin.com<\/a>.<\/p>\n\n<hr>\n\n<h3>1. Qu'est-ce qu'un cookie ?<\/h3>\n<p>Les cookies sont de petits fichiers texte stock\u00e9s sur votre navigateur ou votre appareil lorsque vous visitez un site web. Ils permettent au site web de reconna\u00eetre votre navigateur et de stocker des pr\u00e9f\u00e9rences ou des donn\u00e9es d'activit\u00e9 pour une meilleure exp\u00e9rience utilisateur.<\/p>\n\n<hr>\n\n<h3>2. Pourquoi nous utilisons des cookies<\/h3>\n<p>Nous utilisons des cookies aux fins suivantes :<\/p>\n<ul>\n  <li><strong>Fonctionnalit\u00e9 du site web :<\/strong> Veiller au bon fonctionnement des fonctionnalit\u00e9s cl\u00e9s, telles que la navigation sur les pages et les soumissions de formulaires.<\/li>\n  <li><strong>Analyse :<\/strong> Comprendre comment les visiteurs interagissent avec notre site afin d'en am\u00e9liorer les performances et la convivialit\u00e9.<\/li>\n  <li><strong>Pr\u00e9f\u00e9rences de l'utilisateur :<\/strong> M\u00e9morisation de vos param\u00e8tres pr\u00e9c\u00e9dents ou de votre choix de langue afin d'am\u00e9liorer votre prochaine visite.<\/li>\n<\/ul>\n\n<hr>\n\n<h3>3. Types de cookies que nous utilisons<\/h3>\n<ul>\n  <li><strong>Cookies essentiels :<\/strong> N\u00e9cessaires au fonctionnement du site web. Ils ne peuvent pas \u00eatre d\u00e9sactiv\u00e9s par le biais des param\u00e8tres des cookies.<\/li>\n  <li><strong>Cookies de performance :<\/strong> nous aider \u00e0 analyser l'utilisation du site, comme le nombre total de visites et le temps pass\u00e9 sur chaque page.<\/li>\n<\/ul>\n\n<hr>\n\n<h3>4. Comment g\u00e9rer les cookies<\/h3>\n<p>Vous pouvez contr\u00f4ler les param\u00e8tres des cookies par l'interm\u00e9diaire de votre navigateur. La plupart des navigateurs vous permettent de bloquer ou de supprimer les cookies dans leur menu de configuration.<\/p>\n<p>N'oubliez pas que la d\u00e9sactivation de certains cookies peut affecter le fonctionnement du site web.<\/p>\n\n<hr>\n\n<h3>5. Cookies de tiers<\/h3>\n<p>Nous pouvons utiliser des outils tiers (tels que des fournisseurs d'analyses) qui placent \u00e9galement des cookies sur votre appareil. Ces cookies sont g\u00e9r\u00e9s par les fournisseurs externes et sont soumis \u00e0 leurs propres politiques de confidentialit\u00e9.<\/p>\n\n<hr>\n\n<h3>6. Modifications de la pr\u00e9sente politique en mati\u00e8re de cookies<\/h3>\n<p>Nous pouvons mettre \u00e0 jour la pr\u00e9sente politique en mati\u00e8re de cookies de temps \u00e0 autre. Toute modification sera affich\u00e9e sur cette page avec une date de mise \u00e0 jour en haut. Veuillez consulter r\u00e9guli\u00e8rement cette page pour prendre connaissance des mises \u00e0 jour.<\/p>\n\n<hr>\n\n<h3>7. Nous contacter<\/h3>\n<p>Si vous avez des questions concernant notre utilisation des cookies, veuillez nous contacter :<\/p>\n<p><strong>Courriel :<\/strong> <a href=\"mailto:info@mtmresin.com\">info@mtmresin.com<\/a><br>\n<strong>Site web :<\/strong> <a href=\"http:\/\/www.mtmresin.com\/fr\/\" target=\"_blank\">www.mtmresin.com<\/a><\/p>\t\t\t\t\t\t\t\t<\/div>\n\t\t\t\t\t<\/div>\n\t\t\t\t<\/div>\n\t\t\t\t<\/div>","protected":false},"excerpt":{"rendered":"<p>Politique en mati\u00e8re de cookies Derni\u00e8re mise \u00e0 jour : 11 d\u00e9cembre 2024 La pr\u00e9sente politique en mati\u00e8re de cookies explique comment MTM (Mold Trial Material) utilise des cookies et des technologies similaires sur son site web : www.mtmresin.com. 1. Que sont les cookies ? Les cookies sont de petits fichiers texte stock\u00e9s sur votre navigateur ou votre appareil lorsque vous visitez un site web. Ils permettent au site web de reconna\u00eetre votre navigateur et de stocker [...]<\/p>","protected":false},"author":1,"featured_media":0,"parent":0,"menu_order":0,"comment_status":"closed","ping_status":"closed","template":"","meta":{"_seopress_robots_primary_cat":"","_seopress_titles_title":"","_seopress_titles_desc":"","_seopress_robots_index":"","footnotes":""},"class_list":["post-313","page","type-page","status-publish","hentry"],"_links":{"self":[{"href":"https:\/\/www.mtmresin.com\/fr\/wp-json\/wp\/v2\/pages\/313","targetHints":{"allow":["GET"]}}],"collection":[{"href":"https:\/\/www.mtmresin.com\/fr\/wp-json\/wp\/v2\/pages"}],"about":[{"href":"https:\/\/www.mtmresin.com\/fr\/wp-json\/wp\/v2\/types\/page"}],"author":[{"embeddable":true,"href":"https:\/\/www.mtmresin.com\/fr\/wp-json\/wp\/v2\/users\/1"}],"replies":[{"embeddable":true,"href":"https:\/\/www.mtmresin.com\/fr\/wp-json\/wp\/v2\/comments?post=313"}],"version-history":[{"count":7,"href":"https:\/\/www.mtmresin.com\/fr\/wp-json\/wp\/v2\/pages\/313\/revisions"}],"predecessor-version":[{"id":320,"href":"https:\/\/www.mtmresin.com\/fr\/wp-json\/wp\/v2\/pages\/313\/revisions\/320"}],"wp:attachment":[{"href":"https:\/\/www.mtmresin.com\/fr\/wp-json\/wp\/v2\/media?parent=313"}],"curies":[{"name":"wp","href":"https:\/\/api.w.org\/{rel}","templated":true}]}}