{"id":308,"date":"2025-12-20T13:47:33","date_gmt":"2025-12-20T13:47:33","guid":{"rendered":"https:\/\/www.mtmresin.com\/?page_id=308"},"modified":"2025-12-20T13:49:18","modified_gmt":"2025-12-20T13:49:18","slug":"condizioni-di-servizio","status":"publish","type":"page","link":"https:\/\/www.mtmresin.com\/it\/condizioni-di-servizio\/","title":{"rendered":"Termini di servizio"},"content":{"rendered":"<div data-elementor-type=\"wp-page\" data-elementor-id=\"308\" class=\"elementor elementor-308\" data-elementor-post-type=\"page\">\n\t\t\t\t<div class=\"elementor-element elementor-element-35e5268 e-flex e-con-boxed e-con e-parent\" data-id=\"35e5268\" data-element_type=\"container\" data-e-type=\"container\">\n\t\t\t\t\t<div class=\"e-con-inner\">\n\t\t\t\t<div class=\"elementor-element elementor-element-4c2e6b3 elementor-widget elementor-widget-text-editor\" data-id=\"4c2e6b3\" data-element_type=\"widget\" data-e-type=\"widget\" data-widget_type=\"text-editor.default\">\n\t\t\t\t\t\t\t\t\t<h2>Termini di servizio<\/h2>\n<p><em>Ultimo aggiornamento: 07 dicembre 2023<\/em><\/p>\n\n<p>Benvenuti sul sito web di MTM (Mold Trial Material). Accedendo o utilizzando il nostro sito web all'indirizzo <a href=\"http:\/\/www.mtmresin.com\/it\/\" target=\"_blank\">www.mtmresin.com<\/a>, l'utente accetta di essere vincolato dai seguenti termini e condizioni. Se non si accettano questi termini, si prega di non utilizzare il nostro sito.<\/p>\n\n<hr>\n\n<h3>1. Utilizzo del sito web<\/h3>\n<p>Questo sito \u00e8 destinato alle aziende e ai professionisti che cercano supporto per i materiali di prova degli stampi in Cina. L'utente accetta di utilizzare il sito solo per scopi commerciali leciti e non per attivit\u00e0 che possano danneggiare MTM, i suoi utenti o i servizi correlati.<\/p>\n\n<hr>\n\n<h3>2. Precisione delle informazioni<\/h3>\n<p>Il nostro obiettivo \u00e8 quello di fornire informazioni accurate e aggiornate sulla disponibilit\u00e0 di materiale di prova per stampi. Tuttavia, non garantiamo la completezza, l'affidabilit\u00e0 o l'accuratezza di tutti i contenuti. MTM si riserva il diritto di aggiornare o correggere le informazioni in qualsiasi momento senza preavviso.<\/p>\n\n<hr>\n\n<h3>3. Propriet\u00e0 intellettuale<\/h3>\n<p>Tutti i loghi, i contenuti, le immagini e i dati mostrati in questo sito web appartengono a MTM, salvo diversa indicazione. Non \u00e8 consentito copiare, modificare, distribuire o riutilizzare alcuna parte di questo sito senza previa autorizzazione scritta.<\/p>\n\n<hr>\n\n<h3>4. Limitazione di responsabilit\u00e0<\/h3>\n<p>MTM non \u00e8 responsabile di eventuali perdite dirette o indirette derivanti dall'uso o dall'impossibilit\u00e0 di usare questo sito web, compresi i ritardi nella prova stampo dovuti alla disponibilit\u00e0 del materiale o delle informazioni del sito.<\/p>\n\n<hr>\n\n<h3>5. Collegamenti esterni<\/h3>\n<p>Il nostro sito web pu\u00f2 includere collegamenti ad altri siti web per il vostro riferimento. MTM non \u00e8 responsabile del contenuto o delle pratiche dei siti di terzi.<\/p>\n\n<hr>\n\n<h3>6. La privacy<\/h3>\n<p>L'utilizzo di questo sito \u00e8 regolato anche dalla nostra <a href=\"\/it\/informativa-sulla-privacy\/\" target=\"_blank\">Informativa sulla privacy<\/a>. Vi invitiamo a prenderne visione per capire come raccogliamo e utilizziamo le informazioni.<\/p>\n\n<hr>\n\n<h3>7. Aggiornamenti dei termini<\/h3>\n<p>MTM pu\u00f2 aggiornare i presenti Termini di servizio in qualsiasi momento. Le modifiche saranno effettive una volta pubblicate su questa pagina. \u00c8 responsabilit\u00e0 dell'utente rivedere periodicamente questa pagina.<\/p>\n\n<hr>\n\n<h3>8. Informazioni di contatto<\/h3>\n<p>In caso di domande su questi termini, vi preghiamo di contattarci:<\/p>\n<p><strong>E-mail:<\/strong> <a href=\"mailto:info@mtmresin.com\">info@mtmresin.com<\/a><br>\n<strong>Sito web:<\/strong> <a href=\"http:\/\/www.mtmresin.com\/it\/\" target=\"_blank\">www.mtmresin.com<\/a><\/p>\t\t\t\t\t\t\t\t<\/div>\n\t\t\t\t\t<\/div>\n\t\t\t\t<\/div>\n\t\t\t\t<\/div>","protected":false},"excerpt":{"rendered":"<p>Termini di servizio Ultimo aggiornamento: 07 dicembre 2023 Benvenuti sul sito web di MTM (Mold Trial Material). Accedendo o utilizzando il nostro sito Web all'indirizzo www.mtmresin.com, l'utente accetta di essere vincolato dai seguenti termini e condizioni. Se non si accettano questi termini, si prega di non utilizzare il nostro sito. 1. Utilizzo del sito web Questo sito \u00e8 [...]<\/p>","protected":false},"author":1,"featured_media":0,"parent":0,"menu_order":0,"comment_status":"closed","ping_status":"closed","template":"","meta":{"_seopress_robots_primary_cat":"","_seopress_titles_title":"","_seopress_titles_desc":"","_seopress_robots_index":"","footnotes":""},"class_list":["post-308","page","type-page","status-publish","hentry"],"_links":{"self":[{"href":"https:\/\/www.mtmresin.com\/it\/wp-json\/wp\/v2\/pages\/308","targetHints":{"allow":["GET"]}}],"collection":[{"href":"https:\/\/www.mtmresin.com\/it\/wp-json\/wp\/v2\/pages"}],"about":[{"href":"https:\/\/www.mtmresin.com\/it\/wp-json\/wp\/v2\/types\/page"}],"author":[{"embeddable":true,"href":"https:\/\/www.mtmresin.com\/it\/wp-json\/wp\/v2\/users\/1"}],"replies":[{"embeddable":true,"href":"https:\/\/www.mtmresin.com\/it\/wp-json\/wp\/v2\/comments?post=308"}],"version-history":[{"count":4,"href":"https:\/\/www.mtmresin.com\/it\/wp-json\/wp\/v2\/pages\/308\/revisions"}],"predecessor-version":[{"id":312,"href":"https:\/\/www.mtmresin.com\/it\/wp-json\/wp\/v2\/pages\/308\/revisions\/312"}],"wp:attachment":[{"href":"https:\/\/www.mtmresin.com\/it\/wp-json\/wp\/v2\/media?parent=308"}],"curies":[{"name":"wp","href":"https:\/\/api.w.org\/{rel}","templated":true}]}}