{"id":308,"date":"2025-12-20T13:47:33","date_gmt":"2025-12-20T13:47:33","guid":{"rendered":"https:\/\/www.mtmresin.com\/?page_id=308"},"modified":"2025-12-20T13:49:18","modified_gmt":"2025-12-20T13:49:18","slug":"warunki-swiadczenia-uslug","status":"publish","type":"page","link":"https:\/\/www.mtmresin.com\/pl\/warunki-swiadczenia-uslug\/","title":{"rendered":"Warunki \u015bwiadczenia us\u0142ug"},"content":{"rendered":"<div data-elementor-type=\"wp-page\" data-elementor-id=\"308\" class=\"elementor elementor-308\" data-elementor-post-type=\"page\">\n\t\t\t\t<div class=\"elementor-element elementor-element-35e5268 e-flex e-con-boxed e-con e-parent\" data-id=\"35e5268\" data-element_type=\"container\" data-e-type=\"container\">\n\t\t\t\t\t<div class=\"e-con-inner\">\n\t\t\t\t<div class=\"elementor-element elementor-element-4c2e6b3 elementor-widget elementor-widget-text-editor\" data-id=\"4c2e6b3\" data-element_type=\"widget\" data-e-type=\"widget\" data-widget_type=\"text-editor.default\">\n\t\t\t\t\t\t\t\t\t<h2>Warunki \u015bwiadczenia us\u0142ug<\/h2>\n<p><em>Ostatnia aktualizacja: 07 grudnia 2023 r.<\/em><\/p>\n\n<p>Witamy na stronie internetowej MTM (Mold Trial Material). Uzyskuj\u0105c dost\u0119p lub korzystaj\u0105c z naszej strony internetowej pod adresem <a href=\"http:\/\/www.mtmresin.com\/pl\/\" target=\"_blank\">www.mtmresin.com<\/a>, u\u017cytkownik wyra\u017ca zgod\u0119 na przestrzeganie poni\u017cszych warunk\u00f3w. Je\u015bli nie akceptujesz tych warunk\u00f3w, nie korzystaj z naszej witryny.<\/p>\n\n<hr>\n\n<h3>1. Korzystanie z witryny<\/h3>\n<p>Ta strona jest przeznaczona dla firm i profesjonalist\u00f3w poszukuj\u0105cych wsparcia w zakresie materia\u0142\u00f3w do testowania form w Chinach. U\u017cytkownik zgadza si\u0119 korzysta\u0107 z witryny wy\u0142\u0105cznie w zgodnych z prawem celach biznesowych, a nie do jakichkolwiek dzia\u0142a\u0144, kt\u00f3re mog\u0105 zaszkodzi\u0107 MTM, jej u\u017cytkownikom lub powi\u0105zanym us\u0142ugom.<\/p>\n\n<hr>\n\n<h3>2. Dok\u0142adno\u015b\u0107 informacji<\/h3>\n<p>Naszym celem jest dostarczanie dok\u0142adnych i aktualnych informacji dotycz\u0105cych dost\u0119pno\u015bci materia\u0142\u00f3w do pr\u00f3b form. Nie gwarantujemy jednak kompletno\u015bci, wiarygodno\u015bci ani dok\u0142adno\u015bci wszystkich tre\u015bci. MTM zastrzega sobie prawo do aktualizacji lub poprawiania informacji w dowolnym momencie bez uprzedzenia.<\/p>\n\n<hr>\n\n<h3>3. W\u0142asno\u015b\u0107 intelektualna<\/h3>\n<p>Wszystkie logo, tre\u015bci, obrazy i dane przedstawione na tej stronie nale\u017c\u0105 do MTM, chyba \u017ce okre\u015blono inaczej. Zabrania si\u0119 kopiowania, modyfikowania, rozpowszechniania lub ponownego wykorzystywania jakiejkolwiek cz\u0119\u015bci tej witryny bez uprzedniej pisemnej zgody.<\/p>\n\n<hr>\n\n<h3>4. Ograniczenie odpowiedzialno\u015bci<\/h3>\n<p>MTM nie ponosi odpowiedzialno\u015bci za jakiekolwiek bezpo\u015brednie lub po\u015brednie straty wynikaj\u0105ce z korzystania lub niemo\u017cno\u015bci korzystania z tej strony internetowej, w tym op\u00f3\u017anie\u0144 w procesie formowania ze wzgl\u0119du na dost\u0119pno\u015b\u0107 materia\u0142\u00f3w lub informacji na stronie.<\/p>\n\n<hr>\n\n<h3>5. Linki zewn\u0119trzne<\/h3>\n<p>Nasza strona internetowa mo\u017ce zawiera\u0107 linki do innych stron internetowych. MTM nie ponosi odpowiedzialno\u015bci za tre\u015bci lub praktyki stosowane na stronach os\u00f3b trzecich.<\/p>\n\n<hr>\n\n<h3>6. Prywatno\u015b\u0107<\/h3>\n<p>Korzystanie z tej witryny jest r\u00f3wnie\u017c regulowane przez nasz\u0105 <a href=\"\/pl\/polityka-prywatnosci\/\" target=\"_blank\">Polityka prywatno\u015bci<\/a>. Zapoznaj si\u0119 z nim, aby zrozumie\u0107, w jaki spos\u00f3b gromadzimy i wykorzystujemy informacje.<\/p>\n\n<hr>\n\n<h3>7. Aktualizacje warunk\u00f3w<\/h3>\n<p>MTM mo\u017ce aktualizowa\u0107 niniejsze Warunki \u015bwiadczenia us\u0142ug w dowolnym momencie. Zmiany wejd\u0105 w \u017cycie po ich opublikowaniu na tej stronie. Obowi\u0105zkiem u\u017cytkownika jest okresowe przegl\u0105danie tej strony.<\/p>\n\n<hr>\n\n<h3>8. Informacje kontaktowe<\/h3>\n<p>W przypadku jakichkolwiek pyta\u0144 dotycz\u0105cych niniejszych warunk\u00f3w, prosimy o kontakt:<\/p>\n<p><strong>E-mail:<\/strong> <a href=\"mailto:info@mtmresin.com\">info@mtmresin.com<\/a><br>\n<strong>Strona internetowa:<\/strong> <a href=\"http:\/\/www.mtmresin.com\/pl\/\" target=\"_blank\">www.mtmresin.com<\/a><\/p>\t\t\t\t\t\t\t\t<\/div>\n\t\t\t\t\t<\/div>\n\t\t\t\t<\/div>\n\t\t\t\t<\/div>","protected":false},"excerpt":{"rendered":"<p>Warunki \u015bwiadczenia us\u0142ug Ostatnia aktualizacja: 07 grudnia 2023 Witamy na stronie internetowej MTM (Mold Trial Material). Uzyskuj\u0105c dost\u0119p do naszej witryny internetowej pod adresem www.mtmresin.com lub korzystaj\u0105c z niej, u\u017cytkownik wyra\u017ca zgod\u0119 na przestrzeganie poni\u017cszych warunk\u00f3w. Je\u015bli nie akceptujesz tych warunk\u00f3w, nie korzystaj z naszej witryny. 1. Korzystanie z witryny Ta witryna jest [...]<\/p>","protected":false},"author":1,"featured_media":0,"parent":0,"menu_order":0,"comment_status":"closed","ping_status":"closed","template":"","meta":{"_seopress_robots_primary_cat":"","_seopress_titles_title":"","_seopress_titles_desc":"","_seopress_robots_index":"","footnotes":""},"class_list":["post-308","page","type-page","status-publish","hentry"],"_links":{"self":[{"href":"https:\/\/www.mtmresin.com\/pl\/wp-json\/wp\/v2\/pages\/308","targetHints":{"allow":["GET"]}}],"collection":[{"href":"https:\/\/www.mtmresin.com\/pl\/wp-json\/wp\/v2\/pages"}],"about":[{"href":"https:\/\/www.mtmresin.com\/pl\/wp-json\/wp\/v2\/types\/page"}],"author":[{"embeddable":true,"href":"https:\/\/www.mtmresin.com\/pl\/wp-json\/wp\/v2\/users\/1"}],"replies":[{"embeddable":true,"href":"https:\/\/www.mtmresin.com\/pl\/wp-json\/wp\/v2\/comments?post=308"}],"version-history":[{"count":4,"href":"https:\/\/www.mtmresin.com\/pl\/wp-json\/wp\/v2\/pages\/308\/revisions"}],"predecessor-version":[{"id":312,"href":"https:\/\/www.mtmresin.com\/pl\/wp-json\/wp\/v2\/pages\/308\/revisions\/312"}],"wp:attachment":[{"href":"https:\/\/www.mtmresin.com\/pl\/wp-json\/wp\/v2\/media?parent=308"}],"curies":[{"name":"wp","href":"https:\/\/api.w.org\/{rel}","templated":true}]}}