{"id":49,"date":"2025-12-14T05:39:49","date_gmt":"2025-12-14T05:39:49","guid":{"rendered":"https:\/\/www.mtmresin.com\/?page_id=49"},"modified":"2025-12-20T13:26:03","modified_gmt":"2025-12-20T13:26:03","slug":"servico","status":"publish","type":"page","link":"https:\/\/www.mtmresin.com\/pt\/servico\/","title":{"rendered":"Servi\u00e7o"},"content":{"rendered":"<div data-elementor-type=\"wp-page\" data-elementor-id=\"49\" class=\"elementor elementor-49\" data-elementor-post-type=\"page\">\n\t\t\t\t<div class=\"elementor-element elementor-element-155331cd e-flex e-con-boxed e-con e-parent\" data-id=\"155331cd\" data-element_type=\"container\" data-e-type=\"container\">\n\t\t\t\t\t<div class=\"e-con-inner\">\n\t\t<div class=\"elementor-element elementor-element-131b18a0 e-con-full e-flex e-con e-child\" data-id=\"131b18a0\" data-element_type=\"container\" data-e-type=\"container\">\n\t\t\t\t<div class=\"elementor-element elementor-element-75e9faba elementor-widget elementor-widget-heading\" data-id=\"75e9faba\" data-element_type=\"widget\" data-e-type=\"widget\" data-widget_type=\"heading.default\">\n\t\t\t\t\t<h2 class=\"elementor-heading-title elementor-size-default\">Todos os servi\u00e7os\n\n<\/h2>\t\t\t\t<\/div>\n\t\t\t\t<div class=\"elementor-element elementor-element-1721fa60 elementor-tablet-align-justify elementor-align-justify elementor-widget elementor-widget-button\" data-id=\"1721fa60\" data-element_type=\"widget\" data-e-type=\"widget\" data-widget_type=\"button.default\">\n\t\t\t\t\t\t\t\t\t\t<a class=\"elementor-button elementor-button-link elementor-size-sm\" href=\"#\">\n\t\t\t\t\t\t<span class=\"elementor-button-content-wrapper\">\n\t\t\t\t\t\t\t\t\t<span class=\"elementor-button-text\">Fornecimento global de resinas  <\/span>\n\t\t\t\t\t<\/span>\n\t\t\t\t\t<\/a>\n\t\t\t\t\t\t\t\t<\/div>\n\t\t\t\t<div class=\"elementor-element elementor-element-4e327cfd elementor-tablet-align-justify elementor-align-justify elementor-widget elementor-widget-button\" data-id=\"4e327cfd\" data-element_type=\"widget\" data-e-type=\"widget\" data-widget_type=\"button.default\">\n\t\t\t\t\t\t\t\t\t\t<a class=\"elementor-button elementor-button-link elementor-size-sm\" href=\"#\">\n\t\t\t\t\t\t<span class=\"elementor-button-content-wrapper\">\n\t\t\t\t\t\t\t\t\t<span class=\"elementor-button-text\">Apoio de grau alternativo<\/span>\n\t\t\t\t\t<\/span>\n\t\t\t\t\t<\/a>\n\t\t\t\t\t\t\t\t<\/div>\n\t\t\t\t<div class=\"elementor-element elementor-element-39c49580 elementor-tablet-align-justify elementor-align-justify elementor-widget elementor-widget-button\" data-id=\"39c49580\" data-element_type=\"widget\" data-e-type=\"widget\" data-widget_type=\"button.default\">\n\t\t\t\t\t\t\t\t\t\t<a class=\"elementor-button elementor-button-link elementor-size-sm\" href=\"#\">\n\t\t\t\t\t\t<span class=\"elementor-button-content-wrapper\">\n\t\t\t\t\t\t\t\t\t<span class=\"elementor-button-text\">Suporte de material de amostra  <\/span>\n\t\t\t\t\t<\/span>\n\t\t\t\t\t<\/a>\n\t\t\t\t\t\t\t\t<\/div>\n\t\t\t\t<div class=\"elementor-element elementor-element-55532616 elementor-tablet-align-justify elementor-align-justify elementor-widget elementor-widget-button\" data-id=\"55532616\" data-element_type=\"widget\" data-e-type=\"widget\" data-widget_type=\"button.default\">\n\t\t\t\t\t\t\t\t\t\t<a class=\"elementor-button elementor-button-link elementor-size-sm\" href=\"#\">\n\t\t\t\t\t\t<span class=\"elementor-button-content-wrapper\">\n\t\t\t\t\t\t\t\t\t<span class=\"elementor-button-text\">Correspond\u00eancia de cores personalizada  <\/span>\n\t\t\t\t\t<\/span>\n\t\t\t\t\t<\/a>\n\t\t\t\t\t\t\t\t<\/div>\n\t\t\t\t<div class=\"elementor-element elementor-element-505f79be elementor-tablet-align-justify elementor-align-justify elementor-widget elementor-widget-button\" data-id=\"505f79be\" data-element_type=\"widget\" data-e-type=\"widget\" data-widget_type=\"button.default\">\n\t\t\t\t\t\t\t\t\t\t<a class=\"elementor-button elementor-button-link elementor-size-sm\" href=\"#\">\n\t\t\t\t\t\t<span class=\"elementor-button-content-wrapper\">\n\t\t\t\t\t\t\t\t\t<span class=\"elementor-button-text\">Ficha t\u00e9cnica Acesso  <\/span>\n\t\t\t\t\t<\/span>\n\t\t\t\t\t<\/a>\n\t\t\t\t\t\t\t\t<\/div>\n\t\t\t\t<div class=\"elementor-element elementor-element-711e95cf elementor-tablet-align-justify elementor-align-justify elementor-widget elementor-widget-button\" data-id=\"711e95cf\" data-element_type=\"widget\" data-e-type=\"widget\" data-widget_type=\"button.default\">\n\t\t\t\t\t\t\t\t\t\t<a class=\"elementor-button elementor-button-link elementor-size-sm\" href=\"#\">\n\t\t\t\t\t\t<span class=\"elementor-button-content-wrapper\">\n\t\t\t\t\t\t\t\t\t<span class=\"elementor-button-text\">Consulta de candidaturas<\/span>\n\t\t\t\t\t<\/span>\n\t\t\t\t\t<\/a>\n\t\t\t\t\t\t\t\t<\/div>\n\t\t<div class=\"elementor-element elementor-element-6b386448 e-con-full e-flex e-con e-child\" data-id=\"6b386448\" data-element_type=\"container\" data-e-type=\"container\" data-settings=\"{&quot;background_background&quot;:&quot;classic&quot;}\">\n\t\t\t\t<div class=\"elementor-element elementor-element-5d5c4dd0 elementor-widget elementor-widget-heading\" data-id=\"5d5c4dd0\" data-element_type=\"widget\" data-e-type=\"widget\" data-widget_type=\"heading.default\">\n\t\t\t\t\t<h2 class=\"elementor-heading-title elementor-size-default\">Como o podemos ajudar?\n<\/h2>\t\t\t\t<\/div>\n\t\t\t\t<div class=\"elementor-element elementor-element-5802c9da elementor-widget elementor-widget-text-editor\" data-id=\"5802c9da\" data-element_type=\"widget\" data-e-type=\"widget\" data-widget_type=\"text-editor.default\">\n\t\t\t\t\t\t\t\t\t<p>MTM - O seu centro de materiais de ensaio de moldes: Pr\u00e9-armazenado na China, pronto quando voc\u00ea estiver.<\/p>\t\t\t\t\t\t\t\t<\/div>\n\t\t\t\t<div class=\"elementor-element elementor-element-424b0c1b elementor-position-inline-start elementor-view-default elementor-mobile-position-block-start elementor-widget elementor-widget-icon-box\" data-id=\"424b0c1b\" data-element_type=\"widget\" data-e-type=\"widget\" data-widget_type=\"icon-box.default\">\n\t\t\t\t\t\t\t<div class=\"elementor-icon-box-wrapper\">\n\n\t\t\t\t\t\t<div class=\"elementor-icon-box-icon\">\n\t\t\t\t<span  class=\"elementor-icon\">\n\t\t\t\t<i aria-hidden=\"true\" class=\"icon icon-phone-call1\"><\/i>\t\t\t\t<\/span>\n\t\t\t<\/div>\n\t\t\t\n\t\t\t\t\t\t<div class=\"elementor-icon-box-content\">\n\n\t\t\t\t\t\t\t\t\t<h3 class=\"elementor-icon-box-title\">\n\t\t\t\t\t\t<span  >\n\t\t\t\t\t\t\tContacto\t\t\t\t\t\t<\/span>\n\t\t\t\t\t<\/h3>\n\t\t\t\t\n\t\t\t\t\t\t\t\t\t<p class=\"elementor-icon-box-description\">\n\t\t\t\t\t\t+86 18925855152\n<br>\ninfo@mtmresin.com\n\t\t\t\t\t<\/p>\n\t\t\t\t\n\t\t\t<\/div>\n\t\t\t\n\t\t<\/div>\n\t\t\t\t\t\t<\/div>\n\t\t\t\t<\/div>\n\t\t\t\t<\/div>\n\t\t<div class=\"elementor-element elementor-element-ceaf81f e-con-full e-flex e-con e-child\" data-id=\"ceaf81f\" data-element_type=\"container\" data-e-type=\"container\">\n\t\t\t\t<div class=\"elementor-element elementor-element-5c97d9d elementor-widget elementor-widget-heading\" data-id=\"5c97d9d\" data-element_type=\"widget\" data-e-type=\"widget\" data-widget_type=\"heading.default\">\n\t\t\t\t\t<h2 class=\"elementor-heading-title elementor-size-default\">Marcas de materiais globais de confian\u00e7a<\/h2>\t\t\t\t<\/div>\n\t\t\t\t<div class=\"elementor-element elementor-element-d010b7d elementor-widget elementor-widget-text-editor\" data-id=\"d010b7d\" data-element_type=\"widget\" data-e-type=\"widget\" data-widget_type=\"text-editor.default\">\n\t\t\t\t\t\t\t\t\t<p>Estabelecemos parcerias com fabricantes de pol\u00edmeros de renome mundial para fornecer solu\u00e7\u00f5es de materiais consistentes e de elevado desempenho.<\/p><p>Na MTM (Mold Trial Material), colaboramos com os principais fornecedores mundiais para fornecer pl\u00e1sticos de engenharia, pol\u00edmeros de elevado desempenho e op\u00e7\u00f5es de base biol\u00f3gica para uma vasta gama de ind\u00fastrias.<\/p><p>Quer necessite de um aprovisionamento alternativo, acesso a folhas de dados ou correspond\u00eancia t\u00e9cnica, a nossa equipa assegura um apoio fi\u00e1vel e uma coordena\u00e7\u00e3o transparente em todas as etapas.<\/p>\t\t\t\t\t\t\t\t<\/div>\n\t\t\t\t<div class=\"elementor-element elementor-element-6a145785 elementor-widget elementor-widget-image\" data-id=\"6a145785\" data-element_type=\"widget\" data-e-type=\"widget\" data-widget_type=\"image.default\">\n\t\t\t\t\t\t\t\t\t\t\t\t\t\t\t<img alt=\"\" fetchpriority=\"high\" decoding=\"async\" width=\"990\" height=\"583\" src=\"https:\/\/www.mtmresin.com\/wp-content\/uploads\/2025\/12\/our-suppliers.webp\" class=\"attachment-full size-full wp-image-230\" srcset=\"https:\/\/www.mtmresin.com\/wp-content\/uploads\/2025\/12\/our-suppliers.webp 990w, https:\/\/www.mtmresin.com\/wp-content\/uploads\/2025\/12\/our-suppliers-300x177.webp 300w, https:\/\/www.mtmresin.com\/wp-content\/uploads\/2025\/12\/our-suppliers-768x452.webp 768w\" sizes=\"(max-width: 990px) 100vw, 990px\" \/>\t\t\t\t\t\t\t\t\t\t\t\t\t\t\t<\/div>\n\t\t\t\t<div class=\"elementor-element elementor-element-17829d94 elementor-widget elementor-widget-heading\" data-id=\"17829d94\" data-element_type=\"widget\" data-e-type=\"widget\" data-widget_type=\"heading.default\">\n\t\t\t\t\t<h2 class=\"elementor-heading-title elementor-size-default\">Resinas de engenharia pr\u00e9-estocadas - prontas quando voc\u00ea precisar delas\n<\/h2>\t\t\t\t<\/div>\n\t\t\t\t<div class=\"elementor-element elementor-element-12dc4a1a elementor-widget elementor-widget-text-editor\" data-id=\"12dc4a1a\" data-element_type=\"widget\" data-e-type=\"widget\" data-widget_type=\"text-editor.default\">\n\t\t\t\t\t\t\t\t\t<p>Na MTM, ajudamos as equipas globais a simplificar a fase de teste de moldes na China, resolvendo os atrasos no fornecimento de material. Em vez de esperar por remessas para o exterior, sua resina de teste j\u00e1 est\u00e1 aqui - armazenada localmente e pronta para uso. Quer necessite de materiais de marca ou de graus equivalentes, a nossa solu\u00e7\u00e3o de pr\u00e9-armazenamento proporciona-lhe um acesso mais r\u00e1pido com custos log\u00edsticos mais baixos e sem problemas alfandeg\u00e1rios.<\/p><p>Cada projeto \u00e9 diferente. \u00c9 por isso que apoiamos planos flex\u00edveis com base nas especifica\u00e7\u00f5es de resina do cliente, nos hor\u00e1rios das casas de moldes e nos prazos de testes urgentes. O nosso invent\u00e1rio local reduz o tempo de inatividade, evita atrasos nos projectos e mant\u00e9m a sua equipa no caminho certo para uma itera\u00e7\u00e3o r\u00e1pida e uma entrega atempada.<\/p>\t\t\t\t\t\t\t\t<\/div>\n\t\t\t\t<div class=\"elementor-element elementor-element-64fa2b05 elementor-widget elementor-widget-heading\" data-id=\"64fa2b05\" data-element_type=\"widget\" data-e-type=\"widget\" data-widget_type=\"heading.default\">\n\t\t\t\t\t<h2 class=\"elementor-heading-title elementor-size-default\">O nosso processo de fornecimento para ensaios de moldes\n<\/h2>\t\t\t\t<\/div>\n\t\t\t\t<div class=\"elementor-element elementor-element-38bf780e elementor-widget elementor-widget-text-editor\" data-id=\"38bf780e\" data-element_type=\"widget\" data-e-type=\"widget\" data-widget_type=\"text-editor.default\">\n\t\t\t\t\t\t\t\t\t<p>Desde a consulta at\u00e9 a entrega, a MTM garante que seus materiais de teste estejam prontos em cada etapa. Asseguramos o alinhamento total com a especifica\u00e7\u00e3o do material, o cronograma e os objetivos do teste.<\/p>\t\t\t\t\t\t\t\t<\/div>\n\t\t\t\t<div class=\"elementor-element elementor-element-24f71f27 elementor-widget elementor-widget-heading\" data-id=\"24f71f27\" data-element_type=\"widget\" data-e-type=\"widget\" data-widget_type=\"heading.default\">\n\t\t\t\t\t<h2 class=\"elementor-heading-title elementor-size-default\">1. Verifica\u00e7\u00e3o das necessidades de material\n\n<\/h2>\t\t\t\t<\/div>\n\t\t\t\t<div class=\"elementor-element elementor-element-6c7c541f elementor-widget elementor-widget-text-editor\" data-id=\"6c7c541f\" data-element_type=\"widget\" data-e-type=\"widget\" data-widget_type=\"text-editor.default\">\n\t\t\t\t\t\t\t\t\t<p>O utilizador fornece a sua marca ou especifica\u00e7\u00e3o de resina. Confirmamos se a correspond\u00eancia exacta ou equivalente est\u00e1 dispon\u00edvel no nosso stock local. Se necess\u00e1rio, ajudamos a encontrar substitutos compat\u00edveis com compara\u00e7\u00e3o TDS.<\/p>\t\t\t\t\t\t\t\t<\/div>\n\t\t\t\t<div class=\"elementor-element elementor-element-52224f2c elementor-widget elementor-widget-heading\" data-id=\"52224f2c\" data-element_type=\"widget\" data-e-type=\"widget\" data-widget_type=\"heading.default\">\n\t\t\t\t\t<h2 class=\"elementor-heading-title elementor-size-default\">2. Confirma\u00e7\u00e3o das especifica\u00e7\u00f5es e coordena\u00e7\u00e3o da resposta\n\n\n<\/h2>\t\t\t\t<\/div>\n\t\t\t\t<div class=\"elementor-element elementor-element-90f4b4e elementor-widget elementor-widget-text-editor\" data-id=\"90f4b4e\" data-element_type=\"widget\" data-e-type=\"widget\" data-widget_type=\"text-editor.default\">\n\t\t\t\t\t\t\t\t\t<p>Verificamos novamente a marca, o grau e as especifica\u00e7\u00f5es de cada material com base no seu pedido. Se for necess\u00e1rio algum esclarecimento, coordenaremos prontamente com a sua equipa para garantir que tudo est\u00e1 alinhado antes do envio. O nosso papel \u00e9 garantir que obt\u00e9m o material correto - tal como encomendado, sem atrasos.<\/p>\t\t\t\t\t\t\t\t<\/div>\n\t\t\t\t<div class=\"elementor-element elementor-element-15ce7128 elementor-widget elementor-widget-heading\" data-id=\"15ce7128\" data-element_type=\"widget\" data-e-type=\"widget\" data-widget_type=\"heading.default\">\n\t\t\t\t\t<h2 class=\"elementor-heading-title elementor-size-default\">3. Entrega local e fornecimento r\u00e1pido\n\n\n\n<\/h2>\t\t\t\t<\/div>\n\t\t\t\t<div class=\"elementor-element elementor-element-36d96465 elementor-widget elementor-widget-text-editor\" data-id=\"36d96465\" data-element_type=\"widget\" data-e-type=\"widget\" data-widget_type=\"text-editor.default\">\n\t\t\t\t\t\t\t\t\t<p>Uma vez confirmado, entregamos os materiais diretamente na sua oficina de moldes na China. Sem atrasos no desalfandegamento. Sem esperas de transporte no estrangeiro. Apenas acesso local r\u00e1pido.<\/p>\t\t\t\t\t\t\t\t<\/div>\n\t\t\t\t<\/div>\n\t\t\t\t\t<\/div>\n\t\t\t\t<\/div>\n\t\t\t\t<\/div>","protected":false},"excerpt":{"rendered":"<p>Todos os servi\u00e7os Fornecimento global de resina Suporte alternativo de grau Suporte de material de amostra Correspond\u00eancia de cor personalizada Ficha t\u00e9cnica Acesso a consulta de aplica\u00e7\u00e3o Como podemos ajud\u00e1-lo? MTM - O seu centro de materiais de ensaio de moldes: Pr\u00e9-armazenado na China, pronto quando voc\u00ea estiver. Contacto +86 18925855152 info@mtmresin.com Marcas de Materiais Globais de Confian\u00e7a Temos parcerias com fabricantes de pol\u00edmeros de renome mundial para fornecer materiais consistentes, [...]<\/p>","protected":false},"author":1,"featured_media":0,"parent":0,"menu_order":0,"comment_status":"closed","ping_status":"closed","template":"","meta":{"_seopress_robots_primary_cat":"","_seopress_titles_title":"","_seopress_titles_desc":"","_seopress_robots_index":"","footnotes":""},"class_list":["post-49","page","type-page","status-publish","hentry"],"_links":{"self":[{"href":"https:\/\/www.mtmresin.com\/pt\/wp-json\/wp\/v2\/pages\/49","targetHints":{"allow":["GET"]}}],"collection":[{"href":"https:\/\/www.mtmresin.com\/pt\/wp-json\/wp\/v2\/pages"}],"about":[{"href":"https:\/\/www.mtmresin.com\/pt\/wp-json\/wp\/v2\/types\/page"}],"author":[{"embeddable":true,"href":"https:\/\/www.mtmresin.com\/pt\/wp-json\/wp\/v2\/users\/1"}],"replies":[{"embeddable":true,"href":"https:\/\/www.mtmresin.com\/pt\/wp-json\/wp\/v2\/comments?post=49"}],"version-history":[{"count":40,"href":"https:\/\/www.mtmresin.com\/pt\/wp-json\/wp\/v2\/pages\/49\/revisions"}],"predecessor-version":[{"id":285,"href":"https:\/\/www.mtmresin.com\/pt\/wp-json\/wp\/v2\/pages\/49\/revisions\/285"}],"wp:attachment":[{"href":"https:\/\/www.mtmresin.com\/pt\/wp-json\/wp\/v2\/media?parent=49"}],"curies":[{"name":"wp","href":"https:\/\/api.w.org\/{rel}","templated":true}]}}