{"id":3,"date":"2025-12-14T02:52:11","date_gmt":"2025-12-14T02:52:11","guid":{"rendered":"http:\/\/mtmresin.com\/?page_id=3"},"modified":"2025-12-20T13:45:58","modified_gmt":"2025-12-20T13:45:58","slug":"zasady-ochrany-osobnych-udajov","status":"publish","type":"page","link":"https:\/\/www.mtmresin.com\/sk\/zasady-ochrany-osobnych-udajov\/","title":{"rendered":"Z\u00e1sady ochrany osobn\u00fdch \u00fadajov"},"content":{"rendered":"<div data-elementor-type=\"wp-page\" data-elementor-id=\"3\" class=\"elementor elementor-3\" data-elementor-post-type=\"page\">\n\t\t\t\t<div class=\"elementor-element elementor-element-7d1c378 e-flex e-con-boxed e-con e-parent\" data-id=\"7d1c378\" data-element_type=\"container\" data-e-type=\"container\">\n\t\t\t\t\t<div class=\"e-con-inner\">\n\t\t\t\t<div class=\"elementor-element elementor-element-6f25b260 elementor-widget elementor-widget-text-editor\" data-id=\"6f25b260\" data-element_type=\"widget\" data-e-type=\"widget\" data-widget_type=\"text-editor.default\">\n\t\t\t\t\t\t\t\t\t<h2>Z\u00e1sady ochrany osobn\u00fdch \u00fadajov<\/h2>\n<p><em>Posledn\u00e1 aktualiz\u00e1cia: decembra 2024<\/em><\/p>\n\n<p>Spolo\u010dnos\u0165 MTM (Mold Trial Material) re\u0161pektuje va\u0161e s\u00fakromie a zav\u00e4zuje sa chr\u00e1ni\u0165 va\u0161e osobn\u00e9 \u00fadaje. Tieto z\u00e1sady ochrany osobn\u00fdch \u00fadajov vysvet\u013euj\u00fa, ako zhroma\u017e\u010fujeme, pou\u017e\u00edvame a uchov\u00e1vame va\u0161e \u00fadaje, ke\u010f nav\u0161t\u00edvite na\u0161u webov\u00fa lokalitu na adrese <a href=\"http:\/\/www.mtmresin.com\/sk\/\" target=\"_blank\">www.mtmresin.com<\/a>.<\/p>\n\n<hr>\n\n<h3>1. Inform\u00e1cie, ktor\u00e9 zhroma\u017e\u010fujeme<\/h3>\n<p>Pri pou\u017e\u00edvan\u00ed na\u0161ej webovej str\u00e1nky m\u00f4\u017eeme zhroma\u017e\u010fova\u0165 tieto typy inform\u00e1ci\u00ed:<\/p>\n<ul>\n  <li><strong>Kontaktn\u00e9 \u00fadaje:<\/strong> ako je va\u0161e meno, e-mailov\u00e1 adresa, telef\u00f3nne \u010d\u00edslo a n\u00e1zov spolo\u010dnosti - len ke\u010f vypln\u00edte formul\u00e1r alebo n\u00e1s priamo kontaktujete.<\/li>\n  <li><strong>\u00dadaje o pou\u017e\u00edvan\u00ed:<\/strong> ako je IP adresa, typ prehliada\u010da, zobrazenia str\u00e1nok a \u010das str\u00e1ven\u00fd na na\u0161ej webovej lokalite. To n\u00e1m pom\u00e1ha zlep\u0161ova\u0165 pou\u017e\u00edvate\u013esk\u00e9 sk\u00fasenosti.<\/li>\n<\/ul>\n<p>Rob\u00edme to <strong>nie<\/strong> zhroma\u017e\u010fova\u0165 citliv\u00e9 osobn\u00e9 \u00fadaje, ako s\u00fa identifika\u010dn\u00e9 \u010d\u00edsla, hesl\u00e1 alebo platobn\u00e9 inform\u00e1cie.<\/p>\n\n<hr>\n\n<h3>2. Ako pou\u017e\u00edvame va\u0161e inform\u00e1cie<\/h3>\n<p>Zozbieran\u00e9 \u00fadaje pou\u017e\u00edvame len na:<\/p>\n<ul>\n  <li>Reagova\u0165 na va\u0161e ot\u00e1zky t\u00fdkaj\u00face sa sk\u00fa\u0161obn\u00fdch materi\u00e1lov foriem;<\/li>\n  <li>Zlep\u0161i\u0165 obsah a funk\u010dnos\u0165 na\u0161ej webovej str\u00e1nky;<\/li>\n  <li>komunikova\u0165 s vami v s\u00favislosti s va\u0161imi po\u017eiadavkami alebo spolupr\u00e1cou;<\/li>\n  <li>Udr\u017eiavanie bezpe\u010dnosti webov\u00fdch str\u00e1nok a monitorovanie v\u00fdkonu syst\u00e9mu.<\/li>\n<\/ul>\n<p>Rob\u00edme to <strong>nie<\/strong> pred\u00e1va\u0165 alebo zdie\u013ea\u0165 va\u0161e osobn\u00e9 \u00fadaje s ak\u00fdmiko\u013evek marketingov\u00fdmi poskytovate\u013emi tret\u00edch str\u00e1n.<\/p>\n\n<hr>\n\n<h3>3. Cookies<\/h3>\n<p>S\u00fabory cookie pou\u017e\u00edvame na zlep\u0161enie v\u00e1\u0161ho z\u00e1\u017eitku z prehliadania. S\u00fabory cookie n\u00e1m pom\u00e1haj\u00fa pochopi\u0165, ako n\u00e1v\u0161tevn\u00edci interaguj\u00fa s na\u0161ou webovou str\u00e1nkou.<\/p>\n<p>S\u00fabory cookie m\u00f4\u017eete kedyko\u013evek zak\u00e1za\u0165 prostredn\u00edctvom nastaven\u00ed prehliada\u010da.<\/p>\n\n<hr>\n\n<h3>4. Ukladanie a bezpe\u010dnos\u0165 \u00fadajov<\/h3>\n<p>V\u0161etky \u00fadaje s\u00fa bezpe\u010dne ulo\u017een\u00e9 na d\u00f4veryhodn\u00fdch serveroch. Pou\u017e\u00edvame primeran\u00e9 bezpe\u010dnostn\u00e9 opatrenia, aby sme zabr\u00e1nili neopr\u00e1vnen\u00e9mu pr\u00edstupu, strate alebo zneu\u017eitiu va\u0161ich inform\u00e1ci\u00ed.<\/p>\n\n<hr>\n\n<h3>5. Odkazy tret\u00edch str\u00e1n<\/h3>\n<p>Na\u0161a webov\u00e1 str\u00e1nka m\u00f4\u017ee obsahova\u0165 odkazy na extern\u00e9 webov\u00e9 str\u00e1nky tret\u00edch str\u00e1n. Tieto z\u00e1sady ochrany osobn\u00fdch \u00fadajov sa na tieto webov\u00e9 str\u00e1nky nevz\u0165ahuj\u00fa a my nezodpoved\u00e1me za ich postupy.<\/p>\n\n<hr>\n\n<h3>6. Va\u0161e pr\u00e1va<\/h3>\n<p>M\u00e1te pr\u00e1vo na:<\/p>\n<ul>\n  <li>Pr\u00edstup k va\u0161im osobn\u00fdm \u00fadajom alebo ich aktualiz\u00e1cia;<\/li>\n  <li>Po\u017eiadajte o vymazanie svojich \u00fadajov;<\/li>\n  <li>S\u00fahlas m\u00f4\u017eete kedyko\u013evek odvola\u0165.<\/li>\n<\/ul>\n<p>Ak chcete uplatni\u0165 tieto pr\u00e1va, kontaktujte n\u00e1s na adrese <a href=\"mailto:info@mtmresin.com\">info@mtmresin.com<\/a>.<\/p>\n\n<hr>\n\n<h3>7. Kontaktujte n\u00e1s<\/h3>\n<p>Ak m\u00e1te ak\u00e9ko\u013evek ot\u00e1zky t\u00fdkaj\u00face sa t\u00fdchto z\u00e1sad ochrany osobn\u00fdch \u00fadajov alebo sp\u00f4sobu, ak\u00fdm naklad\u00e1me s va\u0161imi \u00fadajmi, kontaktujte n\u00e1s:<\/p>\n<p><strong>E-mail:<\/strong> <a href=\"mailto:info@mtmresin.com\">info@mtmresin.com<\/a><br>\n<strong>Webov\u00e1 lokalita:<\/strong> <a href=\"http:\/\/www.mtmresin.com\/sk\/\" target=\"_blank\">www.mtmresin.com<\/a><\/p>\n\n<hr>\n\n<p>Pou\u017e\u00edvan\u00edm na\u0161ej webovej str\u00e1nky s\u00fahlas\u00edte s podmienkami uveden\u00fdmi v t\u00fdchto Z\u00e1sad\u00e1ch ochrany osobn\u00fdch \u00fadajov.<\/p>\t\t\t\t\t\t\t\t<\/div>\n\t\t\t\t\t<\/div>\n\t\t\t\t<\/div>\n\t\t\t\t<\/div>","protected":false},"excerpt":{"rendered":"<p>Z\u00e1sady ochrany osobn\u00fdch \u00fadajov Naposledy aktualizovan\u00e9: decembra 2024 MTM (Mold Trial Material) re\u0161pektuje va\u0161e s\u00fakromie a zav\u00e4zuje sa chr\u00e1ni\u0165 va\u0161e osobn\u00e9 \u00fadaje. Tieto z\u00e1sady ochrany osobn\u00fdch \u00fadajov vysvet\u013euj\u00fa, ako zhroma\u017e\u010fujeme, pou\u017e\u00edvame a uchov\u00e1vame va\u0161e \u00fadaje, ke\u010f nav\u0161t\u00edvite na\u0161u webov\u00fa str\u00e1nku www.mtmresin.com. 1. Inform\u00e1cie, ktor\u00e9 zhroma\u017e\u010fujeme Ke\u010f pou\u017e\u00edvate na\u0161u webov\u00fa lokalitu, m\u00f4\u017eeme zhroma\u017e\u010fova\u0165 tieto inform\u00e1cie: [...]<\/p>","protected":false},"author":1,"featured_media":0,"parent":0,"menu_order":0,"comment_status":"closed","ping_status":"open","template":"","meta":{"_seopress_robots_primary_cat":"","_seopress_titles_title":"","_seopress_titles_desc":"","_seopress_robots_index":"","footnotes":""},"class_list":["post-3","page","type-page","status-publish","hentry"],"_links":{"self":[{"href":"https:\/\/www.mtmresin.com\/sk\/wp-json\/wp\/v2\/pages\/3","targetHints":{"allow":["GET"]}}],"collection":[{"href":"https:\/\/www.mtmresin.com\/sk\/wp-json\/wp\/v2\/pages"}],"about":[{"href":"https:\/\/www.mtmresin.com\/sk\/wp-json\/wp\/v2\/types\/page"}],"author":[{"embeddable":true,"href":"https:\/\/www.mtmresin.com\/sk\/wp-json\/wp\/v2\/users\/1"}],"replies":[{"embeddable":true,"href":"https:\/\/www.mtmresin.com\/sk\/wp-json\/wp\/v2\/comments?post=3"}],"version-history":[{"count":6,"href":"https:\/\/www.mtmresin.com\/sk\/wp-json\/wp\/v2\/pages\/3\/revisions"}],"predecessor-version":[{"id":307,"href":"https:\/\/www.mtmresin.com\/sk\/wp-json\/wp\/v2\/pages\/3\/revisions\/307"}],"wp:attachment":[{"href":"https:\/\/www.mtmresin.com\/sk\/wp-json\/wp\/v2\/media?parent=3"}],"curies":[{"name":"wp","href":"https:\/\/api.w.org\/{rel}","templated":true}]}}