{"id":308,"date":"2025-12-20T13:47:33","date_gmt":"2025-12-20T13:47:33","guid":{"rendered":"https:\/\/www.mtmresin.com\/?page_id=308"},"modified":"2025-12-20T13:49:18","modified_gmt":"2025-12-20T13:49:18","slug":"podmienky-poskytovania-sluzieb","status":"publish","type":"page","link":"https:\/\/www.mtmresin.com\/sk\/podmienky-poskytovania-sluzieb\/","title":{"rendered":"Podmienky slu\u017eby"},"content":{"rendered":"<div data-elementor-type=\"wp-page\" data-elementor-id=\"308\" class=\"elementor elementor-308\" data-elementor-post-type=\"page\">\n\t\t\t\t<div class=\"elementor-element elementor-element-35e5268 e-flex e-con-boxed e-con e-parent\" data-id=\"35e5268\" data-element_type=\"container\" data-e-type=\"container\">\n\t\t\t\t\t<div class=\"e-con-inner\">\n\t\t\t\t<div class=\"elementor-element elementor-element-4c2e6b3 elementor-widget elementor-widget-text-editor\" data-id=\"4c2e6b3\" data-element_type=\"widget\" data-e-type=\"widget\" data-widget_type=\"text-editor.default\">\n\t\t\t\t\t\t\t\t\t<h2>Podmienky slu\u017eby<\/h2>\n<p><em>Posledn\u00e1 aktualiz\u00e1cia: 07. decembra 2023<\/em><\/p>\n\n<p>Vitajte na webovej str\u00e1nke spolo\u010dnosti MTM (sk\u00fa\u0161obn\u00fd materi\u00e1l pre formy). Pr\u00edstupom alebo pou\u017e\u00edvan\u00edm na\u0161ej webovej str\u00e1nky na adrese <a href=\"http:\/\/www.mtmresin.com\/sk\/\" target=\"_blank\">www.mtmresin.com<\/a>, s\u00fahlas\u00edte s t\u00fdm, \u017ee sa budete riadi\u0165 t\u00fdmito podmienkami. Ak s t\u00fdmito podmienkami nes\u00fahlas\u00edte, nepou\u017e\u00edvajte na\u0161u str\u00e1nku.<\/p>\n\n<hr>\n\n<h3>1. Pou\u017e\u00edvanie webov\u00fdch str\u00e1nok<\/h3>\n<p>T\u00e1to str\u00e1nka je ur\u010den\u00e1 pre podniky a odborn\u00edkov, ktor\u00ed h\u013eadaj\u00fa podporu pre sk\u00fa\u0161obn\u00e9 materi\u00e1ly foriem v \u010c\u00edne. S\u00fahlas\u00edte s t\u00fdm, \u017ee t\u00fato str\u00e1nku budete pou\u017e\u00edva\u0165 len na z\u00e1konn\u00e9 obchodn\u00e9 \u00fa\u010dely a nie na ak\u00fako\u013evek \u010dinnos\u0165, ktor\u00e1 by mohla po\u0161kodi\u0165 spolo\u010dnos\u0165 MTM, jej pou\u017e\u00edvate\u013eov alebo s\u00favisiace slu\u017eby.<\/p>\n\n<hr>\n\n<h3>2. Presnos\u0165 inform\u00e1ci\u00ed<\/h3>\n<p>Na\u0161\u00edm cie\u013eom je poskytova\u0165 presn\u00e9 a aktu\u00e1lne inform\u00e1cie o dostupnosti sk\u00fa\u0161obn\u00e9ho materi\u00e1lu na formy. Nezaru\u010dujeme v\u0161ak \u00faplnos\u0165, spo\u013eahlivos\u0165 ani presnos\u0165 cel\u00e9ho obsahu. Spolo\u010dnos\u0165 MTM si vyhradzuje pr\u00e1vo kedyko\u013evek aktualizova\u0165 alebo opravi\u0165 inform\u00e1cie bez predch\u00e1dzaj\u00faceho upozornenia.<\/p>\n\n<hr>\n\n<h3>3. Du\u0161evn\u00e9 vlastn\u00edctvo<\/h3>\n<p>V\u0161etky log\u00e1, obsah, obr\u00e1zky a \u00fadaje uveden\u00e9 na tejto webovej str\u00e1nke patria spolo\u010dnosti MTM, pokia\u013e nie je uveden\u00e9 inak. Bez predch\u00e1dzaj\u00faceho p\u00edsomn\u00e9ho s\u00fahlasu nesmiete kop\u00edrova\u0165, upravova\u0165, \u0161\u00edri\u0165 ani op\u00e4tovne pou\u017e\u00edva\u0165 \u017eiadnu \u010das\u0165 tejto webovej str\u00e1nky.<\/p>\n\n<hr>\n\n<h3>4. Obmedzenie zodpovednosti<\/h3>\n<p>Spolo\u010dnos\u0165 MTM nezodpoved\u00e1 za \u017eiadne priame ani nepriame straty vypl\u00fdvaj\u00face z pou\u017e\u00edvania alebo nemo\u017enosti pou\u017e\u00edva\u0165 t\u00fato webov\u00fa lokalitu vr\u00e1tane oneskoren\u00ed pri sk\u00fa\u0161an\u00ed foriem v d\u00f4sledku dostupnosti materi\u00e1lu alebo inform\u00e1ci\u00ed o lokalite.<\/p>\n\n<hr>\n\n<h3>5. Extern\u00e9 odkazy<\/h3>\n<p>Na\u0161a webov\u00e1 lokalita m\u00f4\u017ee obsahova\u0165 odkazy na in\u00e9 webov\u00e9 lokality, ktor\u00e9 v\u00e1m sl\u00fa\u017eia ako referencia. Spolo\u010dnos\u0165 MTM nezodpoved\u00e1 za obsah alebo postupy ak\u00fdchko\u013evek webov\u00fdch str\u00e1nok tret\u00edch str\u00e1n.<\/p>\n\n<hr>\n\n<h3>6. Ochrana osobn\u00fdch \u00fadajov<\/h3>\n<p>Va\u0161e pou\u017e\u00edvanie tejto str\u00e1nky sa tie\u017e riadi na\u0161imi <a href=\"\/sk\/zasady-ochrany-osobnych-udajov\/\" target=\"_blank\">Z\u00e1sady ochrany osobn\u00fdch \u00fadajov<\/a>. Pre\u010d\u00edtajte si ho, aby ste pochopili, ako zhroma\u017e\u010fujeme a pou\u017e\u00edvame inform\u00e1cie.<\/p>\n\n<hr>\n\n<h3>7. Aktualiz\u00e1cie podmienok<\/h3>\n<p>Spolo\u010dnos\u0165 MTM m\u00f4\u017ee tieto Podmienky poskytovania slu\u017eieb kedyko\u013evek aktualizova\u0165. Zmeny bud\u00fa \u00fa\u010dinn\u00e9 po ich zverejnen\u00ed na tejto str\u00e1nke. Je va\u0161ou povinnos\u0165ou pravidelne kontrolova\u0165 t\u00fato str\u00e1nku.<\/p>\n\n<hr>\n\n<h3>8. Kontaktn\u00e9 inform\u00e1cie<\/h3>\n<p>Ak m\u00e1te ak\u00e9ko\u013evek ot\u00e1zky t\u00fdkaj\u00face sa t\u00fdchto podmienok, kontaktujte n\u00e1s:<\/p>\n<p><strong>E-mail:<\/strong> <a href=\"mailto:info@mtmresin.com\">info@mtmresin.com<\/a><br>\n<strong>Webov\u00e1 lokalita:<\/strong> <a href=\"http:\/\/www.mtmresin.com\/sk\/\" target=\"_blank\">www.mtmresin.com<\/a><\/p>\t\t\t\t\t\t\t\t<\/div>\n\t\t\t\t\t<\/div>\n\t\t\t\t<\/div>\n\t\t\t\t<\/div>","protected":false},"excerpt":{"rendered":"<p>Podmienky slu\u017eby Naposledy aktualizovan\u00e9: V\u00edtajte na webovej str\u00e1nke spolo\u010dnosti MTM (Mold Trial Material). Pr\u00edstupom na na\u0161u webov\u00fa lokalitu alebo jej pou\u017e\u00edvan\u00edm na adrese www.mtmresin.com s\u00fahlas\u00edte s nasleduj\u00facimi podmienkami. Ak s t\u00fdmito podmienkami nes\u00fahlas\u00edte, nepou\u017e\u00edvajte na\u0161u str\u00e1nku. 1. Pou\u017e\u00edvanie webovej lokality T\u00e1to webov\u00e1 lokalita je [...]<\/p>","protected":false},"author":1,"featured_media":0,"parent":0,"menu_order":0,"comment_status":"closed","ping_status":"closed","template":"","meta":{"_seopress_robots_primary_cat":"","_seopress_titles_title":"","_seopress_titles_desc":"","_seopress_robots_index":"","footnotes":""},"class_list":["post-308","page","type-page","status-publish","hentry"],"_links":{"self":[{"href":"https:\/\/www.mtmresin.com\/sk\/wp-json\/wp\/v2\/pages\/308","targetHints":{"allow":["GET"]}}],"collection":[{"href":"https:\/\/www.mtmresin.com\/sk\/wp-json\/wp\/v2\/pages"}],"about":[{"href":"https:\/\/www.mtmresin.com\/sk\/wp-json\/wp\/v2\/types\/page"}],"author":[{"embeddable":true,"href":"https:\/\/www.mtmresin.com\/sk\/wp-json\/wp\/v2\/users\/1"}],"replies":[{"embeddable":true,"href":"https:\/\/www.mtmresin.com\/sk\/wp-json\/wp\/v2\/comments?post=308"}],"version-history":[{"count":4,"href":"https:\/\/www.mtmresin.com\/sk\/wp-json\/wp\/v2\/pages\/308\/revisions"}],"predecessor-version":[{"id":312,"href":"https:\/\/www.mtmresin.com\/sk\/wp-json\/wp\/v2\/pages\/308\/revisions\/312"}],"wp:attachment":[{"href":"https:\/\/www.mtmresin.com\/sk\/wp-json\/wp\/v2\/media?parent=308"}],"curies":[{"name":"wp","href":"https:\/\/api.w.org\/{rel}","templated":true}]}}