{"id":44,"date":"2025-12-14T05:38:53","date_gmt":"2025-12-14T05:38:53","guid":{"rendered":"https:\/\/www.mtmresin.com\/?page_id=44"},"modified":"2025-12-20T09:54:24","modified_gmt":"2025-12-20T09:54:24","slug":"o","status":"publish","type":"page","link":"https:\/\/www.mtmresin.com\/sk\/o\/","title":{"rendered":"O str\u00e1nke"},"content":{"rendered":"<div data-elementor-type=\"wp-page\" data-elementor-id=\"44\" class=\"elementor elementor-44\" data-elementor-post-type=\"page\">\n\t\t\t\t<div class=\"elementor-element elementor-element-311d4adf e-flex e-con-boxed e-con e-parent\" data-id=\"311d4adf\" data-element_type=\"container\" data-e-type=\"container\" data-settings=\"{&quot;background_background&quot;:&quot;classic&quot;}\">\n\t\t\t\t\t<div class=\"e-con-inner\">\n\t\t<div class=\"elementor-element elementor-element-54ecdbb7 e-con-full e-flex e-con e-child\" data-id=\"54ecdbb7\" data-element_type=\"container\" data-e-type=\"container\">\n\t\t\t\t<div class=\"elementor-element elementor-element-37d04385 elementor-tablet-align-center elementor-icon-list--layout-inline elementor-align-center elementor-widget__width-auto elementor-list-item-link-full_width elementor-widget elementor-widget-icon-list\" data-id=\"37d04385\" data-element_type=\"widget\" data-e-type=\"widget\" data-widget_type=\"icon-list.default\">\n\t\t\t\t\t\t\t<ul class=\"elementor-icon-list-items elementor-inline-items\">\n\t\t\t\t\t\t\t<li class=\"elementor-icon-list-item elementor-inline-item\">\n\t\t\t\t\t\t\t\t\t\t\t<span class=\"elementor-icon-list-icon\">\n\t\t\t\t\t\t\t<svg aria-hidden=\"true\" class=\"e-font-icon-svg e-fas-truck\" viewbox=\"0 0 640 512\" xmlns=\"http:\/\/www.w3.org\/2000\/svg\"><path d=\"M624 352h-16V243.9c0-12.7-5.1-24.9-14.1-33.9L494 110.1c-9-9-21.2-14.1-33.9-14.1H416V48c0-26.5-21.5-48-48-48H48C21.5 0 0 21.5 0 48v320c0 26.5 21.5 48 48 48h16c0 53 43 96 96 96s96-43 96-96h128c0 53 43 96 96 96s96-43 96-96h48c8.8 0 16-7.2 16-16v-32c0-8.8-7.2-16-16-16zM160 464c-26.5 0-48-21.5-48-48s21.5-48 48-48 48 21.5 48 48-21.5 48-48 48zm320 0c-26.5 0-48-21.5-48-48s21.5-48 48-48 48 21.5 48 48-21.5 48-48 48zm80-208H416V144h44.1l99.9 99.9V256z\"><\/path><\/svg>\t\t\t\t\t\t<\/span>\n\t\t\t\t\t\t\t\t\t\t<span class=\"elementor-icon-list-text\">Kto sme<\/span>\n\t\t\t\t\t\t\t\t\t<\/li>\n\t\t\t\t\t\t<\/ul>\n\t\t\t\t\t\t<\/div>\n\t\t\t\t<div class=\"elementor-element elementor-element-6bde435 elementor-headline--style-highlight elementor-widget elementor-widget-animated-headline\" data-id=\"6bde435\" data-element_type=\"widget\" data-e-type=\"widget\" data-settings=\"{&quot;highlighted_text&quot;:&quot;Mold Trial Material in China&quot;,&quot;headline_style&quot;:&quot;highlight&quot;,&quot;marker&quot;:&quot;circle&quot;,&quot;loop&quot;:&quot;yes&quot;,&quot;highlight_animation_duration&quot;:1200,&quot;highlight_iteration_delay&quot;:8000}\" data-widget_type=\"animated-headline.default\">\n\t\t\t\t\t\t\t<h3 class=\"elementor-headline\">\n\t\t\t\t\t<span class=\"elementor-headline-plain-text elementor-headline-text-wrapper\">V\u00e1\u0161 d\u00f4veryhodn\u00fd zdroj pre<\/span>\n\t\t\t\t<span class=\"elementor-headline-dynamic-wrapper elementor-headline-text-wrapper\">\n\t\t\t\t\t<span class=\"elementor-headline-dynamic-text elementor-headline-text-active\">Sk\u00fa\u0161obn\u00fd materi\u00e1l pre formy v \u010c\u00edne<\/span>\n\t\t\t\t<\/span>\n\t\t\t\t<\/h3>\n\t\t\t\t\t\t<\/div>\n\t\t\t\t<div class=\"elementor-element elementor-element-18755cd6 elementor-widget elementor-widget-text-editor\" data-id=\"18755cd6\" data-element_type=\"widget\" data-e-type=\"widget\" data-widget_type=\"text-editor.default\">\n\t\t\t\t\t\t\t\t\t<p>S technol\u00f3giou MTM nie je potrebn\u00e9 posiela\u0165 sk\u00fa\u0161obn\u00fd materi\u00e1l na formy zo zahrani\u010dia. Potrebn\u00e9 materi\u00e1ly m\u00e1me na sklade v \u010c\u00edne, tak\u017ee v\u00e1\u0161 t\u00edm sa m\u00f4\u017ee vyhn\u00fa\u0165 dlh\u00fdm dodac\u00edm lehot\u00e1m, coln\u00fdm zdr\u017eaniam a vysok\u00fdm n\u00e1kladom na dopravu.<\/p>\t\t\t\t\t\t\t\t<\/div>\n\t\t\t\t<div class=\"elementor-element elementor-element-2648187c elementor-view-stacked elementor-shape-square elementor-position-inline-start elementor-mobile-position-block-start elementor-widget elementor-widget-icon-box\" data-id=\"2648187c\" data-element_type=\"widget\" data-e-type=\"widget\" data-widget_type=\"icon-box.default\">\n\t\t\t\t\t\t\t<div class=\"elementor-icon-box-wrapper\">\n\n\t\t\t\t\t\t<div class=\"elementor-icon-box-icon\">\n\t\t\t\t<span  class=\"elementor-icon\">\n\t\t\t\t<svg aria-hidden=\"true\" class=\"e-font-icon-svg e-fas-globe\" viewbox=\"0 0 496 512\" xmlns=\"http:\/\/www.w3.org\/2000\/svg\"><path d=\"M336.5 160C322 70.7 287.8 8 248 8s-74 62.7-88.5 152h177zM152 256c0 22.2 1.2 43.5 3.3 64h185.3c2.1-20.5 3.3-41.8 3.3-64s-1.2-43.5-3.3-64H155.3c-2.1 20.5-3.3 41.8-3.3 64zm324.7-96c-28.6-67.9-86.5-120.4-158-141.6 24.4 33.8 41.2 84.7 50 141.6h108zM177.2 18.4C105.8 39.6 47.8 92.1 19.3 160h108c8.7-56.9 25.5-107.8 49.9-141.6zM487.4 192H372.7c2.1 21 3.3 42.5 3.3 64s-1.2 43-3.3 64h114.6c5.5-20.5 8.6-41.8 8.6-64s-3.1-43.5-8.5-64zM120 256c0-21.5 1.2-43 3.3-64H8.6C3.2 212.5 0 233.8 0 256s3.2 43.5 8.6 64h114.6c-2-21-3.2-42.5-3.2-64zm39.5 96c14.5 89.3 48.7 152 88.5 152s74-62.7 88.5-152h-177zm159.3 141.6c71.4-21.2 129.4-73.7 158-141.6h-108c-8.8 56.9-25.6 107.8-50 141.6zM19.3 352c28.6 67.9 86.5 120.4 158 141.6-24.4-33.8-41.2-84.7-50-141.6h-108z\"><\/path><\/svg>\t\t\t\t<\/span>\n\t\t\t<\/div>\n\t\t\t\n\t\t\t\t\t\t<div class=\"elementor-icon-box-content\">\n\n\t\t\t\t\t\t\t\t\t<h3 class=\"elementor-icon-box-title\">\n\t\t\t\t\t\t<span  >\n\t\t\t\t\t\t\tPredskladnen\u00e9 v \u010c\u00edne\t\t\t\t\t\t<\/span>\n\t\t\t\t\t<\/h3>\n\t\t\t\t\n\t\t\t\t\t\t\t\t\t<p class=\"elementor-icon-box-description\">\n\t\t\t\t\t\tV \u010c\u00edne m\u00e1me vopred pripraven\u00fd \u0161irok\u00fd sortiment \u017eiv\u00edc<span style=\"font-size: 14px\">\u2014<\/span>nemus\u00edte \u010daka\u0165 na medzin\u00e1rodn\u00e9 z\u00e1sielky, \u010do v\u00e1m pom\u00f4\u017ee u\u0161etri\u0165 t\u00fd\u017edne prepravn\u00e9ho \u010dasu a logistick\u00fdch n\u00e1kladov.\t\t\t\t\t<\/p>\n\t\t\t\t\n\t\t\t<\/div>\n\t\t\t\n\t\t<\/div>\n\t\t\t\t\t\t<\/div>\n\t\t\t\t<div class=\"elementor-element elementor-element-67ef887 elementor-view-stacked elementor-shape-square elementor-position-inline-start elementor-mobile-position-block-start elementor-widget elementor-widget-icon-box\" data-id=\"67ef887\" data-element_type=\"widget\" data-e-type=\"widget\" data-widget_type=\"icon-box.default\">\n\t\t\t\t\t\t\t<div class=\"elementor-icon-box-wrapper\">\n\n\t\t\t\t\t\t<div class=\"elementor-icon-box-icon\">\n\t\t\t\t<span  class=\"elementor-icon\">\n\t\t\t\t<i aria-hidden=\"true\" class=\"icon icon-right-mark\"><\/i>\t\t\t\t<\/span>\n\t\t\t<\/div>\n\t\t\t\n\t\t\t\t\t\t<div class=\"elementor-icon-box-content\">\n\n\t\t\t\t\t\t\t\t\t<h3 class=\"elementor-icon-box-title\">\n\t\t\t\t\t\t<span  >\n\t\t\t\t\t\t\tPresn\u00e9 materi\u00e1ly, pod\u013ea \u0161pecifik\u00e1cie\t\t\t\t\t\t<\/span>\n\t\t\t\t\t<\/h3>\n\t\t\t\t\n\t\t\t\t\t\t\t\t\t<p class=\"elementor-icon-box-description\">\n\t\t\t\t\t\tDod\u00e1vame presne tie triedy a zna\u010dky \u017eiv\u00edc, ktor\u00e9 po\u017eadujete - 100%, bez n\u00e1hrad.\t\t\t\t\t<\/p>\n\t\t\t\t\n\t\t\t<\/div>\n\t\t\t\n\t\t<\/div>\n\t\t\t\t\t\t<\/div>\n\t\t\t\t<div class=\"elementor-element elementor-element-3b4431ad elementor-tablet-align-center elementor-widget elementor-widget-button\" data-id=\"3b4431ad\" data-element_type=\"widget\" data-e-type=\"widget\" data-widget_type=\"button.default\">\n\t\t\t\t\t\t\t\t\t\t<a class=\"elementor-button elementor-button-link elementor-size-sm\" href=\"#elementor-action%3Aaction%3Dpopup%3Aopen%26settings%3DeyJpZCI6IjI2MiIsInRvZ2dsZSI6ZmFsc2V9\">\n\t\t\t\t\t\t<span class=\"elementor-button-content-wrapper\">\n\t\t\t\t\t\t<span class=\"elementor-button-icon\">\n\t\t\t\t<i aria-hidden=\"true\" class=\"ti-arrow-top-right\"><\/i>\t\t\t<\/span>\n\t\t\t\t\t\t\t\t\t<span class=\"elementor-button-text\">Z\u00edskajte cenov\u00fa ponuku<\/span>\n\t\t\t\t\t<\/span>\n\t\t\t\t\t<\/a>\n\t\t\t\t\t\t\t\t<\/div>\n\t\t\t\t<\/div>\n\t\t<div class=\"elementor-element elementor-element-6ae90978 e-con-full e-flex e-con e-child\" data-id=\"6ae90978\" data-element_type=\"container\" data-e-type=\"container\">\n\t\t<div class=\"elementor-element elementor-element-48554b28 e-con-full e-flex e-con e-child\" data-id=\"48554b28\" data-element_type=\"container\" data-e-type=\"container\" data-settings=\"{&quot;background_background&quot;:&quot;classic&quot;}\">\n\t\t\t\t<div class=\"elementor-element elementor-element-36767c9d elementor-widget elementor-widget-spacer\" data-id=\"36767c9d\" data-element_type=\"widget\" data-e-type=\"widget\" data-widget_type=\"spacer.default\">\n\t\t\t\t\t\t\t<div class=\"elementor-spacer\">\n\t\t\t<div class=\"elementor-spacer-inner\"><\/div>\n\t\t<\/div>\n\t\t\t\t\t\t<\/div>\n\t\t\t\t<\/div>\n\t\t<div class=\"elementor-element elementor-element-734dafc4 e-con-full e-flex e-con e-child\" data-id=\"734dafc4\" data-element_type=\"container\" data-e-type=\"container\" data-settings=\"{&quot;background_background&quot;:&quot;classic&quot;}\">\n\t\t\t\t<div class=\"elementor-element elementor-element-6579b35a elementor-hidden-mobile elementor-absolute elementor-widget elementor-widget-counter\" data-id=\"6579b35a\" data-element_type=\"widget\" data-e-type=\"widget\" data-settings=\"{&quot;_position&quot;:&quot;absolute&quot;}\" data-widget_type=\"counter.default\">\n\t\t\t\t\t\t\t<div class=\"elementor-counter\">\n\t\t\t<div class=\"elementor-counter-title\">Roky sk\u00fasenost\u00ed <\/div>\t\t\t<div class=\"elementor-counter-number-wrapper\">\n\t\t\t\t<span class=\"elementor-counter-number-prefix\"><\/span>\n\t\t\t\t<span class=\"elementor-counter-number\" data-duration=\"2000\" data-to-value=\"15\" data-from-value=\"0\" data-delimiter=\",\">0<\/span>\n\t\t\t\t<span class=\"elementor-counter-number-suffix\">+<\/span>\n\t\t\t<\/div>\n\t\t<\/div>\n\t\t\t\t\t\t<\/div>\n\t\t\t\t<\/div>\n\t\t\t\t<\/div>\n\t\t\t\t\t<\/div>\n\t\t\t\t<\/div>\n\t\t<div class=\"elementor-element elementor-element-71a9c6b7 e-flex e-con-boxed e-con e-parent\" data-id=\"71a9c6b7\" data-element_type=\"container\" data-e-type=\"container\" data-settings=\"{&quot;background_background&quot;:&quot;gradient&quot;}\">\n\t\t\t\t\t<div class=\"e-con-inner\">\n\t\t<div class=\"elementor-element elementor-element-1b725369 e-con-full e-flex e-con e-child\" data-id=\"1b725369\" data-element_type=\"container\" data-e-type=\"container\">\n\t\t<div class=\"elementor-element elementor-element-43c0b61c e-con-full e-flex e-con e-child\" data-id=\"43c0b61c\" data-element_type=\"container\" data-e-type=\"container\">\n\t\t\t\t<div class=\"elementor-element elementor-element-4fdc3725 elementor-widget__width-initial elementor-view-default elementor-widget elementor-widget-icon\" data-id=\"4fdc3725\" data-element_type=\"widget\" data-e-type=\"widget\" data-widget_type=\"icon.default\">\n\t\t\t\t\t\t\t<div class=\"elementor-icon-wrapper\">\n\t\t\t<div class=\"elementor-icon\">\n\t\t\t<i aria-hidden=\"true\" class=\"icon icon-dropbox-2\"><\/i>\t\t\t<\/div>\n\t\t<\/div>\n\t\t\t\t\t\t<\/div>\n\t\t\t\t<div class=\"elementor-element elementor-element-410b5fca elementor-widget__width-initial elementor-widget elementor-widget-counter\" data-id=\"410b5fca\" data-element_type=\"widget\" data-e-type=\"widget\" data-widget_type=\"counter.default\">\n\t\t\t\t\t\t\t<div class=\"elementor-counter\">\n\t\t\t<div class=\"elementor-counter-title\">Zna\u010dky \u017eiv\u00edc na sklade<\/div>\t\t\t<div class=\"elementor-counter-number-wrapper\">\n\t\t\t\t<span class=\"elementor-counter-number-prefix\"><\/span>\n\t\t\t\t<span class=\"elementor-counter-number\" data-duration=\"2000\" data-to-value=\"40\" data-from-value=\"0\" data-delimiter=\",\">0<\/span>\n\t\t\t\t<span class=\"elementor-counter-number-suffix\">+<\/span>\n\t\t\t<\/div>\n\t\t<\/div>\n\t\t\t\t\t\t<\/div>\n\t\t\t\t<\/div>\n\t\t<div class=\"elementor-element elementor-element-216724f7 e-con-full e-flex e-con e-child\" data-id=\"216724f7\" data-element_type=\"container\" data-e-type=\"container\">\n\t\t\t\t<div class=\"elementor-element elementor-element-79ddec75 elementor-widget__width-initial elementor-view-default elementor-widget elementor-widget-icon\" data-id=\"79ddec75\" data-element_type=\"widget\" data-e-type=\"widget\" data-widget_type=\"icon.default\">\n\t\t\t\t\t\t\t<div class=\"elementor-icon-wrapper\">\n\t\t\t<div class=\"elementor-icon\">\n\t\t\t<svg aria-hidden=\"true\" class=\"e-font-icon-svg e-fas-globe-africa\" viewbox=\"0 0 496 512\" xmlns=\"http:\/\/www.w3.org\/2000\/svg\"><path d=\"M248 8C111.03 8 0 119.03 0 256s111.03 248 248 248 248-111.03 248-248S384.97 8 248 8zm160 215.5v6.93c0 5.87-3.32 11.24-8.57 13.86l-15.39 7.7a15.485 15.485 0 0 1-15.53-.97l-18.21-12.14a15.52 15.52 0 0 0-13.5-1.81l-2.65.88c-9.7 3.23-13.66 14.79-7.99 23.3l13.24 19.86c2.87 4.31 7.71 6.9 12.89 6.9h8.21c8.56 0 15.5 6.94 15.5 15.5v11.34c0 3.35-1.09 6.62-3.1 9.3l-18.74 24.98c-1.42 1.9-2.39 4.1-2.83 6.43l-4.3 22.83c-.62 3.29-2.29 6.29-4.76 8.56a159.608 159.608 0 0 0-25 29.16l-13.03 19.55a27.756 27.756 0 0 1-23.09 12.36c-10.51 0-20.12-5.94-24.82-15.34a78.902 78.902 0 0 1-8.33-35.29V367.5c0-8.56-6.94-15.5-15.5-15.5h-25.88c-14.49 0-28.38-5.76-38.63-16a54.659 54.659 0 0 1-16-38.63v-14.06c0-17.19 8.1-33.38 21.85-43.7l27.58-20.69a54.663 54.663 0 0 1 32.78-10.93h.89c8.48 0 16.85 1.97 24.43 5.77l14.72 7.36c3.68 1.84 7.93 2.14 11.83.84l47.31-15.77c6.33-2.11 10.6-8.03 10.6-14.7 0-8.56-6.94-15.5-15.5-15.5h-10.09c-4.11 0-8.05-1.63-10.96-4.54l-6.92-6.92a15.493 15.493 0 0 0-10.96-4.54H199.5c-8.56 0-15.5-6.94-15.5-15.5v-4.4c0-7.11 4.84-13.31 11.74-15.04l14.45-3.61c3.74-.94 7-3.23 9.14-6.44l8.08-12.11c2.87-4.31 7.71-6.9 12.89-6.9h24.21c8.56 0 15.5-6.94 15.5-15.5v-21.7C359.23 71.63 422.86 131.02 441.93 208H423.5c-8.56 0-15.5 6.94-15.5 15.5z\"><\/path><\/svg>\t\t\t<\/div>\n\t\t<\/div>\n\t\t\t\t\t\t<\/div>\n\t\t\t\t<div class=\"elementor-element elementor-element-6b5dcb47 elementor-widget__width-initial elementor-widget elementor-widget-counter\" data-id=\"6b5dcb47\" data-element_type=\"widget\" data-e-type=\"widget\" data-widget_type=\"counter.default\">\n\t\t\t\t\t\t\t<div class=\"elementor-counter\">\n\t\t\t<div class=\"elementor-counter-title\">Obsluhovan\u00e9 krajiny<\/div>\t\t\t<div class=\"elementor-counter-number-wrapper\">\n\t\t\t\t<span class=\"elementor-counter-number-prefix\"><\/span>\n\t\t\t\t<span class=\"elementor-counter-number\" data-duration=\"2000\" data-to-value=\"31\" data-from-value=\"0\" data-delimiter=\",\">0<\/span>\n\t\t\t\t<span class=\"elementor-counter-number-suffix\"><\/span>\n\t\t\t<\/div>\n\t\t<\/div>\n\t\t\t\t\t\t<\/div>\n\t\t\t\t<\/div>\n\t\t<div class=\"elementor-element elementor-element-23d744a9 e-con-full e-flex e-con e-child\" data-id=\"23d744a9\" data-element_type=\"container\" data-e-type=\"container\">\n\t\t\t\t<div class=\"elementor-element elementor-element-53916952 elementor-widget__width-initial elementor-view-default elementor-widget elementor-widget-icon\" data-id=\"53916952\" data-element_type=\"widget\" data-e-type=\"widget\" data-widget_type=\"icon.default\">\n\t\t\t\t\t\t\t<div class=\"elementor-icon-wrapper\">\n\t\t\t<div class=\"elementor-icon\">\n\t\t\t<i aria-hidden=\"true\" class=\"icon icon-one\"><\/i>\t\t\t<\/div>\n\t\t<\/div>\n\t\t\t\t\t\t<\/div>\n\t\t\t\t<div class=\"elementor-element elementor-element-3eb03774 elementor-widget__width-initial elementor-widget elementor-widget-counter\" data-id=\"3eb03774\" data-element_type=\"widget\" data-e-type=\"widget\" data-widget_type=\"counter.default\">\n\t\t\t\t\t\t\t<div class=\"elementor-counter\">\n\t\t\t<div class=\"elementor-counter-title\">Roky exspir\u00e1cie<\/div>\t\t\t<div class=\"elementor-counter-number-wrapper\">\n\t\t\t\t<span class=\"elementor-counter-number-prefix\"><\/span>\n\t\t\t\t<span class=\"elementor-counter-number\" data-duration=\"2000\" data-to-value=\"15\" data-from-value=\"0\" data-delimiter=\",\">0<\/span>\n\t\t\t\t<span class=\"elementor-counter-number-suffix\"><\/span>\n\t\t\t<\/div>\n\t\t<\/div>\n\t\t\t\t\t\t<\/div>\n\t\t\t\t<\/div>\n\t\t\t\t<\/div>\n\t\t\t\t\t<\/div>\n\t\t\t\t<\/div>\n\t\t<div class=\"elementor-element elementor-element-403362a0 e-flex e-con-boxed e-con e-parent\" data-id=\"403362a0\" data-element_type=\"container\" data-e-type=\"container\" data-settings=\"{&quot;background_background&quot;:&quot;classic&quot;}\">\n\t\t\t\t\t<div class=\"e-con-inner\">\n\t\t<div class=\"elementor-element elementor-element-8289631 e-con-full e-flex e-con e-child\" data-id=\"8289631\" data-element_type=\"container\" data-e-type=\"container\">\n\t\t<div class=\"elementor-element elementor-element-22c2b9ed e-con-full e-flex e-con e-child\" data-id=\"22c2b9ed\" data-element_type=\"container\" data-e-type=\"container\">\n\t\t\t\t<div class=\"elementor-element elementor-element-d9583f0 elementor-headline--style-highlight elementor-widget elementor-widget-animated-headline\" data-id=\"d9583f0\" data-element_type=\"widget\" data-e-type=\"widget\" data-settings=\"{&quot;highlighted_text&quot;:&quot;History&quot;,&quot;headline_style&quot;:&quot;highlight&quot;,&quot;marker&quot;:&quot;circle&quot;,&quot;loop&quot;:&quot;yes&quot;,&quot;highlight_animation_duration&quot;:1200,&quot;highlight_iteration_delay&quot;:8000}\" data-widget_type=\"animated-headline.default\">\n\t\t\t\t\t\t\t<h3 class=\"elementor-headline\">\n\t\t\t\t\t<span class=\"elementor-headline-plain-text elementor-headline-text-wrapper\">MTM<\/span>\n\t\t\t\t<span class=\"elementor-headline-dynamic-wrapper elementor-headline-text-wrapper\">\n\t\t\t\t\t<span class=\"elementor-headline-dynamic-text elementor-headline-text-active\">Hist\u00f3ria<\/span>\n\t\t\t\t<\/span>\n\t\t\t\t<\/h3>\n\t\t\t\t\t\t<\/div>\n\t\t\t\t<\/div>\n\t\t<div class=\"elementor-element elementor-element-3c0fa0c9 e-con-full e-flex e-con e-child\" data-id=\"3c0fa0c9\" data-element_type=\"container\" data-e-type=\"container\">\n\t\t\t\t<\/div>\n\t\t\t\t<\/div>\n\t\t<div class=\"elementor-element elementor-element-20837786 e-con-full e-flex e-con e-child\" data-id=\"20837786\" data-element_type=\"container\" data-e-type=\"container\">\n\t\t<div class=\"elementor-element elementor-element-8c31375 e-flex e-con-boxed e-con e-child\" data-id=\"8c31375\" data-element_type=\"container\" data-e-type=\"container\">\n\t\t\t\t\t<div class=\"e-con-inner\">\n\t\t\t\t<div class=\"elementor-element elementor-element-1458592 elementor-widget elementor-widget-text-editor\" data-id=\"1458592\" data-element_type=\"widget\" data-e-type=\"widget\" data-widget_type=\"text-editor.default\">\n\t\t\t\t\t\t\t\t\t<p>Korene spolo\u010dnosti MTM siahaj\u00fa do roku 2009, ke\u010f bola prv\u00fdkr\u00e1t zalo\u017een\u00e1 ako spolo\u010dnos\u0165 zaoberaj\u00faca sa distrib\u00faciou plastov\u00fdch \u017eiv\u00edc a \u0161pecializuj\u00faca sa na z\u00edskavanie a dod\u00e1vanie vysoko\u00fa\u010dinn\u00fdch polym\u00e9rnych materi\u00e1lov. U\u017e viac ako desa\u0165 rokov poskytujeme slu\u017eby klientom v \u0161irokej \u0161k\u00e1le priemyseln\u00fdch odvetv\u00ed, ktor\u00e9 vy\u017eaduj\u00fa plasty kritickej kvality, vr\u00e1tane:<br \/>Automobilov\u00fd priemysel, lek\u00e1rstvo a zdravotn\u00edctvo, spotrebn\u00e1 elektronika, dom\u00e1ce spotrebi\u010de, priemyseln\u00e9 zariadenia a stroje, obaly a plasty prich\u00e1dzaj\u00face do styku s potravinami, leteck\u00fd priemysel, telekomunik\u00e1cie, skladovanie energie a komponenty elektrick\u00fdch vozidiel, n\u00e1bytok a kancel\u00e1rske vybavenie, v\u00fdrobky pre \u0161port a vo\u013en\u00fd \u010das, stavebn\u00edctvo a infra\u0161trukt\u00fara.<\/p><p>Ako autorizovan\u00fd distrib\u00fator a poskytovate\u013e materi\u00e1lov\u00fdch rie\u0161en\u00ed sme udr\u017eiavali dlhodob\u00e9 partnerstv\u00e1 s viac ako 40 celosvetovo uzn\u00e1van\u00fdmi zna\u010dkami plastov\u00fdch \u017eiv\u00edc vr\u00e1tane:<strong> SABIC, Covestro, BASF, DuPont, DSM, LG Chem, Samsung SDI, RadiciGroup, Celanese, Polyplastics, Toray, Lanxess, Mitsubishi Chemical, Asahi Kasei, Chi Mei, Lotte Chemical, EMS-GRIVORY, UBE, Arkema, RTP Company, Mitsui Chemicals, Daicel, Kuraray, ExxonMobil, Eastman, Ensinger, Victrex, Trinseo, Sumitomo Chemical, Evonik, INEOS, Kingfa a mnoho \u010fal\u0161\u00edch.<\/strong><\/p>\t\t\t\t\t\t\t\t<\/div>\n\t\t\t\t<div class=\"elementor-element elementor-element-8cecc4c elementor-widget elementor-widget-text-editor\" data-id=\"8cecc4c\" data-element_type=\"widget\" data-e-type=\"widget\" data-widget_type=\"text-editor.default\">\n\t\t\t\t\t\t\t\t\t<p>Aby sme roz\u0161\u00edrili n\u00e1\u0161 obchodn\u00fd z\u00e1ber a reagovali na vyv\u00edjaj\u00face sa potreby priemyslu, v roku 2022 sme uviedli na trh zna\u010dku MTM (Mold Trial Material) - strategick\u00fd krok zameran\u00fd na rie\u0161enie pretrv\u00e1vaj\u00facich bolestiv\u00fdch bodov vo f\u00e1ze sk\u00fa\u0161ania foriem pre v\u00fdrobn\u00fdch klientov p\u00f4sobiacich v \u010c\u00edne alebo s \u010c\u00ednou.<\/p><p>Pozorovali sme hlavn\u00e9 v\u00fdzvy, ktor\u00fdm \u010delia glob\u00e1lne t\u00edmy v\u00fdskumu a v\u00fdvoja a obstar\u00e1vania pri pr\u00edprave na sk\u00fa\u0161ky foriem v \u010c\u00edne, vr\u00e1tane:<\/p>\t\t\t\t\t\t\t\t<\/div>\n\t\t\t\t<div class=\"elementor-element elementor-element-de16b01 elementor-widget elementor-widget-text-editor\" data-id=\"de16b01\" data-element_type=\"widget\" data-e-type=\"widget\" data-widget_type=\"text-editor.default\">\n\t\t\t\t\t\t\t\t\t<ol><li>Dlh\u00e9 dodacie lehoty na dovoz \u0161pecifikovan\u00fdch druhov \u017eiv\u00edc zo zahrani\u010dia<\/li><li>Obmedzenia balenia alebo mno\u017estva v d\u00f4sledku vysok\u00fdch MOQ v\u00fdrobcov<\/li><li>Vysok\u00e9 n\u00e1klady a neefekt\u00edvnos\u0165 medzin\u00e1rodnej prepravy mal\u00fdch sk\u00fa\u0161obn\u00fdch d\u00e1vok<\/li><li>Oneskorenia coln\u00e9ho konania a zlo\u017eitos\u0165 predpisov na \u010d\u00ednskych colniciach<\/li><li>\u0164a\u017ekosti s miestnym z\u00edskavan\u00edm materi\u00e1lov \u0161pecifick\u00fdch pre dan\u00fa zna\u010dku alebo certifikovan\u00fdch materi\u00e1lov<\/li><\/ol>\t\t\t\t\t\t\t\t<\/div>\n\t\t\t\t<div class=\"elementor-element elementor-element-f531ef4 elementor-widget elementor-widget-text-editor\" data-id=\"f531ef4\" data-element_type=\"widget\" data-e-type=\"widget\" data-widget_type=\"text-editor.default\">\n\t\t\t\t\t\t\t\t\t<p>S MTM si na mieste vopred pripravujeme sk\u00fa\u0161obn\u00e9 materi\u00e1ly pod\u013ea \u0161pecifik\u00e1ci\u00ed klienta, podporujeme po\u017eiadavky na mal\u00e9 s\u00e9rie a r\u00fdchlo ich dod\u00e1vame v r\u00e1mci \u010c\u00edny, \u010d\u00edm pom\u00e1hame zahrani\u010dn\u00fdm t\u00edmom vykon\u00e1va\u0165 r\u00fdchlej\u0161ie, plynulej\u0161ie a spo\u013eahlivej\u0161ie procesy valid\u00e1cie foriem.<\/p><p>V s\u00fa\u010dasnosti je spolo\u010dnos\u0165 MTM viac ako len distrib\u00fator materi\u00e1lov - je to platforma slu\u017eieb, ktor\u00e1 sp\u00e1ja glob\u00e1lne inov\u00e1cie s miestnou realiz\u00e1ciou.<\/p>\t\t\t\t\t\t\t\t<\/div>\n\t\t\t\t\t<\/div>\n\t\t\t\t<\/div>\n\t\t\t\t<\/div>\n\t\t\t\t\t<\/div>\n\t\t\t\t<\/div>\n\t\t\t\t<\/div>","protected":false},"excerpt":{"rendered":"<p>Kto sme V\u00e1\u0161 d\u00f4veryhodn\u00fd zdroj sk\u00fa\u0161obn\u00e9ho materi\u00e1lu pre formy v \u010c\u00edne So spolo\u010dnos\u0165ou MTM u\u017e nemus\u00edte posiela\u0165 sk\u00fa\u0161obn\u00fd materi\u00e1l pre formy zo zahrani\u010dia. Po\u017eadovan\u00e9 materi\u00e1ly m\u00e1me na sklade v \u010c\u00edne, tak\u017ee v\u00e1\u0161 t\u00edm sa m\u00f4\u017ee vyhn\u00fa\u0165 dlh\u00fdm dodac\u00edm lehot\u00e1m, coln\u00fdm zdr\u017eaniam a vysok\u00fdm n\u00e1kladom na prepravu. Predskladnen\u00e9 v \u010c\u00edne Predbe\u017ene skladujeme \u0161irok\u00fa \u0161k\u00e1lu \u017eiv\u00edc v [...]<\/p>","protected":false},"author":1,"featured_media":0,"parent":0,"menu_order":0,"comment_status":"closed","ping_status":"closed","template":"","meta":{"_seopress_robots_primary_cat":"","_seopress_titles_title":"","_seopress_titles_desc":"","_seopress_robots_index":"","footnotes":""},"class_list":["post-44","page","type-page","status-publish","hentry"],"_links":{"self":[{"href":"https:\/\/www.mtmresin.com\/sk\/wp-json\/wp\/v2\/pages\/44","targetHints":{"allow":["GET"]}}],"collection":[{"href":"https:\/\/www.mtmresin.com\/sk\/wp-json\/wp\/v2\/pages"}],"about":[{"href":"https:\/\/www.mtmresin.com\/sk\/wp-json\/wp\/v2\/types\/page"}],"author":[{"embeddable":true,"href":"https:\/\/www.mtmresin.com\/sk\/wp-json\/wp\/v2\/users\/1"}],"replies":[{"embeddable":true,"href":"https:\/\/www.mtmresin.com\/sk\/wp-json\/wp\/v2\/comments?post=44"}],"version-history":[{"count":46,"href":"https:\/\/www.mtmresin.com\/sk\/wp-json\/wp\/v2\/pages\/44\/revisions"}],"predecessor-version":[{"id":267,"href":"https:\/\/www.mtmresin.com\/sk\/wp-json\/wp\/v2\/pages\/44\/revisions\/267"}],"wp:attachment":[{"href":"https:\/\/www.mtmresin.com\/sk\/wp-json\/wp\/v2\/media?parent=44"}],"curies":[{"name":"wp","href":"https:\/\/api.w.org\/{rel}","templated":true}]}}