{"id":49,"date":"2025-12-14T05:39:49","date_gmt":"2025-12-14T05:39:49","guid":{"rendered":"https:\/\/www.mtmresin.com\/?page_id=49"},"modified":"2025-12-20T13:26:03","modified_gmt":"2025-12-20T13:26:03","slug":"sluzba","status":"publish","type":"page","link":"https:\/\/www.mtmresin.com\/sk\/sluzba\/","title":{"rendered":"Slu\u017eba"},"content":{"rendered":"<div data-elementor-type=\"wp-page\" data-elementor-id=\"49\" class=\"elementor elementor-49\" data-elementor-post-type=\"page\">\n\t\t\t\t<div class=\"elementor-element elementor-element-155331cd e-flex e-con-boxed e-con e-parent\" data-id=\"155331cd\" data-element_type=\"container\" data-e-type=\"container\">\n\t\t\t\t\t<div class=\"e-con-inner\">\n\t\t<div class=\"elementor-element elementor-element-131b18a0 e-con-full e-flex e-con e-child\" data-id=\"131b18a0\" data-element_type=\"container\" data-e-type=\"container\">\n\t\t\t\t<div class=\"elementor-element elementor-element-75e9faba elementor-widget elementor-widget-heading\" data-id=\"75e9faba\" data-element_type=\"widget\" data-e-type=\"widget\" data-widget_type=\"heading.default\">\n\t\t\t\t\t<h2 class=\"elementor-heading-title elementor-size-default\">V\u0161etky slu\u017eby\n\n<\/h2>\t\t\t\t<\/div>\n\t\t\t\t<div class=\"elementor-element elementor-element-1721fa60 elementor-tablet-align-justify elementor-align-justify elementor-widget elementor-widget-button\" data-id=\"1721fa60\" data-element_type=\"widget\" data-e-type=\"widget\" data-widget_type=\"button.default\">\n\t\t\t\t\t\t\t\t\t\t<a class=\"elementor-button elementor-button-link elementor-size-sm\" href=\"#\">\n\t\t\t\t\t\t<span class=\"elementor-button-content-wrapper\">\n\t\t\t\t\t\t\t\t\t<span class=\"elementor-button-text\">Glob\u00e1lne z\u00edskavanie \u017eiv\u00edc  <\/span>\n\t\t\t\t\t<\/span>\n\t\t\t\t\t<\/a>\n\t\t\t\t\t\t\t\t<\/div>\n\t\t\t\t<div class=\"elementor-element elementor-element-4e327cfd elementor-tablet-align-justify elementor-align-justify elementor-widget elementor-widget-button\" data-id=\"4e327cfd\" data-element_type=\"widget\" data-e-type=\"widget\" data-widget_type=\"button.default\">\n\t\t\t\t\t\t\t\t\t\t<a class=\"elementor-button elementor-button-link elementor-size-sm\" href=\"#\">\n\t\t\t\t\t\t<span class=\"elementor-button-content-wrapper\">\n\t\t\t\t\t\t\t\t\t<span class=\"elementor-button-text\">podpora alternat\u00edvneho stup\u0148a<\/span>\n\t\t\t\t\t<\/span>\n\t\t\t\t\t<\/a>\n\t\t\t\t\t\t\t\t<\/div>\n\t\t\t\t<div class=\"elementor-element elementor-element-39c49580 elementor-tablet-align-justify elementor-align-justify elementor-widget elementor-widget-button\" data-id=\"39c49580\" data-element_type=\"widget\" data-e-type=\"widget\" data-widget_type=\"button.default\">\n\t\t\t\t\t\t\t\t\t\t<a class=\"elementor-button elementor-button-link elementor-size-sm\" href=\"#\">\n\t\t\t\t\t\t<span class=\"elementor-button-content-wrapper\">\n\t\t\t\t\t\t\t\t\t<span class=\"elementor-button-text\">Uk\u00e1\u017eka materi\u00e1lovej podpory  <\/span>\n\t\t\t\t\t<\/span>\n\t\t\t\t\t<\/a>\n\t\t\t\t\t\t\t\t<\/div>\n\t\t\t\t<div class=\"elementor-element elementor-element-55532616 elementor-tablet-align-justify elementor-align-justify elementor-widget elementor-widget-button\" data-id=\"55532616\" data-element_type=\"widget\" data-e-type=\"widget\" data-widget_type=\"button.default\">\n\t\t\t\t\t\t\t\t\t\t<a class=\"elementor-button elementor-button-link elementor-size-sm\" href=\"#\">\n\t\t\t\t\t\t<span class=\"elementor-button-content-wrapper\">\n\t\t\t\t\t\t\t\t\t<span class=\"elementor-button-text\">Vlastn\u00e9 prisp\u00f4sobenie farieb  <\/span>\n\t\t\t\t\t<\/span>\n\t\t\t\t\t<\/a>\n\t\t\t\t\t\t\t\t<\/div>\n\t\t\t\t<div class=\"elementor-element elementor-element-505f79be elementor-tablet-align-justify elementor-align-justify elementor-widget elementor-widget-button\" data-id=\"505f79be\" data-element_type=\"widget\" data-e-type=\"widget\" data-widget_type=\"button.default\">\n\t\t\t\t\t\t\t\t\t\t<a class=\"elementor-button elementor-button-link elementor-size-sm\" href=\"#\">\n\t\t\t\t\t\t<span class=\"elementor-button-content-wrapper\">\n\t\t\t\t\t\t\t\t\t<span class=\"elementor-button-text\">Pr\u00edstup k technick\u00fdm \u00fadajom  <\/span>\n\t\t\t\t\t<\/span>\n\t\t\t\t\t<\/a>\n\t\t\t\t\t\t\t\t<\/div>\n\t\t\t\t<div class=\"elementor-element elementor-element-711e95cf elementor-tablet-align-justify elementor-align-justify elementor-widget elementor-widget-button\" data-id=\"711e95cf\" data-element_type=\"widget\" data-e-type=\"widget\" data-widget_type=\"button.default\">\n\t\t\t\t\t\t\t\t\t\t<a class=\"elementor-button elementor-button-link elementor-size-sm\" href=\"#\">\n\t\t\t\t\t\t<span class=\"elementor-button-content-wrapper\">\n\t\t\t\t\t\t\t\t\t<span class=\"elementor-button-text\">Konzult\u00e1cie k aplik\u00e1cii<\/span>\n\t\t\t\t\t<\/span>\n\t\t\t\t\t<\/a>\n\t\t\t\t\t\t\t\t<\/div>\n\t\t<div class=\"elementor-element elementor-element-6b386448 e-con-full e-flex e-con e-child\" data-id=\"6b386448\" data-element_type=\"container\" data-e-type=\"container\" data-settings=\"{&quot;background_background&quot;:&quot;classic&quot;}\">\n\t\t\t\t<div class=\"elementor-element elementor-element-5d5c4dd0 elementor-widget elementor-widget-heading\" data-id=\"5d5c4dd0\" data-element_type=\"widget\" data-e-type=\"widget\" data-widget_type=\"heading.default\">\n\t\t\t\t\t<h2 class=\"elementor-heading-title elementor-size-default\">Ako v\u00e1m m\u00f4\u017eeme pom\u00f4c\u0165?\n<\/h2>\t\t\t\t<\/div>\n\t\t\t\t<div class=\"elementor-element elementor-element-5802c9da elementor-widget elementor-widget-text-editor\" data-id=\"5802c9da\" data-element_type=\"widget\" data-e-type=\"widget\" data-widget_type=\"text-editor.default\">\n\t\t\t\t\t\t\t\t\t<p>MTM - Va\u0161e centrum sk\u00fa\u0161obn\u00fdch materi\u00e1lov pre formy: Pripraven\u00e9, ke\u010f ste pripraven\u00ed.<\/p>\t\t\t\t\t\t\t\t<\/div>\n\t\t\t\t<div class=\"elementor-element elementor-element-424b0c1b elementor-position-inline-start elementor-view-default elementor-mobile-position-block-start elementor-widget elementor-widget-icon-box\" data-id=\"424b0c1b\" data-element_type=\"widget\" data-e-type=\"widget\" data-widget_type=\"icon-box.default\">\n\t\t\t\t\t\t\t<div class=\"elementor-icon-box-wrapper\">\n\n\t\t\t\t\t\t<div class=\"elementor-icon-box-icon\">\n\t\t\t\t<span  class=\"elementor-icon\">\n\t\t\t\t<i aria-hidden=\"true\" class=\"icon icon-phone-call1\"><\/i>\t\t\t\t<\/span>\n\t\t\t<\/div>\n\t\t\t\n\t\t\t\t\t\t<div class=\"elementor-icon-box-content\">\n\n\t\t\t\t\t\t\t\t\t<h3 class=\"elementor-icon-box-title\">\n\t\t\t\t\t\t<span  >\n\t\t\t\t\t\t\tKontakt\t\t\t\t\t\t<\/span>\n\t\t\t\t\t<\/h3>\n\t\t\t\t\n\t\t\t\t\t\t\t\t\t<p class=\"elementor-icon-box-description\">\n\t\t\t\t\t\t+86 18925855152\n<br>\ninfo@mtmresin.com\n\t\t\t\t\t<\/p>\n\t\t\t\t\n\t\t\t<\/div>\n\t\t\t\n\t\t<\/div>\n\t\t\t\t\t\t<\/div>\n\t\t\t\t<\/div>\n\t\t\t\t<\/div>\n\t\t<div class=\"elementor-element elementor-element-ceaf81f e-con-full e-flex e-con e-child\" data-id=\"ceaf81f\" data-element_type=\"container\" data-e-type=\"container\">\n\t\t\t\t<div class=\"elementor-element elementor-element-5c97d9d elementor-widget elementor-widget-heading\" data-id=\"5c97d9d\" data-element_type=\"widget\" data-e-type=\"widget\" data-widget_type=\"heading.default\">\n\t\t\t\t\t<h2 class=\"elementor-heading-title elementor-size-default\">D\u00f4veryhodn\u00e9 glob\u00e1lne zna\u010dky materi\u00e1lov<\/h2>\t\t\t\t<\/div>\n\t\t\t\t<div class=\"elementor-element elementor-element-d010b7d elementor-widget elementor-widget-text-editor\" data-id=\"d010b7d\" data-element_type=\"widget\" data-e-type=\"widget\" data-widget_type=\"text-editor.default\">\n\t\t\t\t\t\t\t\t\t<p>Spolupracujeme so svetozn\u00e1mymi v\u00fdrobcami polym\u00e9rov, aby sme mohli poskytova\u0165 konzistentn\u00e9, vysoko v\u00fdkonn\u00e9 materi\u00e1lov\u00e9 rie\u0161enia.<\/p><p>V spolo\u010dnosti MTM (Mold Trial Material) spolupracujeme s popredn\u00fdmi svetov\u00fdmi dod\u00e1vate\u013emi, aby sme poskytli technick\u00e9 plasty, vysoko v\u00fdkonn\u00e9 polym\u00e9ry a mo\u017enosti na biologickej b\u00e1ze pre \u0161irok\u00fa \u0161k\u00e1lu priemyseln\u00fdch odvetv\u00ed.<\/p><p>\u010ci u\u017e potrebujete alternat\u00edvny zdroj, pr\u00edstup k technick\u00fdm \u00fadajom alebo technick\u00fa zhodu, n\u00e1\u0161 t\u00edm v\u00e1m zabezpe\u010d\u00ed spo\u013eahliv\u00fa podporu a transparentn\u00fa koordin\u00e1ciu v ka\u017edom kroku.<\/p>\t\t\t\t\t\t\t\t<\/div>\n\t\t\t\t<div class=\"elementor-element elementor-element-6a145785 elementor-widget elementor-widget-image\" data-id=\"6a145785\" data-element_type=\"widget\" data-e-type=\"widget\" data-widget_type=\"image.default\">\n\t\t\t\t\t\t\t\t\t\t\t\t\t\t\t<img alt=\"\" fetchpriority=\"high\" decoding=\"async\" width=\"990\" height=\"583\" src=\"https:\/\/www.mtmresin.com\/wp-content\/uploads\/2025\/12\/our-suppliers.webp\" class=\"attachment-full size-full wp-image-230\" srcset=\"https:\/\/www.mtmresin.com\/wp-content\/uploads\/2025\/12\/our-suppliers.webp 990w, https:\/\/www.mtmresin.com\/wp-content\/uploads\/2025\/12\/our-suppliers-300x177.webp 300w, https:\/\/www.mtmresin.com\/wp-content\/uploads\/2025\/12\/our-suppliers-768x452.webp 768w\" sizes=\"(max-width: 990px) 100vw, 990px\" \/>\t\t\t\t\t\t\t\t\t\t\t\t\t\t\t<\/div>\n\t\t\t\t<div class=\"elementor-element elementor-element-17829d94 elementor-widget elementor-widget-heading\" data-id=\"17829d94\" data-element_type=\"widget\" data-e-type=\"widget\" data-widget_type=\"heading.default\">\n\t\t\t\t\t<h2 class=\"elementor-heading-title elementor-size-default\">Predskladnen\u00e9 technick\u00e9 \u017eivice - pripraven\u00e9, ke\u010f ich potrebujete\n<\/h2>\t\t\t\t<\/div>\n\t\t\t\t<div class=\"elementor-element elementor-element-12dc4a1a elementor-widget elementor-widget-text-editor\" data-id=\"12dc4a1a\" data-element_type=\"widget\" data-e-type=\"widget\" data-widget_type=\"text-editor.default\">\n\t\t\t\t\t\t\t\t\t<p>V spolo\u010dnosti MTM pom\u00e1hame glob\u00e1lnym t\u00edmom zjednodu\u0161i\u0165 f\u00e1zu sk\u00fa\u0161ania foriem v \u010c\u00edne rie\u0161en\u00edm oneskorenia dod\u00e1vok materi\u00e1lu. Namiesto \u010dakania na z\u00e1sielky zo zahrani\u010dia je va\u0161a sk\u00fa\u0161obn\u00e1 \u017eivica u\u017e tu - uskladnen\u00e1 na mieste a pripraven\u00e1 na pou\u017eitie. \u010ci u\u017e potrebujete zna\u010dkov\u00e9 materi\u00e1ly alebo ekvivalentn\u00e9 triedy, na\u0161e rie\u0161enie predskladovania v\u00e1m poskytuje r\u00fdchlej\u0161\u00ed pr\u00edstup s ni\u017e\u0161\u00edmi logistick\u00fdmi n\u00e1kladmi a nulov\u00fdmi coln\u00fdmi probl\u00e9mami.<\/p><p>Ka\u017ed\u00fd projekt je in\u00fd. Preto podporujeme flexibiln\u00e9 pl\u00e1ny zalo\u017een\u00e9 na \u0161pecifik\u00e1ci\u00e1ch \u017eivice z\u00e1kazn\u00edka, harmonogramoch lisovne a naliehav\u00fdch term\u00ednoch testovania. Na\u0161e miestne z\u00e1soby skracuj\u00fa prestoje, zabra\u0148uj\u00fa oneskoreniu projektu a udr\u017eiavaj\u00fa v\u00e1\u0161 t\u00edm na ceste k r\u00fdchlej iter\u00e1cii a v\u010dasn\u00e9mu dodaniu.<\/p>\t\t\t\t\t\t\t\t<\/div>\n\t\t\t\t<div class=\"elementor-element elementor-element-64fa2b05 elementor-widget elementor-widget-heading\" data-id=\"64fa2b05\" data-element_type=\"widget\" data-e-type=\"widget\" data-widget_type=\"heading.default\">\n\t\t\t\t\t<h2 class=\"elementor-heading-title elementor-size-default\">N\u00e1\u0161 dod\u00e1vate\u013esk\u00fd proces pre sk\u00fa\u0161ky foriem\n<\/h2>\t\t\t\t<\/div>\n\t\t\t\t<div class=\"elementor-element elementor-element-38bf780e elementor-widget elementor-widget-text-editor\" data-id=\"38bf780e\" data-element_type=\"widget\" data-e-type=\"widget\" data-widget_type=\"text-editor.default\">\n\t\t\t\t\t\t\t\t\t<p>Spolo\u010dnos\u0165 MTM sa postar\u00e1 o to, aby boli va\u0161e sk\u00fa\u0161obn\u00e9 materi\u00e1ly pripraven\u00e9 v ka\u017edom kroku, od dopytu a\u017e po dodanie. Zabezpe\u010d\u00edme \u00fapln\u00fd s\u00falad s va\u0161ou \u0161pecifik\u00e1ciou materi\u00e1lu, \u010dasov\u00fdm harmonogramom a cie\u013emi testovania.<\/p>\t\t\t\t\t\t\t\t<\/div>\n\t\t\t\t<div class=\"elementor-element elementor-element-24f71f27 elementor-widget elementor-widget-heading\" data-id=\"24f71f27\" data-element_type=\"widget\" data-e-type=\"widget\" data-widget_type=\"heading.default\">\n\t\t\t\t\t<h2 class=\"elementor-heading-title elementor-size-default\">1. Kontrola po\u017eiadaviek na materi\u00e1l\n\n<\/h2>\t\t\t\t<\/div>\n\t\t\t\t<div class=\"elementor-element elementor-element-6c7c541f elementor-widget elementor-widget-text-editor\" data-id=\"6c7c541f\" data-element_type=\"widget\" data-e-type=\"widget\" data-widget_type=\"text-editor.default\">\n\t\t\t\t\t\t\t\t\t<p>Zad\u00e1te svoju zna\u010dku alebo \u0161pecifik\u00e1ciu \u017eivice. Potvrd\u00edme, \u010di je na na\u0161om miestnom sklade dostupn\u00e1 presn\u00e1 zhoda alebo ekvivalent. V pr\u00edpade potreby pom\u00f4\u017eeme n\u00e1js\u0165 kompatibiln\u00e9 n\u00e1hrady s porovnan\u00edm TDS.<\/p>\t\t\t\t\t\t\t\t<\/div>\n\t\t\t\t<div class=\"elementor-element elementor-element-52224f2c elementor-widget elementor-widget-heading\" data-id=\"52224f2c\" data-element_type=\"widget\" data-e-type=\"widget\" data-widget_type=\"heading.default\">\n\t\t\t\t\t<h2 class=\"elementor-heading-title elementor-size-default\">2. Potvrdenie \u0161pecifik\u00e1cie a koordin\u00e1cia reakci\u00ed\n\n\n<\/h2>\t\t\t\t<\/div>\n\t\t\t\t<div class=\"elementor-element elementor-element-90f4b4e elementor-widget elementor-widget-text-editor\" data-id=\"90f4b4e\" data-element_type=\"widget\" data-e-type=\"widget\" data-widget_type=\"text-editor.default\">\n\t\t\t\t\t\t\t\t\t<p>Na z\u00e1klade va\u0161ej po\u017eiadavky dvakr\u00e1t skontrolujeme zna\u010dku, triedu a \u0161pecifik\u00e1ciu ka\u017ed\u00e9ho materi\u00e1lu. Ak je potrebn\u00e9 ak\u00e9ko\u013evek spresnenie, okam\u017eite sa dohodneme s va\u0161\u00edm t\u00edmom, aby sme sa uistili, \u017ee v\u0161etko je v s\u00falade pred odoslan\u00edm. Na\u0161ou \u00falohou je zabezpe\u010di\u0165, aby ste dostali spr\u00e1vny materi\u00e1l - pod\u013ea objedn\u00e1vky, bez oneskorenia.<\/p>\t\t\t\t\t\t\t\t<\/div>\n\t\t\t\t<div class=\"elementor-element elementor-element-15ce7128 elementor-widget elementor-widget-heading\" data-id=\"15ce7128\" data-element_type=\"widget\" data-e-type=\"widget\" data-widget_type=\"heading.default\">\n\t\t\t\t\t<h2 class=\"elementor-heading-title elementor-size-default\">3. Miestne dodanie a r\u00fdchle z\u00e1sobovanie\n\n\n\n<\/h2>\t\t\t\t<\/div>\n\t\t\t\t<div class=\"elementor-element elementor-element-36d96465 elementor-widget elementor-widget-text-editor\" data-id=\"36d96465\" data-element_type=\"widget\" data-e-type=\"widget\" data-widget_type=\"text-editor.default\">\n\t\t\t\t\t\t\t\t\t<p>Po potvrden\u00ed dod\u00e1vame materi\u00e1ly priamo do va\u0161ej lisovne v \u010c\u00edne. \u017diadne oneskorenia pri colnom odbaven\u00ed. \u017diadne \u010dakanie na zahrani\u010dn\u00fa prepravu. Len r\u00fdchly miestny pr\u00edstup.<\/p>\t\t\t\t\t\t\t\t<\/div>\n\t\t\t\t<\/div>\n\t\t\t\t\t<\/div>\n\t\t\t\t<\/div>\n\t\t\t\t<\/div>","protected":false},"excerpt":{"rendered":"<p>V\u0161etky slu\u017eby Glob\u00e1lne vyh\u013ead\u00e1vanie \u017eiv\u00edc Alternat\u00edvna podpora pre triedu Podpora vzoriek Materi\u00e1lov\u00e1 podpora Z\u00e1kazn\u00edcke prisp\u00f4sobenie farieb Pr\u00edstup k technick\u00fdm \u00fadajom Konzult\u00e1cie k aplik\u00e1ci\u00e1m Ako v\u00e1m m\u00f4\u017eeme pom\u00f4c\u0165? MTM - va\u0161e centrum sk\u00fa\u0161obn\u00fdch materi\u00e1lov pre formy: Pripraven\u00fd, ke\u010f ste vy. Kontakt +86 18925855152 info@mtmresin.com D\u00f4veryhodn\u00e9 glob\u00e1lne zna\u010dky materi\u00e1lov Spolupracujeme so svetovo uzn\u00e1van\u00fdmi v\u00fdrobcami polym\u00e9rov, aby sme v\u00e1m mohli dod\u00e1va\u0165 konzistentn\u00e9, [...]<\/p>","protected":false},"author":1,"featured_media":0,"parent":0,"menu_order":0,"comment_status":"closed","ping_status":"closed","template":"","meta":{"_seopress_robots_primary_cat":"","_seopress_titles_title":"","_seopress_titles_desc":"","_seopress_robots_index":"","footnotes":""},"class_list":["post-49","page","type-page","status-publish","hentry"],"_links":{"self":[{"href":"https:\/\/www.mtmresin.com\/sk\/wp-json\/wp\/v2\/pages\/49","targetHints":{"allow":["GET"]}}],"collection":[{"href":"https:\/\/www.mtmresin.com\/sk\/wp-json\/wp\/v2\/pages"}],"about":[{"href":"https:\/\/www.mtmresin.com\/sk\/wp-json\/wp\/v2\/types\/page"}],"author":[{"embeddable":true,"href":"https:\/\/www.mtmresin.com\/sk\/wp-json\/wp\/v2\/users\/1"}],"replies":[{"embeddable":true,"href":"https:\/\/www.mtmresin.com\/sk\/wp-json\/wp\/v2\/comments?post=49"}],"version-history":[{"count":40,"href":"https:\/\/www.mtmresin.com\/sk\/wp-json\/wp\/v2\/pages\/49\/revisions"}],"predecessor-version":[{"id":285,"href":"https:\/\/www.mtmresin.com\/sk\/wp-json\/wp\/v2\/pages\/49\/revisions\/285"}],"wp:attachment":[{"href":"https:\/\/www.mtmresin.com\/sk\/wp-json\/wp\/v2\/media?parent=49"}],"curies":[{"name":"wp","href":"https:\/\/api.w.org\/{rel}","templated":true}]}}